{"id":9973,"date":"2024-06-20T14:50:24","date_gmt":"2024-06-20T14:50:24","guid":{"rendered":"https:\/\/www.smekk.be\/product\/flaming-dust-melange-depices-50g-bio\/"},"modified":"2025-11-25T22:07:34","modified_gmt":"2025-11-25T22:07:34","slug":"flaming-dust-melange-depices-50g-bio","status":"publish","type":"product","link":"https:\/\/www.smekk.be\/fr\/produit\/flaming-dust-melange-depices-50g-bio\/","title":{"rendered":"Flaming Dust &#8211; m\u00e9lange d&rsquo;\u00e9pices (50g) \u2013 BIO"},"content":{"rendered":"<h1><strong>Flaming Dust m\u00e9lange d&rsquo;\u00e9pices (50g) \u2013 BIO<\/strong><\/h1>\n<p>Transformez chaque barbecue en un v\u00e9ritable festival de saveurs avec le <strong>Flaming Dust<\/strong>, le m\u00e9lange d\u2019\u00e9pices prim\u00e9 de<a href=\"https:\/\/www.smekk.be\/fr\/marques\/mill-mortar\/\"> Mill &amp; Mortar<\/a>. Ce rub \u00e9pic\u00e9 et fum\u00e9 associe des herbes et \u00e9pices biologiques soigneusement s\u00e9lectionn\u00e9es, telles que le fenouil, la poudre de r\u00e9glisse, la badiane, le gingembre et l\u2019origan, avec une touche intense de paprika fum\u00e9 et de Dilip&rsquo;s Chili.<br \/>Le r\u00e9sultat ? Une saveur in\u00e9gal\u00e9e, reconnue par sa premi\u00e8re place au Championnat Danois de BBQ.   <\/p>\n<p>Le Flaming Dust peut \u00eatre utilis\u00e9 pour assaisonner tous types de viandes, mais il r\u00e9v\u00e8le toute sa richesse avec le poulet et le porc. Son \u00e9quilibre parfait entre \u00e9pic\u00e9, sucr\u00e9, fum\u00e9 et relev\u00e9 apporte une profondeur de go\u00fbt qui sublimera vos plats.<br \/>Alors, \u00eates-vous pr\u00eat \u00e0 remporter le prix du \u00ab\u00a0meilleur barbecue du quartier\u00a0\u00bb ?  <\/p>\n<p>&nbsp;<\/p>\n<h2><strong>Pourquoi choisir le m\u00e9lange d\u2019\u00e9pices Flaming Dust ?<\/strong><\/h2>\n<ul>\n<li><strong>Saveur prim\u00e9e<\/strong> : Laur\u00e9at du<strong> prix \u00ab\u00a0Best Grill Rub\u00a0\u00bb<\/strong> lors du Championnat danois de BBQ.<\/li>\n<li><strong>\u00c9quilibre parfait<\/strong> : L\u2019association <strong>du fenouil, de la badiane (anis \u00e9toil\u00e9), du gingembre et de la poudre<\/strong> de r\u00e9glisse est rehauss\u00e9e par une touche intense d<strong>e paprika fum\u00e9 et de flocons de piment.<\/strong><\/li>\n<li><strong>Polyvalence d&rsquo;utilisation<\/strong> : D\u00e9licieux avec la viande et les l\u00e9gumes. Id\u00e9al comme <strong>rub pour BBQ<\/strong>, marinade ou touche finale sur vos plats. <\/li>\n<li><strong>100 % biologique<\/strong> : Compos\u00e9 d\u2019\u00e9pices et d\u2019herbes biologiques <a href=\"https:\/\/www.smekk.be\/fr\/product-categorie\/epices\/\">soigneusement s\u00e9lectionn\u00e9es<\/a>.<\/li>\n<\/ul>\n<p>&nbsp;<\/p>\n<p>D\u00e9couvrez \u00e9galement nos autres favoris pour le BBQ : <a href=\"https:\/\/www.smekk.be\/fr\/produit\/smokey-sally-melange-depices-50g-bio\/\">Smokey Sally<\/a> (parfait pour la viande) et <a href=\"https:\/\/www.smekk.be\/fr\/produit\/mermaids-bite-kruidenmix-40g-bio\/\">Mermaid&rsquo;s Bite<\/a> (id\u00e9al pour le poisson et les fruits de mer).<\/p>\n<p>&nbsp;<\/p>\n<h2><strong>Comment utiliser le m\u00e9lange d\u2019\u00e9pices Flaming Dust ?<\/strong><\/h2>\n<ul>\n<li><strong>Rub BBQ pour poulet &amp; porc <\/strong>: Frottez directement le m\u00e9lange d\u2019\u00e9pices sur la viande ou m\u00e9langez-le avec de l\u2019huile pour une marinade encore plus savoureuse.<\/li>\n<li><strong>Marinade pour viande <\/strong>: M\u00e9langez 2 cuill\u00e8res \u00e0 caf\u00e9 de sel, 2 cuill\u00e8res \u00e0 caf\u00e9 de sucre brun et 1,5 cuill\u00e8re \u00e0 caf\u00e9 de Flaming Dust. Frottez ensuite la rub sur la viande et laissez mariner au moins 30 minutes avant de la griller ou de la frire. <\/li>\n<li><strong>L\u00e9gumes grill\u00e9s<\/strong> : Saupoudrez une pinc\u00e9e de Flaming Dust sur des l\u00e9gumes r\u00f4tis comme le poivron, la courgette ou l\u2019aubergine.<\/li>\n<li><strong>Dips &amp; sauces <\/strong>: Ajoutez-en \u00e0 de <strong>la mayonnaise, du yaourt ou une sauce BBQ<\/strong> pour une saveur fum\u00e9e et \u00e9pic\u00e9e.<\/li>\n<li><strong>Frites ou pommes de terre \u00e9pic\u00e9es <\/strong>: Saupoudrez vos frites ou quartiers de pommes de terre avec Flaming Dust pour une touche \u00e9pic\u00e9e et savoureuse.<\/li>\n<li><strong>Poulet croustillant<\/strong> : M\u00e9langez avec de la farine pour obtenir une panure \u00e9pic\u00e9e et croustillante sur le poulet.<\/li>\n<\/ul>\n<h2><strong>Ingredi\u00ebnten:<\/strong><\/h2>\n<p><a href=\"https:\/\/www.smekk.be\/product\/venkelzaad-ongemalen-40g-bio\/?_gl=1*41vpom*_up*MQ..*_ga*MTY2NDg3NjQ0OC4xNzQwMTM0OTI5*_ga_G7BKL3J5M7*MTc0MDEzNDkyOC4xLjAuMTc0MDEzNDkyOC4wLjAuMA..\">Fenouil<\/a>, <a href=\"https:\/\/www.smekk.be\/product\/gemberpoeder-50g-bio\/?_gl=1*1gkc66u*_up*MQ..*_ga*MjA0MzMyMzAwLjE3NDAxMzQ5ODA.*_ga_G7BKL3J5M7*MTc0MDEzNDk3OC4xLjAuMTc0MDEzNDk3OC4wLjAuMA..\">gingembre<\/a>, poudre de r\u00e9glisse, <a href=\"https:\/\/www.smekk.be\/fr\/produit\/la-badiane-anis-etoile-30g-bio\/\">badiane<\/a> (anis \u00e9toil\u00e9), <a href=\"https:\/\/www.smekk.be\/product\/chili-pul-biber-aleppo-peper-45g-bio\/\">piment<\/a>, <a href=\"https:\/\/www.smekk.be\/produit\/oregano-16g-bio\/\">origan<\/a>, <a href=\"https:\/\/www.smekk.be\/fr\/produit\/paprika-doux-fume-50g-bio\/\">paprika fum\u00e9<\/a>, <a href=\"https:\/\/www.smekk.be\/fr\/produit\/cayenne-peper-45g-bio\/\">piment de Cayenne<\/a>.<br \/>4o<br \/>.<\/p>\n<p>(* = Biologique)<\/p>\n<h2><strong>Plus d&rsquo;inspiration :<\/strong><\/h2>\n<blockquote class=\"wp-embedded-content\" data-secret=\"wUtyM8mcSI\"><p><a href=\"https:\/\/www.smekk.be\/fr\/recept\/flaming-dust-vis-brochette\/\">Flaming Dust Vis Brochette<\/a><\/p><\/blockquote>\n<p><iframe class=\"wp-embedded-content\" sandbox=\"allow-scripts\" security=\"restricted\" style=\"position: absolute; visibility: hidden;\" title=\"\u00ab\u00a0Flaming Dust Vis Brochette\u00a0\u00bb &#8212; smekk\" src=\"https:\/\/www.smekk.be\/fr\/recept\/flaming-dust-vis-brochette\/embed\/#?secret=g6Y78UFXXN#?secret=wUtyM8mcSI\" data-secret=\"wUtyM8mcSI\" width=\"500\" height=\"282\" frameborder=\"0\" marginwidth=\"0\" marginheight=\"0\" scrolling=\"no\"><\/iframe><\/p>\n<p>&nbsp;<\/p>\n<blockquote class=\"wp-embedded-content\" data-secret=\"T8Pw7LKFEu\"><p><a href=\"https:\/\/www.smekk.be\/fr\/recept\/salade-de-courgette-aubergine\/\">Salade van courgette &amp; aubergine<\/a><\/p><\/blockquote>\n<p><iframe class=\"wp-embedded-content\" sandbox=\"allow-scripts\" security=\"restricted\" style=\"position: absolute; visibility: hidden;\" title=\"\u00ab\u00a0Salade van courgette &amp; aubergine\u00a0\u00bb &#8212; smekk\" src=\"https:\/\/www.smekk.be\/fr\/recept\/salade-de-courgette-aubergine\/embed\/#?secret=YcOinxlVSr#?secret=T8Pw7LKFEu\" data-secret=\"T8Pw7LKFEu\" width=\"500\" height=\"282\" frameborder=\"0\" marginwidth=\"0\" marginheight=\"0\" scrolling=\"no\"><\/iframe><\/p>\n<p>&nbsp;<\/p>\n<p>&nbsp;<\/p>\n<p>&nbsp;<\/p>\n","protected":false},"excerpt":{"rendered":"<p>Un d\u00e9licieux m\u00e9lange d&rsquo;\u00e9pices pour griller viandes et poissons. Flaming Dust est reconnu comme l&rsquo;un des meilleurs \u00ab\u00a0Grill Rubs\u00a0\u00bb pour le barbecue. <\/p>\n","protected":false},"featured_media":8440,"comment_status":"open","ping_status":"closed","template":"","meta":{"_acf_changed":false},"product_brand":[],"product_cat":[266,268],"product_tag":[],"class_list":{"0":"post-9973","1":"product","2":"type-product","3":"status-publish","4":"has-post-thumbnail","6":"product_cat-epices","7":"product_cat-melange-depices-fr","9":"first","10":"instock","11":"taxable","12":"shipping-taxable","13":"purchasable","14":"product-type-simple"},"acf":{"ean_code":"5710175131168","alleen_voor_retailers":false,"alleen_voor_particulieren":false,"terug_op_voorraad_vanaf":null,"bulk_discount_threshold":9,"horeca_pack":false,"cera_discount_percentage":""},"yoast_head":"<!-- This site is optimized with the Yoast SEO plugin v27.0 - https:\/\/yoast.com\/product\/yoast-seo-wordpress\/ -->\n<title>Flaming Dust - m\u00e9lange d&#039;\u00e9pices (50g) \u2013 BIO - smekk<\/title>\n<meta name=\"description\" content=\"Flaming Dust de Mill &amp; Mortar : un rub BBQ prim\u00e9 \u00e0 base de fenouil, r\u00e9glisse, paprika fum\u00e9 et piment. Parfait pour le poulet et le porc !\" \/>\n<meta name=\"robots\" content=\"index, follow, max-snippet:-1, max-image-preview:large, max-video-preview:-1\" \/>\n<link rel=\"canonical\" href=\"https:\/\/www.smekk.be\/fr\/produit\/flaming-dust-melange-depices-50g-bio\/\" \/>\n<meta property=\"og:locale\" content=\"fr_FR\" \/>\n<meta property=\"og:type\" content=\"article\" \/>\n<meta property=\"og:title\" content=\"Flaming Dust - m\u00e9lange d&#039;\u00e9pices (50g) \u2013 BIO - smekk\" \/>\n<meta property=\"og:description\" content=\"Flaming Dust de Mill &amp; Mortar : un rub BBQ prim\u00e9 \u00e0 base de fenouil, r\u00e9glisse, paprika fum\u00e9 et piment. Parfait pour le poulet et le porc !\" \/>\n<meta property=\"og:url\" content=\"https:\/\/www.smekk.be\/fr\/produit\/flaming-dust-melange-depices-50g-bio\/\" \/>\n<meta property=\"og:site_name\" content=\"smekk\" \/>\n<meta property=\"article:modified_time\" content=\"2025-11-25T22:07:34+00:00\" \/>\n<meta property=\"og:image\" content=\"https:\/\/www.smekk.be\/wp-content\/uploads\/05710175131168_korting.jpg\" \/>\n\t<meta property=\"og:image:width\" content=\"1417\" \/>\n\t<meta property=\"og:image:height\" content=\"1654\" \/>\n\t<meta property=\"og:image:type\" content=\"image\/jpeg\" \/>\n<meta name=\"twitter:card\" content=\"summary_large_image\" \/>\n<meta name=\"twitter:label1\" content=\"Dur\u00e9e de lecture estim\u00e9e\" \/>\n\t<meta name=\"twitter:data1\" content=\"2 minutes\" \/>\n<script type=\"application\/ld+json\" class=\"yoast-schema-graph\">{\"@context\":\"https:\/\/schema.org\",\"@graph\":[{\"@type\":\"WebPage\",\"@id\":\"https:\/\/www.smekk.be\/fr\/produit\/flaming-dust-melange-depices-50g-bio\/\",\"url\":\"https:\/\/www.smekk.be\/fr\/produit\/flaming-dust-melange-depices-50g-bio\/\",\"name\":\"Flaming Dust - m\u00e9lange d'\u00e9pices (50g) \u2013 BIO - smekk\",\"isPartOf\":{\"@id\":\"https:\/\/www.smekk.be\/fr\/#website\"},\"primaryImageOfPage\":{\"@id\":\"https:\/\/www.smekk.be\/fr\/produit\/flaming-dust-melange-depices-50g-bio\/#primaryimage\"},\"image\":{\"@id\":\"https:\/\/www.smekk.be\/fr\/produit\/flaming-dust-melange-depices-50g-bio\/#primaryimage\"},\"thumbnailUrl\":\"https:\/\/www.smekk.be\/wp-content\/uploads\/Flaming-duts-.jpg\",\"datePublished\":\"2024-06-20T14:50:24+00:00\",\"dateModified\":\"2025-11-25T22:07:34+00:00\",\"description\":\"Flaming Dust de Mill & Mortar : un rub BBQ prim\u00e9 \u00e0 base de fenouil, r\u00e9glisse, paprika fum\u00e9 et piment. Parfait pour le poulet et le porc !\",\"breadcrumb\":{\"@id\":\"https:\/\/www.smekk.be\/fr\/produit\/flaming-dust-melange-depices-50g-bio\/#breadcrumb\"},\"inLanguage\":\"fr-FR\",\"potentialAction\":[{\"@type\":\"ReadAction\",\"target\":[\"https:\/\/www.smekk.be\/fr\/produit\/flaming-dust-melange-depices-50g-bio\/\"]}]},{\"@type\":\"ImageObject\",\"inLanguage\":\"fr-FR\",\"@id\":\"https:\/\/www.smekk.be\/fr\/produit\/flaming-dust-melange-depices-50g-bio\/#primaryimage\",\"url\":\"https:\/\/www.smekk.be\/wp-content\/uploads\/Flaming-duts-.jpg\",\"contentUrl\":\"https:\/\/www.smekk.be\/wp-content\/uploads\/Flaming-duts-.jpg\",\"width\":1417,\"height\":1654,\"caption\":\"Een heerlijke kruidenmix voor het grillen van vis en vlees. Flaming Dust staat bekend als een van de beste \u2018Grill Rubs\u2019 voor de BBQ.\"},{\"@type\":\"BreadcrumbList\",\"@id\":\"https:\/\/www.smekk.be\/fr\/produit\/flaming-dust-melange-depices-50g-bio\/#breadcrumb\",\"itemListElement\":[{\"@type\":\"ListItem\",\"position\":1,\"name\":\"Home\",\"item\":\"https:\/\/www.smekk.be\/fr\/\"},{\"@type\":\"ListItem\",\"position\":2,\"name\":\"Boutique\",\"item\":\"https:\/\/www.smekk.be\/fr\/boutique\/\"},{\"@type\":\"ListItem\",\"position\":3,\"name\":\"Flaming Dust &#8211; m\u00e9lange d&#8217;\u00e9pices (50g) \u2013 BIO\"}]},{\"@type\":\"WebSite\",\"@id\":\"https:\/\/www.smekk.be\/fr\/#website\",\"url\":\"https:\/\/www.smekk.be\/fr\/\",\"name\":\"Smekk\",\"description\":\"taste the story\",\"publisher\":{\"@id\":\"https:\/\/www.smekk.be\/fr\/#organization\"},\"potentialAction\":[{\"@type\":\"SearchAction\",\"target\":{\"@type\":\"EntryPoint\",\"urlTemplate\":\"https:\/\/www.smekk.be\/fr\/?s={search_term_string}\"},\"query-input\":{\"@type\":\"PropertyValueSpecification\",\"valueRequired\":true,\"valueName\":\"search_term_string\"}}],\"inLanguage\":\"fr-FR\"},{\"@type\":\"Organization\",\"@id\":\"https:\/\/www.smekk.be\/fr\/#organization\",\"name\":\"Smekk\",\"url\":\"https:\/\/www.smekk.be\/fr\/\",\"logo\":{\"@type\":\"ImageObject\",\"inLanguage\":\"fr-FR\",\"@id\":\"https:\/\/www.smekk.be\/fr\/#\/schema\/logo\/image\/\",\"url\":\"https:\/\/www.smekk.be\/wp-content\/uploads\/2024\/04\/Smekk_Logo_RGB_Logo-Origineel-Groen.png\",\"contentUrl\":\"https:\/\/www.smekk.be\/wp-content\/uploads\/2024\/04\/Smekk_Logo_RGB_Logo-Origineel-Groen.png\",\"width\":1920,\"height\":332,\"caption\":\"Smekk\"},\"image\":{\"@id\":\"https:\/\/www.smekk.be\/fr\/#\/schema\/logo\/image\/\"},\"sameAs\":[\"https:\/\/www.instagram.com\/smekkbe\/\"]}]}<\/script>\n<!-- \/ Yoast SEO plugin. -->","yoast_head_json":{"title":"Flaming Dust - m\u00e9lange d'\u00e9pices (50g) \u2013 BIO - smekk","description":"Flaming Dust de Mill & Mortar : un rub BBQ prim\u00e9 \u00e0 base de fenouil, r\u00e9glisse, paprika fum\u00e9 et piment. Parfait pour le poulet et le porc !","robots":{"index":"index","follow":"follow","max-snippet":"max-snippet:-1","max-image-preview":"max-image-preview:large","max-video-preview":"max-video-preview:-1"},"canonical":"https:\/\/www.smekk.be\/fr\/produit\/flaming-dust-melange-depices-50g-bio\/","og_locale":"fr_FR","og_type":"article","og_title":"Flaming Dust - m\u00e9lange d'\u00e9pices (50g) \u2013 BIO - smekk","og_description":"Flaming Dust de Mill & Mortar : un rub BBQ prim\u00e9 \u00e0 base de fenouil, r\u00e9glisse, paprika fum\u00e9 et piment. Parfait pour le poulet et le porc !","og_url":"https:\/\/www.smekk.be\/fr\/produit\/flaming-dust-melange-depices-50g-bio\/","og_site_name":"smekk","article_modified_time":"2025-11-25T22:07:34+00:00","og_image":[{"width":1417,"height":1654,"url":"https:\/\/www.smekk.be\/wp-content\/uploads\/05710175131168_korting.jpg","type":"image\/jpeg"}],"twitter_card":"summary_large_image","twitter_misc":{"Dur\u00e9e de lecture estim\u00e9e":"2 minutes"},"schema":{"@context":"https:\/\/schema.org","@graph":[{"@type":"WebPage","@id":"https:\/\/www.smekk.be\/fr\/produit\/flaming-dust-melange-depices-50g-bio\/","url":"https:\/\/www.smekk.be\/fr\/produit\/flaming-dust-melange-depices-50g-bio\/","name":"Flaming Dust - m\u00e9lange d'\u00e9pices (50g) \u2013 BIO - smekk","isPartOf":{"@id":"https:\/\/www.smekk.be\/fr\/#website"},"primaryImageOfPage":{"@id":"https:\/\/www.smekk.be\/fr\/produit\/flaming-dust-melange-depices-50g-bio\/#primaryimage"},"image":{"@id":"https:\/\/www.smekk.be\/fr\/produit\/flaming-dust-melange-depices-50g-bio\/#primaryimage"},"thumbnailUrl":"https:\/\/www.smekk.be\/wp-content\/uploads\/Flaming-duts-.jpg","datePublished":"2024-06-20T14:50:24+00:00","dateModified":"2025-11-25T22:07:34+00:00","description":"Flaming Dust de Mill & Mortar : un rub BBQ prim\u00e9 \u00e0 base de fenouil, r\u00e9glisse, paprika fum\u00e9 et piment. Parfait pour le poulet et le porc !","breadcrumb":{"@id":"https:\/\/www.smekk.be\/fr\/produit\/flaming-dust-melange-depices-50g-bio\/#breadcrumb"},"inLanguage":"fr-FR","potentialAction":[{"@type":"ReadAction","target":["https:\/\/www.smekk.be\/fr\/produit\/flaming-dust-melange-depices-50g-bio\/"]}]},{"@type":"ImageObject","inLanguage":"fr-FR","@id":"https:\/\/www.smekk.be\/fr\/produit\/flaming-dust-melange-depices-50g-bio\/#primaryimage","url":"https:\/\/www.smekk.be\/wp-content\/uploads\/Flaming-duts-.jpg","contentUrl":"https:\/\/www.smekk.be\/wp-content\/uploads\/Flaming-duts-.jpg","width":1417,"height":1654,"caption":"Een heerlijke kruidenmix voor het grillen van vis en vlees. Flaming Dust staat bekend als een van de beste \u2018Grill Rubs\u2019 voor de BBQ."},{"@type":"BreadcrumbList","@id":"https:\/\/www.smekk.be\/fr\/produit\/flaming-dust-melange-depices-50g-bio\/#breadcrumb","itemListElement":[{"@type":"ListItem","position":1,"name":"Home","item":"https:\/\/www.smekk.be\/fr\/"},{"@type":"ListItem","position":2,"name":"Boutique","item":"https:\/\/www.smekk.be\/fr\/boutique\/"},{"@type":"ListItem","position":3,"name":"Flaming Dust &#8211; m\u00e9lange d&#8217;\u00e9pices (50g) \u2013 BIO"}]},{"@type":"WebSite","@id":"https:\/\/www.smekk.be\/fr\/#website","url":"https:\/\/www.smekk.be\/fr\/","name":"Smekk","description":"taste the story","publisher":{"@id":"https:\/\/www.smekk.be\/fr\/#organization"},"potentialAction":[{"@type":"SearchAction","target":{"@type":"EntryPoint","urlTemplate":"https:\/\/www.smekk.be\/fr\/?s={search_term_string}"},"query-input":{"@type":"PropertyValueSpecification","valueRequired":true,"valueName":"search_term_string"}}],"inLanguage":"fr-FR"},{"@type":"Organization","@id":"https:\/\/www.smekk.be\/fr\/#organization","name":"Smekk","url":"https:\/\/www.smekk.be\/fr\/","logo":{"@type":"ImageObject","inLanguage":"fr-FR","@id":"https:\/\/www.smekk.be\/fr\/#\/schema\/logo\/image\/","url":"https:\/\/www.smekk.be\/wp-content\/uploads\/2024\/04\/Smekk_Logo_RGB_Logo-Origineel-Groen.png","contentUrl":"https:\/\/www.smekk.be\/wp-content\/uploads\/2024\/04\/Smekk_Logo_RGB_Logo-Origineel-Groen.png","width":1920,"height":332,"caption":"Smekk"},"image":{"@id":"https:\/\/www.smekk.be\/fr\/#\/schema\/logo\/image\/"},"sameAs":["https:\/\/www.instagram.com\/smekkbe\/"]}]}},"jetpack_sharing_enabled":true,"_links":{"self":[{"href":"https:\/\/www.smekk.be\/fr\/wp-json\/wp\/v2\/product\/9973","targetHints":{"allow":["GET"]}}],"collection":[{"href":"https:\/\/www.smekk.be\/fr\/wp-json\/wp\/v2\/product"}],"about":[{"href":"https:\/\/www.smekk.be\/fr\/wp-json\/wp\/v2\/types\/product"}],"replies":[{"embeddable":true,"href":"https:\/\/www.smekk.be\/fr\/wp-json\/wp\/v2\/comments?post=9973"}],"wp:featuredmedia":[{"embeddable":true,"href":"https:\/\/www.smekk.be\/fr\/wp-json\/wp\/v2\/media\/8440"}],"wp:attachment":[{"href":"https:\/\/www.smekk.be\/fr\/wp-json\/wp\/v2\/media?parent=9973"}],"wp:term":[{"taxonomy":"product_brand","embeddable":true,"href":"https:\/\/www.smekk.be\/fr\/wp-json\/wp\/v2\/product_brand?post=9973"},{"taxonomy":"product_cat","embeddable":true,"href":"https:\/\/www.smekk.be\/fr\/wp-json\/wp\/v2\/product_cat?post=9973"},{"taxonomy":"product_tag","embeddable":true,"href":"https:\/\/www.smekk.be\/fr\/wp-json\/wp\/v2\/product_tag?post=9973"}],"curies":[{"name":"wp","href":"https:\/\/api.w.org\/{rel}","templated":true}]}}