{"id":9898,"date":"2024-06-20T14:50:06","date_gmt":"2024-06-20T14:50:06","guid":{"rendered":"https:\/\/www.smekk.be\/product\/kung-flu-fighter-100g-refill-bio\/"},"modified":"2026-04-22T14:29:49","modified_gmt":"2026-04-22T14:29:49","slug":"kung-flu-fighter-100g-refill","status":"publish","type":"product","link":"https:\/\/www.smekk.be\/fr\/produit\/kung-flu-fighter-100g-refill\/","title":{"rendered":"Kung Flu Fighter (100g) \u2013 Refill"},"content":{"rendered":"<h2>Kung Flu Fighter Recharge (100g th\u00e9 en vrac)<\/h2>\n<p>Donnez un coup de pouce naturel \u00e0 votre syst\u00e8me immunitaire avec <strong>Kung Flu Fighter <\/strong>d&rsquo;<a href=\"https:\/\/www.smekk.be\/fr\/marques\/or-tea\/\"><strong>Or Tea<\/strong><\/a> ? Le <strong>paquet de recharge de 100 g<\/strong> de th\u00e9 en vrac est parfait pour recharger votre Tin Canister <a href=\"https:\/\/www.smekk.be\/fr\/produit\/kung-flu-fighter-100g-tin-canister-bio\/\">Kung Flu Fighter <\/a>et profiter sans interruption de ce puissant m\u00e9lange de pomme, de gingembre, d&rsquo;eucalyptus et d&rsquo;orange.<\/p>\n<p>&nbsp;<\/p>\n<h2>Le go\u00fbt revigorant de Kung Flu Fighter<\/h2>\n<p><strong>Ar\u00f4me<\/strong> : L&rsquo;eucalyptus vivifiant et un soup\u00e7on de gingembre \u00e9pic\u00e9 donnent \u00e0 ce m\u00e9lange un coup de fouet agr\u00e9able.<\/p>\n<p><strong>Go\u00fbt<\/strong> : Velout\u00e9 mais cors\u00e9, avec une note fra\u00eeche d&rsquo;agrumes.<\/p>\n<p><strong>Sant\u00e9<\/strong> : soutient le syst\u00e8me immunitaire et aide \u00e0 prot\u00e9ger l&rsquo;organisme contre les virus.<\/p>\n<p><strong>Ingr\u00e9dients<\/strong> : Pomme, gingembre, sauge, eucalyptus, fleur de sureau, zeste d&rsquo;orange et menthe poivr\u00e9e.<\/p>\n<p>&nbsp;<\/p>\n<h2><strong>Plus d&rsquo;inspiration :<\/strong><\/h2>\n<p><iframe class=\"wp-embedded-content\" src=\"https:\/\/www.smekk.be\/recept\/the-superhero-with-kung-flu-fighter\/embed\/#?secret=5jnKTRfg6x#?secret=mzq4eRmJE7\" width=\"500\" height=\"307\" frameborder=\"0\" marginwidth=\"0\" marginheight=\"0\" scrolling=\"no\"><\/iframe><\/p>\n<p>&nbsp;<\/p>\n<h2><strong>L\u2019histoire de la fille Or Tea? <\/strong><\/h2>\n<p>Pourquoi avons-nous si rapidement et massivement recours aux m\u00e9dicaments aujourd&rsquo;hui ? Alors qu&rsquo;il est possible de le faire naturellement ! Kung Flu Fighter vous aide \u00e0 renforcer votre r\u00e9sistance de mani\u00e8re naturelle. M\u00e8re Nature renforce votre syst\u00e8me immunitaire et vous prot\u00e8ge contre d&rsquo;innombrables virus. Dites bonjour \u00e0 la recharge Kung Flu Fighter et adieu aux pilules !<\/p>\n<p>&nbsp;<\/p>\n<h2><strong>Pourquoi choisir la recharge Kung Flu Fighter ?<\/strong><\/h2>\n<ul>\n<li><strong>Durable et respectueux de l&rsquo;environnement<\/strong> &#8211; Moins de d\u00e9chets d&#8217;emballage et une fa\u00e7on r\u00e9utilisable de conserver le th\u00e9.<\/li>\n<li><strong>Grande quantit\u00e9<\/strong> &#8211; 100 g de th\u00e9 en vrac, pour des dizaines de tasses de votre infusion pr\u00e9f\u00e9r\u00e9e qui renforce la r\u00e9sistance.<\/li>\n<li><strong>Qualit\u00e9 sup\u00e9rieure <\/strong>&#8211; Le m\u00eame m\u00e9lange d\u00e9licieux que dans <a href=\"https:\/\/www.smekk.be\/fr\/produit\/kung-flu-fighter-100g-tin-canister-bio\/\">tin canister<\/a> mais dans un emballage de recharge pratique.<\/li>\n<\/ul>\n<p>&nbsp;<\/p>\n<h2><strong>Quand boire Kung Flu Fighter ?<\/strong><\/h2>\n<p>Tr\u00e8s facile. Toujours ! Le m\u00e9lange <strong>ne contient pas de th\u00e9ine<\/strong>, ce qui le rend parfait pour le soir \u00e9galement. Comme Kung Flu Fighter renforce le syst\u00e8me immunitaire, buvez ce th\u00e9 assez souvent. \u00ab Mieux vaut pr\u00e9venir que gu\u00e9rir, vous savez ?<\/p>\n<p>M\u00eame si vous vous sentez un peu mal en point, la recharge Kung Flu Fighter vous conseille. L&rsquo;eucalyptus d\u00e9gage les voies respiratoires en cas de d\u00e9but de rhume. Le gingembre apaise en m\u00eame temps la gorge. Le rem\u00e8de id\u00e9al pour une gorge enrou\u00e9e.<\/p>\n","protected":false},"excerpt":{"rendered":"<p>Recharge Kung Flu Fighter de Or Tea ? avec 100g de th\u00e9 en vrac. D\u00e9licieux m\u00e9lange rafra\u00eechissant de gingembre, d&rsquo;eucalyptus et de zeste d&rsquo;orange.<\/p>\n","protected":false},"featured_media":9693,"comment_status":"open","ping_status":"closed","template":"","meta":{"_acf_changed":false},"product_brand":[],"product_cat":[243,257,242,255],"product_tag":[],"class_list":{"0":"post-9898","1":"product","2":"type-product","3":"status-publish","4":"has-post-thumbnail","6":"product_cat-infusion-fr","7":"product_cat-recharge-fr","8":"product_cat-the-fr","9":"product_cat-the-en-vrac-fr","11":"first","12":"instock","13":"taxable","14":"shipping-taxable","15":"purchasable","16":"product-type-simple"},"acf":{"ean_code":"4897031519054","alleen_voor_retailers":false,"alleen_voor_particulieren":false,"terug_op_voorraad_vanaf":null,"bulk_discount_threshold":6,"horeca_pack":false,"cera_discount_percentage":""},"yoast_head":"<!-- This site is optimized with the Yoast SEO plugin v27.0 - https:\/\/yoast.com\/product\/yoast-seo-wordpress\/ -->\n<title>Kung Flu Fighter recharge \u2013 100g th\u00e9 en vrac \u2013 Or Tea? | smekk<\/title>\n<meta name=\"description\" content=\"Avec la recharge Kung Flu Fighter d&#039;Or Tea, profitez d&#039;un th\u00e9 au gingembre en vrac avec de l&#039;eucalyptus et des zestes d&#039;orange. Parfait pour soutenir votre r\u00e9sistance.\" \/>\n<meta name=\"robots\" content=\"index, follow, max-snippet:-1, max-image-preview:large, max-video-preview:-1\" \/>\n<link rel=\"canonical\" href=\"https:\/\/www.smekk.be\/fr\/produit\/kung-flu-fighter-100g-refill\/\" \/>\n<meta property=\"og:locale\" content=\"fr_FR\" \/>\n<meta property=\"og:type\" content=\"article\" \/>\n<meta property=\"og:title\" content=\"Kung Flu Fighter recharge \u2013 100g th\u00e9 en vrac \u2013 Or Tea? | smekk\" \/>\n<meta property=\"og:description\" content=\"Avec la recharge Kung Flu Fighter d&#039;Or Tea, profitez d&#039;un th\u00e9 au gingembre en vrac avec de l&#039;eucalyptus et des zestes d&#039;orange. Parfait pour soutenir votre r\u00e9sistance.\" \/>\n<meta property=\"og:url\" content=\"https:\/\/www.smekk.be\/fr\/produit\/kung-flu-fighter-100g-refill\/\" \/>\n<meta property=\"og:site_name\" content=\"smekk\" \/>\n<meta property=\"article:modified_time\" content=\"2026-04-22T14:29:49+00:00\" \/>\n<meta property=\"og:image\" content=\"https:\/\/www.smekk.be\/wp-content\/uploads\/Refill_Kung-Flu-Fighter.png\" \/>\n\t<meta property=\"og:image:width\" content=\"1152\" \/>\n\t<meta property=\"og:image:height\" content=\"1152\" \/>\n\t<meta property=\"og:image:type\" content=\"image\/png\" \/>\n<meta name=\"twitter:card\" content=\"summary_large_image\" \/>\n<meta name=\"twitter:label1\" content=\"Dur\u00e9e de lecture estim\u00e9e\" \/>\n\t<meta name=\"twitter:data1\" content=\"2 minutes\" \/>\n<script type=\"application\/ld+json\" class=\"yoast-schema-graph\">{\"@context\":\"https:\/\/schema.org\",\"@graph\":[{\"@type\":\"WebPage\",\"@id\":\"https:\/\/www.smekk.be\/fr\/produit\/kung-flu-fighter-100g-refill\/\",\"url\":\"https:\/\/www.smekk.be\/fr\/produit\/kung-flu-fighter-100g-refill\/\",\"name\":\"Kung Flu Fighter recharge \u2013 100g th\u00e9 en vrac \u2013 Or Tea? | smekk\",\"isPartOf\":{\"@id\":\"https:\/\/www.smekk.be\/fr\/#website\"},\"primaryImageOfPage\":{\"@id\":\"https:\/\/www.smekk.be\/fr\/produit\/kung-flu-fighter-100g-refill\/#primaryimage\"},\"image\":{\"@id\":\"https:\/\/www.smekk.be\/fr\/produit\/kung-flu-fighter-100g-refill\/#primaryimage\"},\"thumbnailUrl\":\"https:\/\/www.smekk.be\/wp-content\/uploads\/Refill_Kung-Flu-Fighter.png\",\"datePublished\":\"2024-06-20T14:50:06+00:00\",\"dateModified\":\"2026-04-22T14:29:49+00:00\",\"description\":\"Avec la recharge Kung Flu Fighter d'Or Tea, profitez d'un th\u00e9 au gingembre en vrac avec de l'eucalyptus et des zestes d'orange. Parfait pour soutenir votre r\u00e9sistance.\",\"breadcrumb\":{\"@id\":\"https:\/\/www.smekk.be\/fr\/produit\/kung-flu-fighter-100g-refill\/#breadcrumb\"},\"inLanguage\":\"fr-FR\",\"potentialAction\":[{\"@type\":\"ReadAction\",\"target\":[\"https:\/\/www.smekk.be\/fr\/produit\/kung-flu-fighter-100g-refill\/\"]}]},{\"@type\":\"ImageObject\",\"inLanguage\":\"fr-FR\",\"@id\":\"https:\/\/www.smekk.be\/fr\/produit\/kung-flu-fighter-100g-refill\/#primaryimage\",\"url\":\"https:\/\/www.smekk.be\/wp-content\/uploads\/Refill_Kung-Flu-Fighter.png\",\"contentUrl\":\"https:\/\/www.smekk.be\/wp-content\/uploads\/Refill_Kung-Flu-Fighter.png\",\"width\":1152,\"height\":1152,\"caption\":\"Vul je tin canister opnieuw met Kung Flu Fighter Or Tea? en blijf genieten van deze krachtige blend.\"},{\"@type\":\"BreadcrumbList\",\"@id\":\"https:\/\/www.smekk.be\/fr\/produit\/kung-flu-fighter-100g-refill\/#breadcrumb\",\"itemListElement\":[{\"@type\":\"ListItem\",\"position\":1,\"name\":\"Home\",\"item\":\"https:\/\/www.smekk.be\/fr\/\"},{\"@type\":\"ListItem\",\"position\":2,\"name\":\"Boutique\",\"item\":\"https:\/\/www.smekk.be\/fr\/boutique\/\"},{\"@type\":\"ListItem\",\"position\":3,\"name\":\"Kung Flu Fighter (100g) \u2013 Refill\"}]},{\"@type\":\"WebSite\",\"@id\":\"https:\/\/www.smekk.be\/fr\/#website\",\"url\":\"https:\/\/www.smekk.be\/fr\/\",\"name\":\"Smekk\",\"description\":\"taste the story\",\"publisher\":{\"@id\":\"https:\/\/www.smekk.be\/fr\/#organization\"},\"potentialAction\":[{\"@type\":\"SearchAction\",\"target\":{\"@type\":\"EntryPoint\",\"urlTemplate\":\"https:\/\/www.smekk.be\/fr\/?s={search_term_string}\"},\"query-input\":{\"@type\":\"PropertyValueSpecification\",\"valueRequired\":true,\"valueName\":\"search_term_string\"}}],\"inLanguage\":\"fr-FR\"},{\"@type\":\"Organization\",\"@id\":\"https:\/\/www.smekk.be\/fr\/#organization\",\"name\":\"Smekk\",\"url\":\"https:\/\/www.smekk.be\/fr\/\",\"logo\":{\"@type\":\"ImageObject\",\"inLanguage\":\"fr-FR\",\"@id\":\"https:\/\/www.smekk.be\/fr\/#\/schema\/logo\/image\/\",\"url\":\"https:\/\/www.smekk.be\/wp-content\/uploads\/2024\/04\/Smekk_Logo_RGB_Logo-Origineel-Groen.png\",\"contentUrl\":\"https:\/\/www.smekk.be\/wp-content\/uploads\/2024\/04\/Smekk_Logo_RGB_Logo-Origineel-Groen.png\",\"width\":1920,\"height\":332,\"caption\":\"Smekk\"},\"image\":{\"@id\":\"https:\/\/www.smekk.be\/fr\/#\/schema\/logo\/image\/\"},\"sameAs\":[\"https:\/\/www.instagram.com\/smekkbe\/\"]}]}<\/script>\n<!-- \/ Yoast SEO plugin. -->","yoast_head_json":{"title":"Kung Flu Fighter recharge \u2013 100g th\u00e9 en vrac \u2013 Or Tea? | smekk","description":"Avec la recharge Kung Flu Fighter d'Or Tea, profitez d'un th\u00e9 au gingembre en vrac avec de l'eucalyptus et des zestes d'orange. Parfait pour soutenir votre r\u00e9sistance.","robots":{"index":"index","follow":"follow","max-snippet":"max-snippet:-1","max-image-preview":"max-image-preview:large","max-video-preview":"max-video-preview:-1"},"canonical":"https:\/\/www.smekk.be\/fr\/produit\/kung-flu-fighter-100g-refill\/","og_locale":"fr_FR","og_type":"article","og_title":"Kung Flu Fighter recharge \u2013 100g th\u00e9 en vrac \u2013 Or Tea? | smekk","og_description":"Avec la recharge Kung Flu Fighter d'Or Tea, profitez d'un th\u00e9 au gingembre en vrac avec de l'eucalyptus et des zestes d'orange. Parfait pour soutenir votre r\u00e9sistance.","og_url":"https:\/\/www.smekk.be\/fr\/produit\/kung-flu-fighter-100g-refill\/","og_site_name":"smekk","article_modified_time":"2026-04-22T14:29:49+00:00","og_image":[{"width":1152,"height":1152,"url":"https:\/\/www.smekk.be\/wp-content\/uploads\/Refill_Kung-Flu-Fighter.png","type":"image\/png"}],"twitter_card":"summary_large_image","twitter_misc":{"Dur\u00e9e de lecture estim\u00e9e":"2 minutes"},"schema":{"@context":"https:\/\/schema.org","@graph":[{"@type":"WebPage","@id":"https:\/\/www.smekk.be\/fr\/produit\/kung-flu-fighter-100g-refill\/","url":"https:\/\/www.smekk.be\/fr\/produit\/kung-flu-fighter-100g-refill\/","name":"Kung Flu Fighter recharge \u2013 100g th\u00e9 en vrac \u2013 Or Tea? | smekk","isPartOf":{"@id":"https:\/\/www.smekk.be\/fr\/#website"},"primaryImageOfPage":{"@id":"https:\/\/www.smekk.be\/fr\/produit\/kung-flu-fighter-100g-refill\/#primaryimage"},"image":{"@id":"https:\/\/www.smekk.be\/fr\/produit\/kung-flu-fighter-100g-refill\/#primaryimage"},"thumbnailUrl":"https:\/\/www.smekk.be\/wp-content\/uploads\/Refill_Kung-Flu-Fighter.png","datePublished":"2024-06-20T14:50:06+00:00","dateModified":"2026-04-22T14:29:49+00:00","description":"Avec la recharge Kung Flu Fighter d'Or Tea, profitez d'un th\u00e9 au gingembre en vrac avec de l'eucalyptus et des zestes d'orange. Parfait pour soutenir votre r\u00e9sistance.","breadcrumb":{"@id":"https:\/\/www.smekk.be\/fr\/produit\/kung-flu-fighter-100g-refill\/#breadcrumb"},"inLanguage":"fr-FR","potentialAction":[{"@type":"ReadAction","target":["https:\/\/www.smekk.be\/fr\/produit\/kung-flu-fighter-100g-refill\/"]}]},{"@type":"ImageObject","inLanguage":"fr-FR","@id":"https:\/\/www.smekk.be\/fr\/produit\/kung-flu-fighter-100g-refill\/#primaryimage","url":"https:\/\/www.smekk.be\/wp-content\/uploads\/Refill_Kung-Flu-Fighter.png","contentUrl":"https:\/\/www.smekk.be\/wp-content\/uploads\/Refill_Kung-Flu-Fighter.png","width":1152,"height":1152,"caption":"Vul je tin canister opnieuw met Kung Flu Fighter Or Tea? en blijf genieten van deze krachtige blend."},{"@type":"BreadcrumbList","@id":"https:\/\/www.smekk.be\/fr\/produit\/kung-flu-fighter-100g-refill\/#breadcrumb","itemListElement":[{"@type":"ListItem","position":1,"name":"Home","item":"https:\/\/www.smekk.be\/fr\/"},{"@type":"ListItem","position":2,"name":"Boutique","item":"https:\/\/www.smekk.be\/fr\/boutique\/"},{"@type":"ListItem","position":3,"name":"Kung Flu Fighter (100g) \u2013 Refill"}]},{"@type":"WebSite","@id":"https:\/\/www.smekk.be\/fr\/#website","url":"https:\/\/www.smekk.be\/fr\/","name":"Smekk","description":"taste the story","publisher":{"@id":"https:\/\/www.smekk.be\/fr\/#organization"},"potentialAction":[{"@type":"SearchAction","target":{"@type":"EntryPoint","urlTemplate":"https:\/\/www.smekk.be\/fr\/?s={search_term_string}"},"query-input":{"@type":"PropertyValueSpecification","valueRequired":true,"valueName":"search_term_string"}}],"inLanguage":"fr-FR"},{"@type":"Organization","@id":"https:\/\/www.smekk.be\/fr\/#organization","name":"Smekk","url":"https:\/\/www.smekk.be\/fr\/","logo":{"@type":"ImageObject","inLanguage":"fr-FR","@id":"https:\/\/www.smekk.be\/fr\/#\/schema\/logo\/image\/","url":"https:\/\/www.smekk.be\/wp-content\/uploads\/2024\/04\/Smekk_Logo_RGB_Logo-Origineel-Groen.png","contentUrl":"https:\/\/www.smekk.be\/wp-content\/uploads\/2024\/04\/Smekk_Logo_RGB_Logo-Origineel-Groen.png","width":1920,"height":332,"caption":"Smekk"},"image":{"@id":"https:\/\/www.smekk.be\/fr\/#\/schema\/logo\/image\/"},"sameAs":["https:\/\/www.instagram.com\/smekkbe\/"]}]}},"jetpack_sharing_enabled":true,"_links":{"self":[{"href":"https:\/\/www.smekk.be\/fr\/wp-json\/wp\/v2\/product\/9898","targetHints":{"allow":["GET"]}}],"collection":[{"href":"https:\/\/www.smekk.be\/fr\/wp-json\/wp\/v2\/product"}],"about":[{"href":"https:\/\/www.smekk.be\/fr\/wp-json\/wp\/v2\/types\/product"}],"replies":[{"embeddable":true,"href":"https:\/\/www.smekk.be\/fr\/wp-json\/wp\/v2\/comments?post=9898"}],"wp:featuredmedia":[{"embeddable":true,"href":"https:\/\/www.smekk.be\/fr\/wp-json\/wp\/v2\/media\/9693"}],"wp:attachment":[{"href":"https:\/\/www.smekk.be\/fr\/wp-json\/wp\/v2\/media?parent=9898"}],"wp:term":[{"taxonomy":"product_brand","embeddable":true,"href":"https:\/\/www.smekk.be\/fr\/wp-json\/wp\/v2\/product_brand?post=9898"},{"taxonomy":"product_cat","embeddable":true,"href":"https:\/\/www.smekk.be\/fr\/wp-json\/wp\/v2\/product_cat?post=9898"},{"taxonomy":"product_tag","embeddable":true,"href":"https:\/\/www.smekk.be\/fr\/wp-json\/wp\/v2\/product_tag?post=9898"}],"curies":[{"name":"wp","href":"https:\/\/api.w.org\/{rel}","templated":true}]}}