{"id":19051,"date":"2024-06-20T14:50:12","date_gmt":"2024-06-20T14:50:12","guid":{"rendered":"https:\/\/www.smekk.be\/product\/monkey-pinch-10-sachets-bio\/"},"modified":"2026-04-28T14:49:26","modified_gmt":"2026-04-28T14:49:26","slug":"monkey-pinch-10-sachets-bio","status":"publish","type":"product","link":"https:\/\/www.smekk.be\/fr\/produit\/monkey-pinch-10-sachets-bio\/","title":{"rendered":"Monkey Pinch (10 sachets) BIO"},"content":{"rendered":"<h1>Monkey Pinch<\/h1>\n<h2>Th\u00e9 Oolong \u00e0 la p\u00eache<\/h2>\n<p>Le Monkey Pinch est un th\u00e9 Oolong aromatis\u00e9 \u00e0 la p\u00eache. Un th\u00e9 Oolong est un th\u00e9 semi-oxyd\u00e9. Son go\u00fbt se situe donc entre celui du th\u00e9 vert et celui du th\u00e9 noir. Exceptionnellement savoureux, l\u00e9g\u00e8rement amer avec un arri\u00e8re-go\u00fbt sucr\u00e9.   <\/p>\n<h2><strong>profil gustatif:<\/strong><\/h2>\n<p>Ar\u00f4me : un go\u00fbt persistant de p\u00eache.<br \/>\nSaveur : d\u00e9licatement sucr\u00e9e avec un arri\u00e8re-go\u00fbt unique.<br \/>\n<strong>Sant\u00e9<\/strong> : le th\u00e9 oolong a un effet positif sur le poids et est bon pour le c\u0153ur et les vaisseaux sanguins.<br \/>\nComposition : th\u00e9 oolong, ar\u00f4me de p\u00eache<\/p>\n<h2><strong>Plus d&rsquo;inspiration:<\/strong><\/h2>\n<blockquote class=\"wp-embedded-content\" data-secret=\"I128Y4Nje5\"><p><a href=\"https:\/\/www.smekk.be\/recept\/peachy-oolong-pop\/\">Peachy Oolong Pop<\/a><\/p><\/blockquote>\n<p><iframe class=\"wp-embedded-content\" sandbox=\"allow-scripts\" security=\"restricted\" style=\"position: absolute; visibility: hidden;\" title=\"\u00ab\u00a0Peachy Oolong Pop\u00a0\u00bb &#8212; smekk\" src=\"https:\/\/www.smekk.be\/recept\/peachy-oolong-pop\/embed\/#?secret=m4LgaI5yZI#?secret=I128Y4Nje5\" data-secret=\"I128Y4Nje5\" width=\"500\" height=\"282\" frameborder=\"0\" marginwidth=\"0\" marginheight=\"0\" scrolling=\"no\"><\/iframe><\/p>\n<blockquote class=\"wp-embedded-content\" data-secret=\"6va5IPThVy\"><p><a href=\"https:\/\/www.smekk.be\/recept\/peachy-moment\/\">Peachy Moment<\/a><\/p><\/blockquote>\n<p><iframe class=\"wp-embedded-content\" sandbox=\"allow-scripts\" security=\"restricted\" style=\"position: absolute; visibility: hidden;\" title=\"\u00ab\u00a0Peachy Moment\u00a0\u00bb &#8212; smekk\" src=\"https:\/\/www.smekk.be\/recept\/peachy-moment\/embed\/#?secret=8Eocxizw0B#?secret=6va5IPThVy\" data-secret=\"6va5IPThVy\" width=\"500\" height=\"282\" frameborder=\"0\" marginwidth=\"0\" marginheight=\"0\" scrolling=\"no\"><\/iframe><\/p>\n<h2><strong>L\u2019histoire de la fille Or Tea? : <\/strong><\/h2>\n<p>Selon la l\u00e9gende, le Tie Guan Yin \u00e9tait une vari\u00e9t\u00e9 rare de th\u00e9 oolong qui poussait uniquement sur les flancs des montagnes et dans les falaises. Des singes \u00e9taient dress\u00e9s pour cueillir le th\u00e9 dans ces endroits dangereux. Chaque singe \u00e9changeait sa bi\u00e8re contre une d\u00e9licieuse tasse de th\u00e9 oolong.  <\/p>\n","protected":false},"excerpt":{"rendered":"<p>Th\u00e9 Oolong aromatis\u00e9 \u00e0 la p\u00eache \u2013 10 sachets<\/p>\n","protected":false},"featured_media":943,"comment_status":"open","ping_status":"closed","template":"","meta":{"_acf_changed":false},"product_brand":[],"product_cat":[242,353,244],"product_tag":[],"class_list":{"0":"post-19051","1":"product","2":"type-product","3":"status-publish","4":"has-post-thumbnail","6":"product_cat-the-fr","7":"product_cat-oolong-the-fr","8":"product_cat-sachets-fr","10":"first","11":"instock","12":"taxable","13":"shipping-taxable","14":"purchasable","15":"product-type-simple"},"acf":{"ean_code":"4895239604060","alleen_voor_retailers":false,"alleen_voor_particulieren":false,"terug_op_voorraad_vanaf":null,"bulk_discount_threshold":10,"horeca_pack":false,"cera_discount_percentage":""},"yoast_head":"<!-- This site is optimized with the Yoast SEO plugin v27.0 - https:\/\/yoast.com\/product\/yoast-seo-wordpress\/ -->\n<title>Monkey Pinch (10 sachets) BIO - smekk<\/title>\n<meta name=\"description\" content=\"D\u00e9couvrez le th\u00e9 Oolong d&#039;Or Tea ?, dont la p\u00eache lui conf\u00e8re un arri\u00e8re-go\u00fbt l\u00e9g\u00e8rement sucr\u00e9. \u00c9galement disponible en vrac chez smekk.\" \/>\n<meta name=\"robots\" content=\"index, follow, max-snippet:-1, max-image-preview:large, max-video-preview:-1\" \/>\n<link rel=\"canonical\" href=\"https:\/\/www.smekk.be\/fr\/produit\/monkey-pinch-10-sachets-bio\/\" \/>\n<meta property=\"og:locale\" content=\"fr_FR\" \/>\n<meta property=\"og:type\" content=\"article\" \/>\n<meta property=\"og:title\" content=\"Monkey Pinch (10 sachets) BIO - smekk\" \/>\n<meta property=\"og:description\" content=\"D\u00e9couvrez le th\u00e9 Oolong d&#039;Or Tea ?, dont la p\u00eache lui conf\u00e8re un arri\u00e8re-go\u00fbt l\u00e9g\u00e8rement sucr\u00e9. \u00c9galement disponible en vrac chez smekk.\" \/>\n<meta property=\"og:url\" content=\"https:\/\/www.smekk.be\/fr\/produit\/monkey-pinch-10-sachets-bio\/\" \/>\n<meta property=\"og:site_name\" content=\"smekk\" \/>\n<meta property=\"article:modified_time\" content=\"2026-04-28T14:49:26+00:00\" \/>\n<meta property=\"og:image\" content=\"https:\/\/www.smekk.be\/wp-content\/uploads\/monkey-pinch-10-builtjes-doos-oolong-thee-met-perz.jpg\" \/>\n\t<meta property=\"og:image:width\" content=\"1000\" \/>\n\t<meta property=\"og:image:height\" content=\"1000\" \/>\n\t<meta property=\"og:image:type\" content=\"image\/jpeg\" \/>\n<meta name=\"twitter:card\" content=\"summary_large_image\" \/>\n<meta name=\"twitter:label1\" content=\"Dur\u00e9e de lecture estim\u00e9e\" \/>\n\t<meta name=\"twitter:data1\" content=\"1 minute\" \/>\n<script type=\"application\/ld+json\" class=\"yoast-schema-graph\">{\"@context\":\"https:\/\/schema.org\",\"@graph\":[{\"@type\":\"WebPage\",\"@id\":\"https:\/\/www.smekk.be\/fr\/produit\/monkey-pinch-10-sachets-bio\/\",\"url\":\"https:\/\/www.smekk.be\/fr\/produit\/monkey-pinch-10-sachets-bio\/\",\"name\":\"Monkey Pinch (10 sachets) BIO - smekk\",\"isPartOf\":{\"@id\":\"https:\/\/www.smekk.be\/fr\/#website\"},\"primaryImageOfPage\":{\"@id\":\"https:\/\/www.smekk.be\/fr\/produit\/monkey-pinch-10-sachets-bio\/#primaryimage\"},\"image\":{\"@id\":\"https:\/\/www.smekk.be\/fr\/produit\/monkey-pinch-10-sachets-bio\/#primaryimage\"},\"thumbnailUrl\":\"https:\/\/www.smekk.be\/wp-content\/uploads\/monkey-pinch-10-builtjes-doos-oolong-thee-met-perz.jpg\",\"datePublished\":\"2024-06-20T14:50:12+00:00\",\"dateModified\":\"2026-04-28T14:49:26+00:00\",\"description\":\"D\u00e9couvrez le th\u00e9 Oolong d'Or Tea ?, dont la p\u00eache lui conf\u00e8re un arri\u00e8re-go\u00fbt l\u00e9g\u00e8rement sucr\u00e9. \u00c9galement disponible en vrac chez smekk.\",\"breadcrumb\":{\"@id\":\"https:\/\/www.smekk.be\/fr\/produit\/monkey-pinch-10-sachets-bio\/#breadcrumb\"},\"inLanguage\":\"fr-FR\",\"potentialAction\":[{\"@type\":\"ReadAction\",\"target\":[\"https:\/\/www.smekk.be\/fr\/produit\/monkey-pinch-10-sachets-bio\/\"]}]},{\"@type\":\"ImageObject\",\"inLanguage\":\"fr-FR\",\"@id\":\"https:\/\/www.smekk.be\/fr\/produit\/monkey-pinch-10-sachets-bio\/#primaryimage\",\"url\":\"https:\/\/www.smekk.be\/wp-content\/uploads\/monkey-pinch-10-builtjes-doos-oolong-thee-met-perz.jpg\",\"contentUrl\":\"https:\/\/www.smekk.be\/wp-content\/uploads\/monkey-pinch-10-builtjes-doos-oolong-thee-met-perz.jpg\",\"width\":1000,\"height\":1000,\"caption\":\"Oolong thee met perzikaroma \u2013 10 zakjes\"},{\"@type\":\"BreadcrumbList\",\"@id\":\"https:\/\/www.smekk.be\/fr\/produit\/monkey-pinch-10-sachets-bio\/#breadcrumb\",\"itemListElement\":[{\"@type\":\"ListItem\",\"position\":1,\"name\":\"Home\",\"item\":\"https:\/\/www.smekk.be\/fr\/\"},{\"@type\":\"ListItem\",\"position\":2,\"name\":\"Boutique\",\"item\":\"https:\/\/www.smekk.be\/fr\/boutique\/\"},{\"@type\":\"ListItem\",\"position\":3,\"name\":\"Monkey Pinch (10 sachets) BIO\"}]},{\"@type\":\"WebSite\",\"@id\":\"https:\/\/www.smekk.be\/fr\/#website\",\"url\":\"https:\/\/www.smekk.be\/fr\/\",\"name\":\"Smekk\",\"description\":\"taste the story\",\"publisher\":{\"@id\":\"https:\/\/www.smekk.be\/fr\/#organization\"},\"potentialAction\":[{\"@type\":\"SearchAction\",\"target\":{\"@type\":\"EntryPoint\",\"urlTemplate\":\"https:\/\/www.smekk.be\/fr\/?s={search_term_string}\"},\"query-input\":{\"@type\":\"PropertyValueSpecification\",\"valueRequired\":true,\"valueName\":\"search_term_string\"}}],\"inLanguage\":\"fr-FR\"},{\"@type\":\"Organization\",\"@id\":\"https:\/\/www.smekk.be\/fr\/#organization\",\"name\":\"Smekk\",\"url\":\"https:\/\/www.smekk.be\/fr\/\",\"logo\":{\"@type\":\"ImageObject\",\"inLanguage\":\"fr-FR\",\"@id\":\"https:\/\/www.smekk.be\/fr\/#\/schema\/logo\/image\/\",\"url\":\"https:\/\/www.smekk.be\/wp-content\/uploads\/2024\/04\/Smekk_Logo_RGB_Logo-Origineel-Groen.png\",\"contentUrl\":\"https:\/\/www.smekk.be\/wp-content\/uploads\/2024\/04\/Smekk_Logo_RGB_Logo-Origineel-Groen.png\",\"width\":1920,\"height\":332,\"caption\":\"Smekk\"},\"image\":{\"@id\":\"https:\/\/www.smekk.be\/fr\/#\/schema\/logo\/image\/\"},\"sameAs\":[\"https:\/\/www.instagram.com\/smekkbe\/\"]}]}<\/script>\n<!-- \/ Yoast SEO plugin. -->","yoast_head_json":{"title":"Monkey Pinch (10 sachets) BIO - smekk","description":"D\u00e9couvrez le th\u00e9 Oolong d'Or Tea ?, dont la p\u00eache lui conf\u00e8re un arri\u00e8re-go\u00fbt l\u00e9g\u00e8rement sucr\u00e9. \u00c9galement disponible en vrac chez smekk.","robots":{"index":"index","follow":"follow","max-snippet":"max-snippet:-1","max-image-preview":"max-image-preview:large","max-video-preview":"max-video-preview:-1"},"canonical":"https:\/\/www.smekk.be\/fr\/produit\/monkey-pinch-10-sachets-bio\/","og_locale":"fr_FR","og_type":"article","og_title":"Monkey Pinch (10 sachets) BIO - smekk","og_description":"D\u00e9couvrez le th\u00e9 Oolong d'Or Tea ?, dont la p\u00eache lui conf\u00e8re un arri\u00e8re-go\u00fbt l\u00e9g\u00e8rement sucr\u00e9. \u00c9galement disponible en vrac chez smekk.","og_url":"https:\/\/www.smekk.be\/fr\/produit\/monkey-pinch-10-sachets-bio\/","og_site_name":"smekk","article_modified_time":"2026-04-28T14:49:26+00:00","og_image":[{"width":1000,"height":1000,"url":"https:\/\/www.smekk.be\/wp-content\/uploads\/monkey-pinch-10-builtjes-doos-oolong-thee-met-perz.jpg","type":"image\/jpeg"}],"twitter_card":"summary_large_image","twitter_misc":{"Dur\u00e9e de lecture estim\u00e9e":"1 minute"},"schema":{"@context":"https:\/\/schema.org","@graph":[{"@type":"WebPage","@id":"https:\/\/www.smekk.be\/fr\/produit\/monkey-pinch-10-sachets-bio\/","url":"https:\/\/www.smekk.be\/fr\/produit\/monkey-pinch-10-sachets-bio\/","name":"Monkey Pinch (10 sachets) BIO - smekk","isPartOf":{"@id":"https:\/\/www.smekk.be\/fr\/#website"},"primaryImageOfPage":{"@id":"https:\/\/www.smekk.be\/fr\/produit\/monkey-pinch-10-sachets-bio\/#primaryimage"},"image":{"@id":"https:\/\/www.smekk.be\/fr\/produit\/monkey-pinch-10-sachets-bio\/#primaryimage"},"thumbnailUrl":"https:\/\/www.smekk.be\/wp-content\/uploads\/monkey-pinch-10-builtjes-doos-oolong-thee-met-perz.jpg","datePublished":"2024-06-20T14:50:12+00:00","dateModified":"2026-04-28T14:49:26+00:00","description":"D\u00e9couvrez le th\u00e9 Oolong d'Or Tea ?, dont la p\u00eache lui conf\u00e8re un arri\u00e8re-go\u00fbt l\u00e9g\u00e8rement sucr\u00e9. \u00c9galement disponible en vrac chez smekk.","breadcrumb":{"@id":"https:\/\/www.smekk.be\/fr\/produit\/monkey-pinch-10-sachets-bio\/#breadcrumb"},"inLanguage":"fr-FR","potentialAction":[{"@type":"ReadAction","target":["https:\/\/www.smekk.be\/fr\/produit\/monkey-pinch-10-sachets-bio\/"]}]},{"@type":"ImageObject","inLanguage":"fr-FR","@id":"https:\/\/www.smekk.be\/fr\/produit\/monkey-pinch-10-sachets-bio\/#primaryimage","url":"https:\/\/www.smekk.be\/wp-content\/uploads\/monkey-pinch-10-builtjes-doos-oolong-thee-met-perz.jpg","contentUrl":"https:\/\/www.smekk.be\/wp-content\/uploads\/monkey-pinch-10-builtjes-doos-oolong-thee-met-perz.jpg","width":1000,"height":1000,"caption":"Oolong thee met perzikaroma \u2013 10 zakjes"},{"@type":"BreadcrumbList","@id":"https:\/\/www.smekk.be\/fr\/produit\/monkey-pinch-10-sachets-bio\/#breadcrumb","itemListElement":[{"@type":"ListItem","position":1,"name":"Home","item":"https:\/\/www.smekk.be\/fr\/"},{"@type":"ListItem","position":2,"name":"Boutique","item":"https:\/\/www.smekk.be\/fr\/boutique\/"},{"@type":"ListItem","position":3,"name":"Monkey Pinch (10 sachets) BIO"}]},{"@type":"WebSite","@id":"https:\/\/www.smekk.be\/fr\/#website","url":"https:\/\/www.smekk.be\/fr\/","name":"Smekk","description":"taste the story","publisher":{"@id":"https:\/\/www.smekk.be\/fr\/#organization"},"potentialAction":[{"@type":"SearchAction","target":{"@type":"EntryPoint","urlTemplate":"https:\/\/www.smekk.be\/fr\/?s={search_term_string}"},"query-input":{"@type":"PropertyValueSpecification","valueRequired":true,"valueName":"search_term_string"}}],"inLanguage":"fr-FR"},{"@type":"Organization","@id":"https:\/\/www.smekk.be\/fr\/#organization","name":"Smekk","url":"https:\/\/www.smekk.be\/fr\/","logo":{"@type":"ImageObject","inLanguage":"fr-FR","@id":"https:\/\/www.smekk.be\/fr\/#\/schema\/logo\/image\/","url":"https:\/\/www.smekk.be\/wp-content\/uploads\/2024\/04\/Smekk_Logo_RGB_Logo-Origineel-Groen.png","contentUrl":"https:\/\/www.smekk.be\/wp-content\/uploads\/2024\/04\/Smekk_Logo_RGB_Logo-Origineel-Groen.png","width":1920,"height":332,"caption":"Smekk"},"image":{"@id":"https:\/\/www.smekk.be\/fr\/#\/schema\/logo\/image\/"},"sameAs":["https:\/\/www.instagram.com\/smekkbe\/"]}]}},"jetpack_sharing_enabled":true,"_links":{"self":[{"href":"https:\/\/www.smekk.be\/fr\/wp-json\/wp\/v2\/product\/19051","targetHints":{"allow":["GET"]}}],"collection":[{"href":"https:\/\/www.smekk.be\/fr\/wp-json\/wp\/v2\/product"}],"about":[{"href":"https:\/\/www.smekk.be\/fr\/wp-json\/wp\/v2\/types\/product"}],"replies":[{"embeddable":true,"href":"https:\/\/www.smekk.be\/fr\/wp-json\/wp\/v2\/comments?post=19051"}],"wp:featuredmedia":[{"embeddable":true,"href":"https:\/\/www.smekk.be\/fr\/wp-json\/wp\/v2\/media\/943"}],"wp:attachment":[{"href":"https:\/\/www.smekk.be\/fr\/wp-json\/wp\/v2\/media?parent=19051"}],"wp:term":[{"taxonomy":"product_brand","embeddable":true,"href":"https:\/\/www.smekk.be\/fr\/wp-json\/wp\/v2\/product_brand?post=19051"},{"taxonomy":"product_cat","embeddable":true,"href":"https:\/\/www.smekk.be\/fr\/wp-json\/wp\/v2\/product_cat?post=19051"},{"taxonomy":"product_tag","embeddable":true,"href":"https:\/\/www.smekk.be\/fr\/wp-json\/wp\/v2\/product_tag?post=19051"}],"curies":[{"name":"wp","href":"https:\/\/api.w.org\/{rel}","templated":true}]}}