{"id":18599,"date":"2024-06-20T14:50:25","date_gmt":"2024-06-20T14:50:25","guid":{"rendered":"https:\/\/www.smekk.be\/product\/kandyan-curry-melange-depices-50g-bio\/"},"modified":"2026-02-23T10:53:01","modified_gmt":"2026-02-23T10:53:01","slug":"kandyan-curry-melange-depices-50g-bio","status":"publish","type":"product","link":"https:\/\/www.smekk.be\/fr\/produit\/kandyan-curry-melange-depices-50g-bio\/","title":{"rendered":"Kandyan Curry &#8211; m\u00e9lange d&rsquo;\u00e9pices (50g) \u2013 BIO"},"content":{"rendered":"<h2><strong>Kandyan Curry M\u00e9lange d&rsquo;\u00e9pices (50g) &#8211; BIO<\/strong><\/h2>\n<p>Le curry de Kandy est compos\u00e9 des meilleures \u00e9pices que les jardins forestiers du Sri Lanka ont \u00e0 offrir. Une r\u00e9gion r\u00e9put\u00e9e pour sa riche biodiversit\u00e9 et ses herbes aromatiques. La combinaison d&rsquo;\u00e9pices chaudes et parfum\u00e9es cr\u00e9e un bel \u00e9quilibre entre <strong>piquant<\/strong> et <strong>douceur<\/strong>.  <\/p>\n<p>Le curry de Kandy est un m\u00e9lange d&rsquo;\u00e9pices polyvalent, <strong>l\u00e9g\u00e8rement piquant<\/strong>, qui donne aux plats plus de<strong> profondeur et de caract\u00e8re<\/strong>. Id\u00e9al pour cr\u00e9er une saveur ronde et pleine sans br\u00fbler la langue. Le piquant subtil s&rsquo;intensifie doucement et laisse place aux saveurs naturelles de vos ingr\u00e9dients.  <\/p>\n<p>Curry signifie litt\u00e9ralement \u00ab sauce aux l\u00e9gumes \u00bb en tamoul. Ce classique oriental est de plus en plus populaire dans le monde entier et inspire aussi bien les plats traditionnels que modernes. Avec le curry Kandyan, vous apportez une touche authentique et chaleureuse \u00e0 vos rago\u00fbts, plats au wok et currys cr\u00e9meux.  <\/p>\n<p>&nbsp;<\/p>\n<h2>Comment utiliser Kandyan Curry?<\/h2>\n<ul>\n<li><strong>Viande et volaille<\/strong> : pour mariner ou mijoter des viandes telles que les c\u00f4telettes.<\/li>\n<li><strong>Currys de l\u00e9gumes<\/strong> : D\u00e9licieux avec les l\u00e9gumes, en particulier dans les currys cr\u00e9meux.<\/li>\n<li><strong>Plats au wok<\/strong> : faites revenir rapidement des l\u00e9gumes tels que le brocoli, les carottes et les poivrons.<\/li>\n<li><strong>Marinades<\/strong> : m\u00e9langez les \u00e9pices avec de l&rsquo;huile d&rsquo;olive pour obtenir une marinade simple et relev\u00e9e.<\/li>\n<li><strong>Sauces \u00e0 tremper<\/strong> : m\u00e9langez avec de la mayonnaise ou du yaourt pour obtenir une sauce \u00e0 tremper unique et \u00e9pic\u00e9e.<\/li>\n<li><strong>Poisson<\/strong> : associez le curry Candyan avec du citron vert et du <a href=\"https:\/\/www.smekk.be\/fr\/produit\/poudre-de-gingembre-50g-bio\/\">gingembre<\/a> pour obtenir un curry de poisson frais.<\/li>\n<\/ul>\n<p>Faites revenir bri\u00e8vement le curry de Kandy dans de l&rsquo;huile chaude avant d&rsquo;ajouter les autres ingr\u00e9dients. Cela permettra de lib\u00e9rer au maximum les ar\u00f4mes. Assaisonnez vos plats avec du sel ou m\u00eame un peu de sucre afin de faire ressortir davantage les nuances des \u00e9pices.  <\/p>\n<p>Conseil  <\/p>\n<p>&nbsp;<\/p>\n<h2>D\u00e9couvrez les autres currys de Mill &amp; Mortar<\/h2>\n<ul>\n<li><a href=\"https:\/\/www.google.com\/url?sa=t&amp;source=web&amp;rct=j&amp;opi=89978449&amp;url=https:\/\/www.smekk.be\/product\/colombo-curry-kruidenmix-50g-bio\/&amp;ved=2ahUKEwio5PDB_eKSAxXtUaQEHd7xK0MQFnoECE0QAQ&amp;usg=AOvVaw3ZPB5cYVc503BAxwT_tEiq\"><strong data-start=\"404\" data-end=\"445\"><span class=\"entity-underline hover:entity-accent inline cursor-pointer align-baseline\"><span class=\"whitespace-normal\">Colombo Curry<\/span><\/span><\/strong><\/a> \u2013 Curry l\u00e9g\u00e8rement sucr\u00e9 et \u00e9pic\u00e9, moyennement piquant, au go\u00fbt vari\u00e9 (id\u00e9al \u00e9galement avec les plats \u00e0 base de noix de coco ou de poisson).<\/li>\n<li><a href=\"https:\/\/www.smekk.be\/produit\/vadouvan-curry-kruidenmix-50g-bio\/\">Curry Vadouvan<\/a> \u2013 un m\u00e9lange aux accents fran\u00e7ais\/indiens, plus chaud et plus riche en saveurs que les currys classiques (l\u00e9g\u00e8rement plus \u00e9pic\u00e9)<\/li>\n<li><a href=\"https:\/\/www.google.com\/url?sa=t&amp;source=web&amp;rct=j&amp;opi=89978449&amp;url=https:\/\/www.smekk.be\/product\/garam-masala-kruidenmix-50g-bio\/&amp;ved=2ahUKEwj1oPjY_eKSAxWIZqQEHXCqMPkQFnoECC8QAQ&amp;usg=AOvVaw3TJsshAfgVP97fMQc75q8M\"><strong data-start=\"800\" data-end=\"841\"><span class=\"entity-underline hover:entity-accent inline cursor-pointer align-baseline\"><span class=\"whitespace-normal\">Garam Masala<\/span><\/span><\/strong><\/a> \u2013 Ce n&rsquo;est pas une poudre de curry classique, mais un m\u00e9lange indien aromatique qui donne aux currys une profondeur suppl\u00e9mentaire avec des notes chaudes de cardamome et de cannelle.<\/li>\n<\/ul>\n<p>&nbsp;<\/p>\n<h2>Plus d&rsquo;inspiration:<\/h2>\n<blockquote class=\"wp-embedded-content\" data-secret=\"6FxYvVEiKz\"><p><a href=\"https:\/\/www.smekk.be\/recept\/curry-boordevol-groenten\/\">Curry boordevol groenten<\/a><\/p><\/blockquote>\n<p><iframe class=\"wp-embedded-content\" sandbox=\"allow-scripts\" security=\"restricted\" style=\"position: absolute; visibility: hidden;\" title=\"\u00ab\u00a0Curry boordevol groenten\u00a0\u00bb &#8212; smekk\" src=\"https:\/\/www.smekk.be\/recept\/curry-boordevol-groenten\/embed\/#?secret=Pi5RIoOWu1#?secret=6FxYvVEiKz\" data-secret=\"6FxYvVEiKz\" width=\"500\" height=\"282\" frameborder=\"0\" marginwidth=\"0\" marginheight=\"0\" scrolling=\"no\"><\/iframe><\/p>\n<p>&nbsp;<\/p>\n<h2><strong>Ingr\u00e9dients:<\/strong><\/h2>\n<p><a href=\"https:\/\/www.smekk.be\/fr\/produit\/graines-de-coriandre-35g-bio\/\">coriandre<\/a>*, <a href=\"https:\/\/www.smekk.be\/produit\/venkelzaad-ongemalen-40g-bio\/\">fenouil<\/a>*, <a href=\"https:\/\/www.smekk.be\/produit\/zwarte-peper-50g-bio\/\">poivre noir<\/a>*, <a href=\"https:\/\/www.smekk.be\/fr\/produit\/noix-de-muscade-et-macis-45g-bio\/\">noix de muscade<\/a>*, riz*, graines d&rsquo;aneth*, <a href=\"https:\/\/www.smekk.be\/fr\/produit\/poudre-de-curcuma-50g-bio\/\">curcuma<\/a>*, citronnelle*, <a href=\"https:\/\/www.smekk.be\/fr\/?post_type=product&#038;p=18557\">clou de girofle<\/a>*, <a href=\"https:\/\/www.smekk.be\/product\/nigella-zaad-zwarte-komijn-50g-bio\/\">cumin<\/a>*, <a href=\"https:\/\/www.smekk.be\/product\/echte-kaneelpoeder-45g-bio\/\">cannelle<\/a>*, <a href=\"https:\/\/www.smekk.be\/produit\/groene-kardemom-volledige-zaden-25g-bio\/\">cardamome<\/a>*. * = biologique <\/p>\n<p>&nbsp;<\/p>\n","protected":false},"excerpt":{"rendered":"<p>Vous aimez le curry, mais vous le pr\u00e9f\u00e9rez un peu plus \u00e9pic\u00e9 que la plupart des currys sucr\u00e9s ? Alors ce curry nuanc\u00e9 et raffin\u00e9 est fait pour vous ! Plongez dans la cuisine asiatique traditionnelle avec le curry Kandyan.  <\/p>\n","protected":false},"featured_media":1202,"comment_status":"open","ping_status":"closed","template":"","meta":{"_acf_changed":false},"product_brand":[],"product_cat":[266,268,267],"product_tag":[],"class_list":{"0":"post-18599","1":"product","2":"type-product","3":"status-publish","4":"has-post-thumbnail","6":"product_cat-epices","7":"product_cat-melange-depices-fr","8":"product_cat-ottolenghi-fr","10":"first","11":"instock","12":"taxable","13":"shipping-taxable","14":"purchasable","15":"product-type-simple"},"acf":{"ean_code":"5710175131014","alleen_voor_retailers":false,"alleen_voor_particulieren":false,"terug_op_voorraad_vanaf":null,"bulk_discount_threshold":9,"horeca_pack":false,"cera_discount_percentage":""},"yoast_head":"<!-- This site is optimized with the Yoast SEO plugin v27.0 - https:\/\/yoast.com\/product\/yoast-seo-wordpress\/ -->\n<title>Kandyan Curry m\u00e9lange d&#039;\u00e9pices - Mill &amp; Mortar - BIO | Smekk<\/title>\n<meta name=\"description\" content=\"Le curry de Kandy est un m\u00e9lange d&#039;\u00e9pices chaudes qui apporte profondeur et caract\u00e8re aux rago\u00fbts, woks et currys. Un \u00e9quilibre id\u00e9al entre piquant et douceur.\" \/>\n<meta name=\"robots\" content=\"index, follow, max-snippet:-1, max-image-preview:large, max-video-preview:-1\" \/>\n<link rel=\"canonical\" href=\"https:\/\/www.smekk.be\/fr\/produit\/kandyan-curry-melange-depices-50g-bio\/\" \/>\n<meta property=\"og:locale\" content=\"fr_FR\" \/>\n<meta property=\"og:type\" content=\"article\" \/>\n<meta property=\"og:title\" content=\"Kandyan Curry m\u00e9lange d&#039;\u00e9pices - Mill &amp; Mortar - BIO | Smekk\" \/>\n<meta property=\"og:description\" content=\"Le curry de Kandy est un m\u00e9lange d&#039;\u00e9pices chaudes qui apporte profondeur et caract\u00e8re aux rago\u00fbts, woks et currys. Un \u00e9quilibre id\u00e9al entre piquant et douceur.\" \/>\n<meta property=\"og:url\" content=\"https:\/\/www.smekk.be\/fr\/produit\/kandyan-curry-melange-depices-50g-bio\/\" \/>\n<meta property=\"og:site_name\" content=\"smekk\" \/>\n<meta property=\"article:modified_time\" content=\"2026-02-23T10:53:01+00:00\" \/>\n<meta property=\"og:image\" content=\"https:\/\/www.smekk.be\/wp-content\/uploads\/kandyan-curry.jpg\" \/>\n\t<meta property=\"og:image:width\" content=\"1417\" \/>\n\t<meta property=\"og:image:height\" content=\"1654\" \/>\n\t<meta property=\"og:image:type\" content=\"image\/jpeg\" \/>\n<meta name=\"twitter:card\" content=\"summary_large_image\" \/>\n<meta name=\"twitter:label1\" content=\"Dur\u00e9e de lecture estim\u00e9e\" \/>\n\t<meta name=\"twitter:data1\" content=\"2 minutes\" \/>\n<script type=\"application\/ld+json\" class=\"yoast-schema-graph\">{\"@context\":\"https:\/\/schema.org\",\"@graph\":[{\"@type\":\"WebPage\",\"@id\":\"https:\/\/www.smekk.be\/fr\/produit\/kandyan-curry-melange-depices-50g-bio\/\",\"url\":\"https:\/\/www.smekk.be\/fr\/produit\/kandyan-curry-melange-depices-50g-bio\/\",\"name\":\"Kandyan Curry m\u00e9lange d'\u00e9pices - Mill & Mortar - BIO | Smekk\",\"isPartOf\":{\"@id\":\"https:\/\/www.smekk.be\/fr\/#website\"},\"primaryImageOfPage\":{\"@id\":\"https:\/\/www.smekk.be\/fr\/produit\/kandyan-curry-melange-depices-50g-bio\/#primaryimage\"},\"image\":{\"@id\":\"https:\/\/www.smekk.be\/fr\/produit\/kandyan-curry-melange-depices-50g-bio\/#primaryimage\"},\"thumbnailUrl\":\"https:\/\/www.smekk.be\/wp-content\/uploads\/kandyan-curry.jpg\",\"datePublished\":\"2024-06-20T14:50:25+00:00\",\"dateModified\":\"2026-02-23T10:53:01+00:00\",\"description\":\"Le curry de Kandy est un m\u00e9lange d'\u00e9pices chaudes qui apporte profondeur et caract\u00e8re aux rago\u00fbts, woks et currys. Un \u00e9quilibre id\u00e9al entre piquant et douceur.\",\"breadcrumb\":{\"@id\":\"https:\/\/www.smekk.be\/fr\/produit\/kandyan-curry-melange-depices-50g-bio\/#breadcrumb\"},\"inLanguage\":\"fr-FR\",\"potentialAction\":[{\"@type\":\"ReadAction\",\"target\":[\"https:\/\/www.smekk.be\/fr\/produit\/kandyan-curry-melange-depices-50g-bio\/\"]}]},{\"@type\":\"ImageObject\",\"inLanguage\":\"fr-FR\",\"@id\":\"https:\/\/www.smekk.be\/fr\/produit\/kandyan-curry-melange-depices-50g-bio\/#primaryimage\",\"url\":\"https:\/\/www.smekk.be\/wp-content\/uploads\/kandyan-curry.jpg\",\"contentUrl\":\"https:\/\/www.smekk.be\/wp-content\/uploads\/kandyan-curry.jpg\",\"width\":1417,\"height\":1654,\"caption\":\"Kandyan Curry is een warme kruidenmix die diepte en karakter geeft aan stoofpotten, woks en curry's. Een ideale balans tussen kruidigheid en zachtheid.\"},{\"@type\":\"BreadcrumbList\",\"@id\":\"https:\/\/www.smekk.be\/fr\/produit\/kandyan-curry-melange-depices-50g-bio\/#breadcrumb\",\"itemListElement\":[{\"@type\":\"ListItem\",\"position\":1,\"name\":\"Home\",\"item\":\"https:\/\/www.smekk.be\/fr\/\"},{\"@type\":\"ListItem\",\"position\":2,\"name\":\"Boutique\",\"item\":\"https:\/\/www.smekk.be\/fr\/boutique\/\"},{\"@type\":\"ListItem\",\"position\":3,\"name\":\"Kandyan Curry &#8211; m\u00e9lange d&rsquo;\u00e9pices (50g) \u2013 BIO\"}]},{\"@type\":\"WebSite\",\"@id\":\"https:\/\/www.smekk.be\/fr\/#website\",\"url\":\"https:\/\/www.smekk.be\/fr\/\",\"name\":\"Smekk\",\"description\":\"taste the story\",\"publisher\":{\"@id\":\"https:\/\/www.smekk.be\/fr\/#organization\"},\"potentialAction\":[{\"@type\":\"SearchAction\",\"target\":{\"@type\":\"EntryPoint\",\"urlTemplate\":\"https:\/\/www.smekk.be\/fr\/?s={search_term_string}\"},\"query-input\":{\"@type\":\"PropertyValueSpecification\",\"valueRequired\":true,\"valueName\":\"search_term_string\"}}],\"inLanguage\":\"fr-FR\"},{\"@type\":\"Organization\",\"@id\":\"https:\/\/www.smekk.be\/fr\/#organization\",\"name\":\"Smekk\",\"url\":\"https:\/\/www.smekk.be\/fr\/\",\"logo\":{\"@type\":\"ImageObject\",\"inLanguage\":\"fr-FR\",\"@id\":\"https:\/\/www.smekk.be\/fr\/#\/schema\/logo\/image\/\",\"url\":\"https:\/\/www.smekk.be\/wp-content\/uploads\/2024\/04\/Smekk_Logo_RGB_Logo-Origineel-Groen.png\",\"contentUrl\":\"https:\/\/www.smekk.be\/wp-content\/uploads\/2024\/04\/Smekk_Logo_RGB_Logo-Origineel-Groen.png\",\"width\":1920,\"height\":332,\"caption\":\"Smekk\"},\"image\":{\"@id\":\"https:\/\/www.smekk.be\/fr\/#\/schema\/logo\/image\/\"},\"sameAs\":[\"https:\/\/www.instagram.com\/smekkbe\/\"]}]}<\/script>\n<!-- \/ Yoast SEO plugin. -->","yoast_head_json":{"title":"Kandyan Curry m\u00e9lange d'\u00e9pices - Mill & Mortar - BIO | Smekk","description":"Le curry de Kandy est un m\u00e9lange d'\u00e9pices chaudes qui apporte profondeur et caract\u00e8re aux rago\u00fbts, woks et currys. Un \u00e9quilibre id\u00e9al entre piquant et douceur.","robots":{"index":"index","follow":"follow","max-snippet":"max-snippet:-1","max-image-preview":"max-image-preview:large","max-video-preview":"max-video-preview:-1"},"canonical":"https:\/\/www.smekk.be\/fr\/produit\/kandyan-curry-melange-depices-50g-bio\/","og_locale":"fr_FR","og_type":"article","og_title":"Kandyan Curry m\u00e9lange d'\u00e9pices - Mill & Mortar - BIO | Smekk","og_description":"Le curry de Kandy est un m\u00e9lange d'\u00e9pices chaudes qui apporte profondeur et caract\u00e8re aux rago\u00fbts, woks et currys. Un \u00e9quilibre id\u00e9al entre piquant et douceur.","og_url":"https:\/\/www.smekk.be\/fr\/produit\/kandyan-curry-melange-depices-50g-bio\/","og_site_name":"smekk","article_modified_time":"2026-02-23T10:53:01+00:00","og_image":[{"width":1417,"height":1654,"url":"https:\/\/www.smekk.be\/wp-content\/uploads\/kandyan-curry.jpg","type":"image\/jpeg"}],"twitter_card":"summary_large_image","twitter_misc":{"Dur\u00e9e de lecture estim\u00e9e":"2 minutes"},"schema":{"@context":"https:\/\/schema.org","@graph":[{"@type":"WebPage","@id":"https:\/\/www.smekk.be\/fr\/produit\/kandyan-curry-melange-depices-50g-bio\/","url":"https:\/\/www.smekk.be\/fr\/produit\/kandyan-curry-melange-depices-50g-bio\/","name":"Kandyan Curry m\u00e9lange d'\u00e9pices - Mill & Mortar - BIO | Smekk","isPartOf":{"@id":"https:\/\/www.smekk.be\/fr\/#website"},"primaryImageOfPage":{"@id":"https:\/\/www.smekk.be\/fr\/produit\/kandyan-curry-melange-depices-50g-bio\/#primaryimage"},"image":{"@id":"https:\/\/www.smekk.be\/fr\/produit\/kandyan-curry-melange-depices-50g-bio\/#primaryimage"},"thumbnailUrl":"https:\/\/www.smekk.be\/wp-content\/uploads\/kandyan-curry.jpg","datePublished":"2024-06-20T14:50:25+00:00","dateModified":"2026-02-23T10:53:01+00:00","description":"Le curry de Kandy est un m\u00e9lange d'\u00e9pices chaudes qui apporte profondeur et caract\u00e8re aux rago\u00fbts, woks et currys. Un \u00e9quilibre id\u00e9al entre piquant et douceur.","breadcrumb":{"@id":"https:\/\/www.smekk.be\/fr\/produit\/kandyan-curry-melange-depices-50g-bio\/#breadcrumb"},"inLanguage":"fr-FR","potentialAction":[{"@type":"ReadAction","target":["https:\/\/www.smekk.be\/fr\/produit\/kandyan-curry-melange-depices-50g-bio\/"]}]},{"@type":"ImageObject","inLanguage":"fr-FR","@id":"https:\/\/www.smekk.be\/fr\/produit\/kandyan-curry-melange-depices-50g-bio\/#primaryimage","url":"https:\/\/www.smekk.be\/wp-content\/uploads\/kandyan-curry.jpg","contentUrl":"https:\/\/www.smekk.be\/wp-content\/uploads\/kandyan-curry.jpg","width":1417,"height":1654,"caption":"Kandyan Curry is een warme kruidenmix die diepte en karakter geeft aan stoofpotten, woks en curry's. Een ideale balans tussen kruidigheid en zachtheid."},{"@type":"BreadcrumbList","@id":"https:\/\/www.smekk.be\/fr\/produit\/kandyan-curry-melange-depices-50g-bio\/#breadcrumb","itemListElement":[{"@type":"ListItem","position":1,"name":"Home","item":"https:\/\/www.smekk.be\/fr\/"},{"@type":"ListItem","position":2,"name":"Boutique","item":"https:\/\/www.smekk.be\/fr\/boutique\/"},{"@type":"ListItem","position":3,"name":"Kandyan Curry &#8211; m\u00e9lange d&rsquo;\u00e9pices (50g) \u2013 BIO"}]},{"@type":"WebSite","@id":"https:\/\/www.smekk.be\/fr\/#website","url":"https:\/\/www.smekk.be\/fr\/","name":"Smekk","description":"taste the story","publisher":{"@id":"https:\/\/www.smekk.be\/fr\/#organization"},"potentialAction":[{"@type":"SearchAction","target":{"@type":"EntryPoint","urlTemplate":"https:\/\/www.smekk.be\/fr\/?s={search_term_string}"},"query-input":{"@type":"PropertyValueSpecification","valueRequired":true,"valueName":"search_term_string"}}],"inLanguage":"fr-FR"},{"@type":"Organization","@id":"https:\/\/www.smekk.be\/fr\/#organization","name":"Smekk","url":"https:\/\/www.smekk.be\/fr\/","logo":{"@type":"ImageObject","inLanguage":"fr-FR","@id":"https:\/\/www.smekk.be\/fr\/#\/schema\/logo\/image\/","url":"https:\/\/www.smekk.be\/wp-content\/uploads\/2024\/04\/Smekk_Logo_RGB_Logo-Origineel-Groen.png","contentUrl":"https:\/\/www.smekk.be\/wp-content\/uploads\/2024\/04\/Smekk_Logo_RGB_Logo-Origineel-Groen.png","width":1920,"height":332,"caption":"Smekk"},"image":{"@id":"https:\/\/www.smekk.be\/fr\/#\/schema\/logo\/image\/"},"sameAs":["https:\/\/www.instagram.com\/smekkbe\/"]}]}},"jetpack_sharing_enabled":true,"_links":{"self":[{"href":"https:\/\/www.smekk.be\/fr\/wp-json\/wp\/v2\/product\/18599","targetHints":{"allow":["GET"]}}],"collection":[{"href":"https:\/\/www.smekk.be\/fr\/wp-json\/wp\/v2\/product"}],"about":[{"href":"https:\/\/www.smekk.be\/fr\/wp-json\/wp\/v2\/types\/product"}],"replies":[{"embeddable":true,"href":"https:\/\/www.smekk.be\/fr\/wp-json\/wp\/v2\/comments?post=18599"}],"wp:featuredmedia":[{"embeddable":true,"href":"https:\/\/www.smekk.be\/fr\/wp-json\/wp\/v2\/media\/1202"}],"wp:attachment":[{"href":"https:\/\/www.smekk.be\/fr\/wp-json\/wp\/v2\/media?parent=18599"}],"wp:term":[{"taxonomy":"product_brand","embeddable":true,"href":"https:\/\/www.smekk.be\/fr\/wp-json\/wp\/v2\/product_brand?post=18599"},{"taxonomy":"product_cat","embeddable":true,"href":"https:\/\/www.smekk.be\/fr\/wp-json\/wp\/v2\/product_cat?post=18599"},{"taxonomy":"product_tag","embeddable":true,"href":"https:\/\/www.smekk.be\/fr\/wp-json\/wp\/v2\/product_tag?post=18599"}],"curies":[{"name":"wp","href":"https:\/\/api.w.org\/{rel}","templated":true}]}}