{"id":18550,"date":"2024-06-20T14:50:26","date_gmt":"2024-06-20T14:50:26","guid":{"rendered":"https:\/\/www.smekk.be\/product\/allspice-piment-40g-bio\/"},"modified":"2026-02-23T12:29:51","modified_gmt":"2026-02-23T12:29:51","slug":"allspice-piment-40g-bio","status":"publish","type":"product","link":"https:\/\/www.smekk.be\/fr\/produit\/allspice-piment-40g-bio\/","title":{"rendered":"Allspice \/ Piment (40g) &#8211; BIO"},"content":{"rendered":"<h1><strong>Allspice \/ Piment (40g) &#8211; BIO<\/strong><\/h1>\n<p>Le piment et le piment de la Jama\u00efque sont exactement la m\u00eame \u00e9pice. Elle a \u00e9t\u00e9 baptis\u00e9e \u00ab\u00a0allspice\u00a0\u00bb en anglais, car elle semble contenir plusieurs \u00e9pices \u00e0 la fois. <\/p>\n<p>Les baies de piment sont les fruits du myrte. Ces fruits sont cueillis avant maturit\u00e9 et s\u00e9ch\u00e9s au soleil. Cela leur donne leur couleur brune et leur go\u00fbt intense. Le piment contient les saveurs complexes du poivre, clou de girofle, <a href=\"https:\/\/www.smekk.be\/fr\/produit\/cannelle-de-ceylan-45g-bio\/\">cannelle<\/a> et de la <a href=\"https:\/\/www.smekk.be\/fr\/produit\/noix-de-muscade-et-macis-45g-bio\/\">noix de muscade<\/a> dans une seule \u00e9pice. C&rsquo;est pourquoi cette \u00e9pice est \u00e9galement appel\u00e9e \u00ab piment de la Jama\u00efque \u00bb.    <\/p>\n<p data-start=\"431\" data-end=\"956\">\n<h2 data-start=\"431\" data-end=\"956\">Comment utiliser Allspice \/ Piment?<\/h2>\n<p data-start=\"431\" data-end=\"956\">Le piment de la Jama\u00efque, aussi appel\u00e9 Allspice, est souvent utilis\u00e9 dans <strong>les plats mijot\u00e9s, les marinades, les currys, les soupes et les chutneys<\/strong>, auxquels il apporte profondeur et chaleur sans jamais dominer. Il r\u00e9v\u00e8le \u00e9galement toute sa richesse aromatique dans les pr\u00e9parations \u00e0 base de <strong>viande, comme la viande hach\u00e9e, les saucisses et le gibier<\/strong>. <\/p>\n<p data-start=\"431\" data-end=\"956\">Le piment de la Jama\u00efque occupe \u00e9galement une place de choix en <strong>p\u00e2tisserie<\/strong>. Il apporte aux g\u00e2teaux et aux desserts une note chaleureuse et hivernale, et s\u2019accorde particuli\u00e8rement bien avec les fruits. Associ\u00e9 \u00e0 la <a href=\"https:\/\/www.smekk.be\/fr\/produit\/cannelle-de-ceylan-45g-bio\/\">cannelle<\/a> et au clou de girofle, il r\u00e9v\u00e8le un <strong>profil aromatique riche et harmonieux<\/strong>.  <\/p>\n<p data-start=\"431\" data-end=\"956\"><strong>Conseil<\/strong> : remplacez le poivre noir par du piment de la Jama\u00efque pour apporter \u00e0 votre plat une subtile touche exotique. Vous pouvez utiliser les baies enti\u00e8res pendant la cuisson pour une diffusion douce des ar\u00f4mes, ou les moudre finement pour un parfum plus intense. <\/p>\n<p>&nbsp;<\/p>\n<h2><strong>M\u00e9langes d&rsquo;\u00e9pices met Allspice \/ Piment: <\/strong><\/h2>\n<ul>\n<li><a href=\"https:\/\/www.smekk.be\/fr\/produit\/cake-factor-melange-depices-50g-bio\/\">Cake Facto<\/a>r : Id\u00e9al pour les biscuits et les p\u00e2tisseries.<\/li>\n<li><a href=\"https:\/\/www.smekk.be\/fr\/produit\/five-spice-melange-depices-50g-bio\/\">Five Spice<\/a> : M\u00e9lange d\u2019\u00e9pices asiatique parfait pour les marinades BBQ, les plats de viande, les plats saut\u00e9s et m\u00eame les desserts.<\/li>\n<\/ul>\n<p>&nbsp;<\/p>\n<h2><strong>Ingr\u00e9dients:<\/strong><\/h2>\n<p>100 % piment biologique<\/p>\n","protected":false},"excerpt":{"rendered":"<p>Cannelle, poivre et noix de muscade en un seul produit ! Une \u00e9pice tr\u00e8s utilis\u00e9e pour les rago\u00fbts, la viande et les plats sucr\u00e9s. <\/p>\n","protected":false},"featured_media":1247,"comment_status":"open","ping_status":"closed","template":"","meta":{"_acf_changed":false},"product_brand":[],"product_cat":[266,271,267],"product_tag":[],"class_list":{"0":"post-18550","1":"product","2":"type-product","3":"status-publish","4":"has-post-thumbnail","6":"product_cat-epices","7":"product_cat-epices-fr","8":"product_cat-ottolenghi-fr","10":"first","11":"instock","12":"taxable","13":"shipping-taxable","14":"purchasable","15":"product-type-simple"},"acf":{"ean_code":"5710175121077","alleen_voor_retailers":false,"alleen_voor_particulieren":false,"terug_op_voorraad_vanaf":null,"bulk_discount_threshold":9,"horeca_pack":false,"cera_discount_percentage":""},"yoast_head":"<!-- This site is optimized with the Yoast SEO plugin v27.0 - https:\/\/yoast.com\/product\/yoast-seo-wordpress\/ -->\n<title>Allspice \/ Piment - Mill &amp; Mortar - BIO | Smekk<\/title>\n<meta name=\"description\" content=\"Allspice biologique, aussi appel\u00e9 piment de la Jama\u00efque, id\u00e9al pour les plats mijot\u00e9s, les marinades, les currys et la p\u00e2tisserie. Il d\u00e9voile de chaleureuses notes de poivre, de cannelle, de clou de girofle et de muscade.\" \/>\n<meta name=\"robots\" content=\"index, follow, max-snippet:-1, max-image-preview:large, max-video-preview:-1\" \/>\n<link rel=\"canonical\" href=\"https:\/\/www.smekk.be\/fr\/produit\/allspice-piment-40g-bio\/\" \/>\n<meta property=\"og:locale\" content=\"fr_FR\" \/>\n<meta property=\"og:type\" content=\"article\" \/>\n<meta property=\"og:title\" content=\"Allspice \/ Piment - Mill &amp; Mortar - BIO | Smekk\" \/>\n<meta property=\"og:description\" content=\"Allspice biologique, aussi appel\u00e9 piment de la Jama\u00efque, id\u00e9al pour les plats mijot\u00e9s, les marinades, les currys et la p\u00e2tisserie. Il d\u00e9voile de chaleureuses notes de poivre, de cannelle, de clou de girofle et de muscade.\" \/>\n<meta property=\"og:url\" content=\"https:\/\/www.smekk.be\/fr\/produit\/allspice-piment-40g-bio\/\" \/>\n<meta property=\"og:site_name\" content=\"smekk\" \/>\n<meta property=\"article:modified_time\" content=\"2026-02-23T12:29:51+00:00\" \/>\n<meta property=\"og:image\" content=\"https:\/\/www.smekk.be\/wp-content\/uploads\/allspice-piment.jpg\" \/>\n\t<meta property=\"og:image:width\" content=\"1417\" \/>\n\t<meta property=\"og:image:height\" content=\"1654\" \/>\n\t<meta property=\"og:image:type\" content=\"image\/jpeg\" \/>\n<meta name=\"twitter:card\" content=\"summary_large_image\" \/>\n<meta name=\"twitter:label1\" content=\"Dur\u00e9e de lecture estim\u00e9e\" \/>\n\t<meta name=\"twitter:data1\" content=\"2 minutes\" \/>\n<script type=\"application\/ld+json\" class=\"yoast-schema-graph\">{\"@context\":\"https:\/\/schema.org\",\"@graph\":[{\"@type\":\"WebPage\",\"@id\":\"https:\/\/www.smekk.be\/fr\/produit\/allspice-piment-40g-bio\/\",\"url\":\"https:\/\/www.smekk.be\/fr\/produit\/allspice-piment-40g-bio\/\",\"name\":\"Allspice \/ Piment - Mill & Mortar - BIO | Smekk\",\"isPartOf\":{\"@id\":\"https:\/\/www.smekk.be\/fr\/#website\"},\"primaryImageOfPage\":{\"@id\":\"https:\/\/www.smekk.be\/fr\/produit\/allspice-piment-40g-bio\/#primaryimage\"},\"image\":{\"@id\":\"https:\/\/www.smekk.be\/fr\/produit\/allspice-piment-40g-bio\/#primaryimage\"},\"thumbnailUrl\":\"https:\/\/www.smekk.be\/wp-content\/uploads\/allspice-piment.jpg\",\"datePublished\":\"2024-06-20T14:50:26+00:00\",\"dateModified\":\"2026-02-23T12:29:51+00:00\",\"description\":\"Allspice biologique, aussi appel\u00e9 piment de la Jama\u00efque, id\u00e9al pour les plats mijot\u00e9s, les marinades, les currys et la p\u00e2tisserie. Il d\u00e9voile de chaleureuses notes de poivre, de cannelle, de clou de girofle et de muscade.\",\"breadcrumb\":{\"@id\":\"https:\/\/www.smekk.be\/fr\/produit\/allspice-piment-40g-bio\/#breadcrumb\"},\"inLanguage\":\"fr-FR\",\"potentialAction\":[{\"@type\":\"ReadAction\",\"target\":[\"https:\/\/www.smekk.be\/fr\/produit\/allspice-piment-40g-bio\/\"]}]},{\"@type\":\"ImageObject\",\"inLanguage\":\"fr-FR\",\"@id\":\"https:\/\/www.smekk.be\/fr\/produit\/allspice-piment-40g-bio\/#primaryimage\",\"url\":\"https:\/\/www.smekk.be\/wp-content\/uploads\/allspice-piment.jpg\",\"contentUrl\":\"https:\/\/www.smekk.be\/wp-content\/uploads\/allspice-piment.jpg\",\"width\":1417,\"height\":1654,\"caption\":\"Kaneel, peper en muskaatnoot in \u00e9\u00e9n! Een veel gebruikte specerij voor stoofpotjes, vlees en de zoete keuken.\"},{\"@type\":\"BreadcrumbList\",\"@id\":\"https:\/\/www.smekk.be\/fr\/produit\/allspice-piment-40g-bio\/#breadcrumb\",\"itemListElement\":[{\"@type\":\"ListItem\",\"position\":1,\"name\":\"Home\",\"item\":\"https:\/\/www.smekk.be\/fr\/\"},{\"@type\":\"ListItem\",\"position\":2,\"name\":\"Boutique\",\"item\":\"https:\/\/www.smekk.be\/fr\/boutique\/\"},{\"@type\":\"ListItem\",\"position\":3,\"name\":\"Allspice \/ Piment (40g) &#8211; BIO\"}]},{\"@type\":\"WebSite\",\"@id\":\"https:\/\/www.smekk.be\/fr\/#website\",\"url\":\"https:\/\/www.smekk.be\/fr\/\",\"name\":\"Smekk\",\"description\":\"taste the story\",\"publisher\":{\"@id\":\"https:\/\/www.smekk.be\/fr\/#organization\"},\"potentialAction\":[{\"@type\":\"SearchAction\",\"target\":{\"@type\":\"EntryPoint\",\"urlTemplate\":\"https:\/\/www.smekk.be\/fr\/?s={search_term_string}\"},\"query-input\":{\"@type\":\"PropertyValueSpecification\",\"valueRequired\":true,\"valueName\":\"search_term_string\"}}],\"inLanguage\":\"fr-FR\"},{\"@type\":\"Organization\",\"@id\":\"https:\/\/www.smekk.be\/fr\/#organization\",\"name\":\"Smekk\",\"url\":\"https:\/\/www.smekk.be\/fr\/\",\"logo\":{\"@type\":\"ImageObject\",\"inLanguage\":\"fr-FR\",\"@id\":\"https:\/\/www.smekk.be\/fr\/#\/schema\/logo\/image\/\",\"url\":\"https:\/\/www.smekk.be\/wp-content\/uploads\/2024\/04\/Smekk_Logo_RGB_Logo-Origineel-Groen.png\",\"contentUrl\":\"https:\/\/www.smekk.be\/wp-content\/uploads\/2024\/04\/Smekk_Logo_RGB_Logo-Origineel-Groen.png\",\"width\":1920,\"height\":332,\"caption\":\"Smekk\"},\"image\":{\"@id\":\"https:\/\/www.smekk.be\/fr\/#\/schema\/logo\/image\/\"},\"sameAs\":[\"https:\/\/www.instagram.com\/smekkbe\/\"]}]}<\/script>\n<!-- \/ Yoast SEO plugin. -->","yoast_head_json":{"title":"Allspice \/ Piment - Mill & Mortar - BIO | Smekk","description":"Allspice biologique, aussi appel\u00e9 piment de la Jama\u00efque, id\u00e9al pour les plats mijot\u00e9s, les marinades, les currys et la p\u00e2tisserie. Il d\u00e9voile de chaleureuses notes de poivre, de cannelle, de clou de girofle et de muscade.","robots":{"index":"index","follow":"follow","max-snippet":"max-snippet:-1","max-image-preview":"max-image-preview:large","max-video-preview":"max-video-preview:-1"},"canonical":"https:\/\/www.smekk.be\/fr\/produit\/allspice-piment-40g-bio\/","og_locale":"fr_FR","og_type":"article","og_title":"Allspice \/ Piment - Mill & Mortar - BIO | Smekk","og_description":"Allspice biologique, aussi appel\u00e9 piment de la Jama\u00efque, id\u00e9al pour les plats mijot\u00e9s, les marinades, les currys et la p\u00e2tisserie. Il d\u00e9voile de chaleureuses notes de poivre, de cannelle, de clou de girofle et de muscade.","og_url":"https:\/\/www.smekk.be\/fr\/produit\/allspice-piment-40g-bio\/","og_site_name":"smekk","article_modified_time":"2026-02-23T12:29:51+00:00","og_image":[{"width":1417,"height":1654,"url":"https:\/\/www.smekk.be\/wp-content\/uploads\/allspice-piment.jpg","type":"image\/jpeg"}],"twitter_card":"summary_large_image","twitter_misc":{"Dur\u00e9e de lecture estim\u00e9e":"2 minutes"},"schema":{"@context":"https:\/\/schema.org","@graph":[{"@type":"WebPage","@id":"https:\/\/www.smekk.be\/fr\/produit\/allspice-piment-40g-bio\/","url":"https:\/\/www.smekk.be\/fr\/produit\/allspice-piment-40g-bio\/","name":"Allspice \/ Piment - Mill & Mortar - BIO | Smekk","isPartOf":{"@id":"https:\/\/www.smekk.be\/fr\/#website"},"primaryImageOfPage":{"@id":"https:\/\/www.smekk.be\/fr\/produit\/allspice-piment-40g-bio\/#primaryimage"},"image":{"@id":"https:\/\/www.smekk.be\/fr\/produit\/allspice-piment-40g-bio\/#primaryimage"},"thumbnailUrl":"https:\/\/www.smekk.be\/wp-content\/uploads\/allspice-piment.jpg","datePublished":"2024-06-20T14:50:26+00:00","dateModified":"2026-02-23T12:29:51+00:00","description":"Allspice biologique, aussi appel\u00e9 piment de la Jama\u00efque, id\u00e9al pour les plats mijot\u00e9s, les marinades, les currys et la p\u00e2tisserie. Il d\u00e9voile de chaleureuses notes de poivre, de cannelle, de clou de girofle et de muscade.","breadcrumb":{"@id":"https:\/\/www.smekk.be\/fr\/produit\/allspice-piment-40g-bio\/#breadcrumb"},"inLanguage":"fr-FR","potentialAction":[{"@type":"ReadAction","target":["https:\/\/www.smekk.be\/fr\/produit\/allspice-piment-40g-bio\/"]}]},{"@type":"ImageObject","inLanguage":"fr-FR","@id":"https:\/\/www.smekk.be\/fr\/produit\/allspice-piment-40g-bio\/#primaryimage","url":"https:\/\/www.smekk.be\/wp-content\/uploads\/allspice-piment.jpg","contentUrl":"https:\/\/www.smekk.be\/wp-content\/uploads\/allspice-piment.jpg","width":1417,"height":1654,"caption":"Kaneel, peper en muskaatnoot in \u00e9\u00e9n! Een veel gebruikte specerij voor stoofpotjes, vlees en de zoete keuken."},{"@type":"BreadcrumbList","@id":"https:\/\/www.smekk.be\/fr\/produit\/allspice-piment-40g-bio\/#breadcrumb","itemListElement":[{"@type":"ListItem","position":1,"name":"Home","item":"https:\/\/www.smekk.be\/fr\/"},{"@type":"ListItem","position":2,"name":"Boutique","item":"https:\/\/www.smekk.be\/fr\/boutique\/"},{"@type":"ListItem","position":3,"name":"Allspice \/ Piment (40g) &#8211; BIO"}]},{"@type":"WebSite","@id":"https:\/\/www.smekk.be\/fr\/#website","url":"https:\/\/www.smekk.be\/fr\/","name":"Smekk","description":"taste the story","publisher":{"@id":"https:\/\/www.smekk.be\/fr\/#organization"},"potentialAction":[{"@type":"SearchAction","target":{"@type":"EntryPoint","urlTemplate":"https:\/\/www.smekk.be\/fr\/?s={search_term_string}"},"query-input":{"@type":"PropertyValueSpecification","valueRequired":true,"valueName":"search_term_string"}}],"inLanguage":"fr-FR"},{"@type":"Organization","@id":"https:\/\/www.smekk.be\/fr\/#organization","name":"Smekk","url":"https:\/\/www.smekk.be\/fr\/","logo":{"@type":"ImageObject","inLanguage":"fr-FR","@id":"https:\/\/www.smekk.be\/fr\/#\/schema\/logo\/image\/","url":"https:\/\/www.smekk.be\/wp-content\/uploads\/2024\/04\/Smekk_Logo_RGB_Logo-Origineel-Groen.png","contentUrl":"https:\/\/www.smekk.be\/wp-content\/uploads\/2024\/04\/Smekk_Logo_RGB_Logo-Origineel-Groen.png","width":1920,"height":332,"caption":"Smekk"},"image":{"@id":"https:\/\/www.smekk.be\/fr\/#\/schema\/logo\/image\/"},"sameAs":["https:\/\/www.instagram.com\/smekkbe\/"]}]}},"jetpack_sharing_enabled":true,"_links":{"self":[{"href":"https:\/\/www.smekk.be\/fr\/wp-json\/wp\/v2\/product\/18550","targetHints":{"allow":["GET"]}}],"collection":[{"href":"https:\/\/www.smekk.be\/fr\/wp-json\/wp\/v2\/product"}],"about":[{"href":"https:\/\/www.smekk.be\/fr\/wp-json\/wp\/v2\/types\/product"}],"replies":[{"embeddable":true,"href":"https:\/\/www.smekk.be\/fr\/wp-json\/wp\/v2\/comments?post=18550"}],"wp:featuredmedia":[{"embeddable":true,"href":"https:\/\/www.smekk.be\/fr\/wp-json\/wp\/v2\/media\/1247"}],"wp:attachment":[{"href":"https:\/\/www.smekk.be\/fr\/wp-json\/wp\/v2\/media?parent=18550"}],"wp:term":[{"taxonomy":"product_brand","embeddable":true,"href":"https:\/\/www.smekk.be\/fr\/wp-json\/wp\/v2\/product_brand?post=18550"},{"taxonomy":"product_cat","embeddable":true,"href":"https:\/\/www.smekk.be\/fr\/wp-json\/wp\/v2\/product_cat?post=18550"},{"taxonomy":"product_tag","embeddable":true,"href":"https:\/\/www.smekk.be\/fr\/wp-json\/wp\/v2\/product_tag?post=18550"}],"curies":[{"name":"wp","href":"https:\/\/api.w.org\/{rel}","templated":true}]}}