{"id":17994,"date":"2026-02-11T08:10:56","date_gmt":"2026-02-11T08:10:56","guid":{"rendered":"https:\/\/www.smekk.be\/product\/chocolate-sesame-crackers-box-110g-bio\/"},"modified":"2026-02-13T07:52:05","modified_gmt":"2026-02-13T07:52:05","slug":"chocolate-sesame-crackers-box-110g-bio","status":"publish","type":"product","link":"https:\/\/www.smekk.be\/fr\/produit\/chocolate-sesame-crackers-box-110g-bio\/","title":{"rendered":"Chocolate Sesame Crackers Box (110g) &#8211; BIO"},"content":{"rendered":"<h1><strong>Crackers croustillants au s\u00e9same napp\u00e9s de chocolat noir<\/strong><\/h1>\n<p>Les Chocolate Sesame Crackers de Supersec sont d\u00e9sormais disponibles en bo\u00eete format familial. C\u2019est le format id\u00e9al pour partager ces biscuits parfaitement \u00e9quilibr\u00e9s. Gr\u00e2ce \u00e0 leurs ingr\u00e9dients purs et leur aspect artisanal, ces crackers vous apportent l&rsquo;\u00e9nergie n\u00e9cessaire pour surmonter le petit creux du matin ou le coup de barre de l&rsquo;apr\u00e8s-midi. Le miel apporte une touche sucr\u00e9e \u00e0 l&rsquo;ensemble, sans coller aux doigts.   <\/p>\n<p>L&rsquo;enrobage de chocolat noir permet au cracker au s\u00e9same de ne pas \u00eatre trop sucr\u00e9, mais d&rsquo;offrir un \u00e9quilibre parfait. La douceur du miel apporte une touche sucr\u00e9e au chocolat noir, tandis que l&rsquo;amertume de celui-ci vient \u00e9quilibrer le c\u00f4t\u00e9 sucr\u00e9 du cracker. <\/p>\n<h2>Pasteli: crackers au s\u00e9same d&rsquo;inspiration grecque<\/h2>\n<p>La marque belge Supersec s&rsquo;est inspir\u00e9e du Pasteli traditionnel grec pour ses crackers au s\u00e9same. Avec ses ingr\u00e9dients de base que sont le s\u00e9same et le miel, ce cracker est une barre \u00e9nerg\u00e9tique ancestrale. Les Pastelis se d\u00e9clinent en de nombreuses formes et textures. Supersec a choisi la variante croquante sous forme de crackers et de b\u00e2tonnets (fingers).   <\/p>\n<h2 data-start=\"400\" data-end=\"737\">Les atouts de la bo\u00eete Chocolate Sesame Crackers<\/h2>\n<p>La bo\u00eete en carton contient <strong>au moins 6 crackers au s\u00e9same et au chocolat.<\/strong><\/p>\n<ul>\n<li>Sans additifs, sucr\u00e9 naturellement.<\/li>\n<li>Avec un nappage de chocolat noir de qualit\u00e9 sup\u00e9rieure.<\/li>\n<li>Pasteli: selon la recette traditionnelle grecque<\/li>\n<li>Le s\u00e9same et le miel s&rsquo;associent pour offrir un boost d&rsquo;\u00e9nergie naturel.<\/li>\n<li>Id\u00e9al \u00e0 partager en famille, avec des invit\u00e9s ou au bureau.<\/li>\n<li>Sans gluten, artisanal, ingr\u00e9dients biologiques.<\/li>\n<\/ul>\n<p>&nbsp;<\/p>\n<h2><strong>Ingr\u00e9dients:<\/strong><\/h2>\n<p>Chocolat noir* (p\u00e2te de cacao*, sucre de canne*, beurre de cacao* (17,5 %), cacao maigre en poudre*), graines de s\u00e9same* (37,5 %), sirop de glucose*, sucre de canne brun*, miel*.<br \/>\n*= d&rsquo;origine biologique<\/p>\n<p>&nbsp;<\/p>\n<h2>\u00c9galement disponible dans d&rsquo;autres saveurs et formats:<\/h2>\n<ul>\n<li><a href=\"https:\/\/www.smekk.be\/product\/natural-sesame-crackers-box-130g-bio\/\">Natural sesame crackers box (aux graines de s\u00e9same naturel)<\/a><\/li>\n<li><a href=\"https:\/\/www.smekk.be\/product\/apple-cinnamon-sesame-crackers-box-110g-bio\/\">Apple Cinnamon sesame crackers box (au pomme-cannelle et aux graines de s\u00e9same)<\/a><\/li>\n<li><a href=\"https:\/\/www.smekk.be\/product\/chocolate-sesame-fingers-20g-bio\/\">Chocolate sesame finger (au chocolat noir et graines de s\u00e9same)<\/a><\/li>\n<li><a href=\"https:\/\/www.smekk.be\/product\/chocolate-sesame-crackers-45g-bio\/\">Chocolate sesame cracker (au chocolat noir et graines de s\u00e9same)<\/a><\/li>\n<\/ul>\n<p>&nbsp;<\/p>\n","protected":false},"excerpt":{"rendered":"<p>La bo\u00eete Chocolate Sesame Crackers de Supersec contient 6 crackers croustillants aux graines de s\u00e9same sucr\u00e9s au miel, napp\u00e9s d&rsquo;une couche de chocolat noir. Sans gluten, biologique et de fabrication artisanale. <\/p>\n","protected":false},"featured_media":17714,"comment_status":"open","ping_status":"closed","template":"","meta":{"_acf_changed":false},"product_brand":[],"product_cat":[191,100,111],"product_tag":[],"class_list":{"0":"post-17994","1":"product","2":"type-product","3":"status-publish","4":"has-post-thumbnail","6":"product_cat-nieuw","7":"product_cat-snacks","8":"product_cat-koekjes","10":"first","11":"instock","12":"taxable","13":"shipping-taxable","14":"purchasable","15":"product-type-simple"},"acf":{"ean_code":"5425033150778","alleen_voor_retailers":false,"alleen_voor_particulieren":false,"terug_op_voorraad_vanaf":"20260211","bulk_discount_threshold":12,"horeca_pack":false,"cera_discount_percentage":""},"yoast_head":"<!-- This site is optimized with the Yoast SEO plugin v27.0 - https:\/\/yoast.com\/product\/yoast-seo-wordpress\/ -->\n<title>Chocolate Sesame Crackers Box (110g) - BIO - smekk<\/title>\n<meta name=\"description\" content=\"La bo\u00eete Chocolate Sesame Crackers contient des biscuits (pastelis) croustillants \u00e0 base de s\u00e9same, de miel et de chocolat noir. D\u00e9couvrez vite cet en-cas sans gluten !\" \/>\n<meta name=\"robots\" content=\"index, follow, max-snippet:-1, max-image-preview:large, max-video-preview:-1\" \/>\n<link rel=\"canonical\" href=\"https:\/\/www.smekk.be\/fr\/produit\/chocolate-sesame-crackers-box-110g-bio\/\" \/>\n<meta property=\"og:locale\" content=\"fr_FR\" \/>\n<meta property=\"og:type\" content=\"article\" \/>\n<meta property=\"og:title\" content=\"Chocolate Sesame Crackers Box (110g) - BIO - smekk\" \/>\n<meta property=\"og:description\" content=\"La bo\u00eete Chocolate Sesame Crackers contient des biscuits (pastelis) croustillants \u00e0 base de s\u00e9same, de miel et de chocolat noir. D\u00e9couvrez vite cet en-cas sans gluten !\" \/>\n<meta property=\"og:url\" content=\"https:\/\/www.smekk.be\/fr\/produit\/chocolate-sesame-crackers-box-110g-bio\/\" \/>\n<meta property=\"og:site_name\" content=\"smekk\" \/>\n<meta property=\"article:modified_time\" content=\"2026-02-13T07:52:05+00:00\" \/>\n<meta property=\"og:image\" content=\"https:\/\/www.smekk.be\/wp-content\/uploads\/Chocolate-sesame-crackers-box.jpg\" \/>\n\t<meta property=\"og:image:width\" content=\"1080\" \/>\n\t<meta property=\"og:image:height\" content=\"1080\" \/>\n\t<meta property=\"og:image:type\" content=\"image\/jpeg\" \/>\n<meta name=\"twitter:card\" content=\"summary_large_image\" \/>\n<meta name=\"twitter:label1\" content=\"Dur\u00e9e de lecture estim\u00e9e\" \/>\n\t<meta name=\"twitter:data1\" content=\"2 minutes\" \/>\n<script type=\"application\/ld+json\" class=\"yoast-schema-graph\">{\"@context\":\"https:\/\/schema.org\",\"@graph\":[{\"@type\":\"WebPage\",\"@id\":\"https:\/\/www.smekk.be\/fr\/produit\/chocolate-sesame-crackers-box-110g-bio\/\",\"url\":\"https:\/\/www.smekk.be\/fr\/produit\/chocolate-sesame-crackers-box-110g-bio\/\",\"name\":\"Chocolate Sesame Crackers Box (110g) - BIO - smekk\",\"isPartOf\":{\"@id\":\"https:\/\/www.smekk.be\/fr\/#website\"},\"primaryImageOfPage\":{\"@id\":\"https:\/\/www.smekk.be\/fr\/produit\/chocolate-sesame-crackers-box-110g-bio\/#primaryimage\"},\"image\":{\"@id\":\"https:\/\/www.smekk.be\/fr\/produit\/chocolate-sesame-crackers-box-110g-bio\/#primaryimage\"},\"thumbnailUrl\":\"https:\/\/www.smekk.be\/wp-content\/uploads\/Chocolate-sesame-crackers-box.jpg\",\"datePublished\":\"2026-02-11T08:10:56+00:00\",\"dateModified\":\"2026-02-13T07:52:05+00:00\",\"description\":\"La bo\u00eete Chocolate Sesame Crackers contient des biscuits (pastelis) croustillants \u00e0 base de s\u00e9same, de miel et de chocolat noir. D\u00e9couvrez vite cet en-cas sans gluten !\",\"breadcrumb\":{\"@id\":\"https:\/\/www.smekk.be\/fr\/produit\/chocolate-sesame-crackers-box-110g-bio\/#breadcrumb\"},\"inLanguage\":\"fr-FR\",\"potentialAction\":[{\"@type\":\"ReadAction\",\"target\":[\"https:\/\/www.smekk.be\/fr\/produit\/chocolate-sesame-crackers-box-110g-bio\/\"]}]},{\"@type\":\"ImageObject\",\"inLanguage\":\"fr-FR\",\"@id\":\"https:\/\/www.smekk.be\/fr\/produit\/chocolate-sesame-crackers-box-110g-bio\/#primaryimage\",\"url\":\"https:\/\/www.smekk.be\/wp-content\/uploads\/Chocolate-sesame-crackers-box.jpg\",\"contentUrl\":\"https:\/\/www.smekk.be\/wp-content\/uploads\/Chocolate-sesame-crackers-box.jpg\",\"width\":1080,\"height\":1080,\"caption\":\"Chocolate sesame crackers box bevat 6 koeken van het Belgische merk Supersec.\"},{\"@type\":\"BreadcrumbList\",\"@id\":\"https:\/\/www.smekk.be\/fr\/produit\/chocolate-sesame-crackers-box-110g-bio\/#breadcrumb\",\"itemListElement\":[{\"@type\":\"ListItem\",\"position\":1,\"name\":\"Home\",\"item\":\"https:\/\/www.smekk.be\/fr\/\"},{\"@type\":\"ListItem\",\"position\":2,\"name\":\"Boutique\",\"item\":\"https:\/\/www.smekk.be\/fr\/boutique\/\"},{\"@type\":\"ListItem\",\"position\":3,\"name\":\"Chocolate Sesame Crackers Box (110g) &#8211; BIO\"}]},{\"@type\":\"WebSite\",\"@id\":\"https:\/\/www.smekk.be\/fr\/#website\",\"url\":\"https:\/\/www.smekk.be\/fr\/\",\"name\":\"Smekk\",\"description\":\"taste the story\",\"publisher\":{\"@id\":\"https:\/\/www.smekk.be\/fr\/#organization\"},\"potentialAction\":[{\"@type\":\"SearchAction\",\"target\":{\"@type\":\"EntryPoint\",\"urlTemplate\":\"https:\/\/www.smekk.be\/fr\/?s={search_term_string}\"},\"query-input\":{\"@type\":\"PropertyValueSpecification\",\"valueRequired\":true,\"valueName\":\"search_term_string\"}}],\"inLanguage\":\"fr-FR\"},{\"@type\":\"Organization\",\"@id\":\"https:\/\/www.smekk.be\/fr\/#organization\",\"name\":\"Smekk\",\"url\":\"https:\/\/www.smekk.be\/fr\/\",\"logo\":{\"@type\":\"ImageObject\",\"inLanguage\":\"fr-FR\",\"@id\":\"https:\/\/www.smekk.be\/fr\/#\/schema\/logo\/image\/\",\"url\":\"https:\/\/www.smekk.be\/wp-content\/uploads\/2024\/04\/Smekk_Logo_RGB_Logo-Origineel-Groen.png\",\"contentUrl\":\"https:\/\/www.smekk.be\/wp-content\/uploads\/2024\/04\/Smekk_Logo_RGB_Logo-Origineel-Groen.png\",\"width\":1920,\"height\":332,\"caption\":\"Smekk\"},\"image\":{\"@id\":\"https:\/\/www.smekk.be\/fr\/#\/schema\/logo\/image\/\"},\"sameAs\":[\"https:\/\/www.instagram.com\/smekkbe\/\"]}]}<\/script>\n<!-- \/ Yoast SEO plugin. -->","yoast_head_json":{"title":"Chocolate Sesame Crackers Box (110g) - BIO - smekk","description":"La bo\u00eete Chocolate Sesame Crackers contient des biscuits (pastelis) croustillants \u00e0 base de s\u00e9same, de miel et de chocolat noir. D\u00e9couvrez vite cet en-cas sans gluten !","robots":{"index":"index","follow":"follow","max-snippet":"max-snippet:-1","max-image-preview":"max-image-preview:large","max-video-preview":"max-video-preview:-1"},"canonical":"https:\/\/www.smekk.be\/fr\/produit\/chocolate-sesame-crackers-box-110g-bio\/","og_locale":"fr_FR","og_type":"article","og_title":"Chocolate Sesame Crackers Box (110g) - BIO - smekk","og_description":"La bo\u00eete Chocolate Sesame Crackers contient des biscuits (pastelis) croustillants \u00e0 base de s\u00e9same, de miel et de chocolat noir. D\u00e9couvrez vite cet en-cas sans gluten !","og_url":"https:\/\/www.smekk.be\/fr\/produit\/chocolate-sesame-crackers-box-110g-bio\/","og_site_name":"smekk","article_modified_time":"2026-02-13T07:52:05+00:00","og_image":[{"width":1080,"height":1080,"url":"https:\/\/www.smekk.be\/wp-content\/uploads\/Chocolate-sesame-crackers-box.jpg","type":"image\/jpeg"}],"twitter_card":"summary_large_image","twitter_misc":{"Dur\u00e9e de lecture estim\u00e9e":"2 minutes"},"schema":{"@context":"https:\/\/schema.org","@graph":[{"@type":"WebPage","@id":"https:\/\/www.smekk.be\/fr\/produit\/chocolate-sesame-crackers-box-110g-bio\/","url":"https:\/\/www.smekk.be\/fr\/produit\/chocolate-sesame-crackers-box-110g-bio\/","name":"Chocolate Sesame Crackers Box (110g) - BIO - smekk","isPartOf":{"@id":"https:\/\/www.smekk.be\/fr\/#website"},"primaryImageOfPage":{"@id":"https:\/\/www.smekk.be\/fr\/produit\/chocolate-sesame-crackers-box-110g-bio\/#primaryimage"},"image":{"@id":"https:\/\/www.smekk.be\/fr\/produit\/chocolate-sesame-crackers-box-110g-bio\/#primaryimage"},"thumbnailUrl":"https:\/\/www.smekk.be\/wp-content\/uploads\/Chocolate-sesame-crackers-box.jpg","datePublished":"2026-02-11T08:10:56+00:00","dateModified":"2026-02-13T07:52:05+00:00","description":"La bo\u00eete Chocolate Sesame Crackers contient des biscuits (pastelis) croustillants \u00e0 base de s\u00e9same, de miel et de chocolat noir. D\u00e9couvrez vite cet en-cas sans gluten !","breadcrumb":{"@id":"https:\/\/www.smekk.be\/fr\/produit\/chocolate-sesame-crackers-box-110g-bio\/#breadcrumb"},"inLanguage":"fr-FR","potentialAction":[{"@type":"ReadAction","target":["https:\/\/www.smekk.be\/fr\/produit\/chocolate-sesame-crackers-box-110g-bio\/"]}]},{"@type":"ImageObject","inLanguage":"fr-FR","@id":"https:\/\/www.smekk.be\/fr\/produit\/chocolate-sesame-crackers-box-110g-bio\/#primaryimage","url":"https:\/\/www.smekk.be\/wp-content\/uploads\/Chocolate-sesame-crackers-box.jpg","contentUrl":"https:\/\/www.smekk.be\/wp-content\/uploads\/Chocolate-sesame-crackers-box.jpg","width":1080,"height":1080,"caption":"Chocolate sesame crackers box bevat 6 koeken van het Belgische merk Supersec."},{"@type":"BreadcrumbList","@id":"https:\/\/www.smekk.be\/fr\/produit\/chocolate-sesame-crackers-box-110g-bio\/#breadcrumb","itemListElement":[{"@type":"ListItem","position":1,"name":"Home","item":"https:\/\/www.smekk.be\/fr\/"},{"@type":"ListItem","position":2,"name":"Boutique","item":"https:\/\/www.smekk.be\/fr\/boutique\/"},{"@type":"ListItem","position":3,"name":"Chocolate Sesame Crackers Box (110g) &#8211; BIO"}]},{"@type":"WebSite","@id":"https:\/\/www.smekk.be\/fr\/#website","url":"https:\/\/www.smekk.be\/fr\/","name":"Smekk","description":"taste the story","publisher":{"@id":"https:\/\/www.smekk.be\/fr\/#organization"},"potentialAction":[{"@type":"SearchAction","target":{"@type":"EntryPoint","urlTemplate":"https:\/\/www.smekk.be\/fr\/?s={search_term_string}"},"query-input":{"@type":"PropertyValueSpecification","valueRequired":true,"valueName":"search_term_string"}}],"inLanguage":"fr-FR"},{"@type":"Organization","@id":"https:\/\/www.smekk.be\/fr\/#organization","name":"Smekk","url":"https:\/\/www.smekk.be\/fr\/","logo":{"@type":"ImageObject","inLanguage":"fr-FR","@id":"https:\/\/www.smekk.be\/fr\/#\/schema\/logo\/image\/","url":"https:\/\/www.smekk.be\/wp-content\/uploads\/2024\/04\/Smekk_Logo_RGB_Logo-Origineel-Groen.png","contentUrl":"https:\/\/www.smekk.be\/wp-content\/uploads\/2024\/04\/Smekk_Logo_RGB_Logo-Origineel-Groen.png","width":1920,"height":332,"caption":"Smekk"},"image":{"@id":"https:\/\/www.smekk.be\/fr\/#\/schema\/logo\/image\/"},"sameAs":["https:\/\/www.instagram.com\/smekkbe\/"]}]}},"jetpack_sharing_enabled":true,"_links":{"self":[{"href":"https:\/\/www.smekk.be\/fr\/wp-json\/wp\/v2\/product\/17994","targetHints":{"allow":["GET"]}}],"collection":[{"href":"https:\/\/www.smekk.be\/fr\/wp-json\/wp\/v2\/product"}],"about":[{"href":"https:\/\/www.smekk.be\/fr\/wp-json\/wp\/v2\/types\/product"}],"replies":[{"embeddable":true,"href":"https:\/\/www.smekk.be\/fr\/wp-json\/wp\/v2\/comments?post=17994"}],"wp:featuredmedia":[{"embeddable":true,"href":"https:\/\/www.smekk.be\/fr\/wp-json\/wp\/v2\/media\/17714"}],"wp:attachment":[{"href":"https:\/\/www.smekk.be\/fr\/wp-json\/wp\/v2\/media?parent=17994"}],"wp:term":[{"taxonomy":"product_brand","embeddable":true,"href":"https:\/\/www.smekk.be\/fr\/wp-json\/wp\/v2\/product_brand?post=17994"},{"taxonomy":"product_cat","embeddable":true,"href":"https:\/\/www.smekk.be\/fr\/wp-json\/wp\/v2\/product_cat?post=17994"},{"taxonomy":"product_tag","embeddable":true,"href":"https:\/\/www.smekk.be\/fr\/wp-json\/wp\/v2\/product_tag?post=17994"}],"curies":[{"name":"wp","href":"https:\/\/api.w.org\/{rel}","templated":true}]}}