{"id":17892,"date":"2026-02-04T11:03:31","date_gmt":"2026-02-04T11:03:31","guid":{"rendered":"https:\/\/www.smekk.be\/product\/cherico-hydrate-120g\/"},"modified":"2026-02-09T10:14:30","modified_gmt":"2026-02-09T10:14:30","slug":"cherico-hydrate-120g","status":"publish","type":"product","link":"https:\/\/www.smekk.be\/fr\/produit\/cherico-hydrate-120g\/","title":{"rendered":"Cherico &#8211; Hydrate (120g)"},"content":{"rendered":"<h1>Une hydratation optimale gr\u00e2ce \u00e0 la chicor\u00e9e, aux \u00e9lectrolytes et aux vitamines.<\/h1>\n<h2><strong data-start=\"277\" data-end=\"359\">Hydratation quotidienne: nourrissez votre corps, \u00e9veillez vos papilles.<\/strong><\/h2>\n<p data-start=\"277\" data-end=\"359\">Boire suffisamment d&rsquo;eau au quotidien n&rsquo;est pas toujours une \u00e9vidence. Pour vous y aider, <a href=\"https:\/\/www.smekk.be\/fr\/boutique\/?filter_merk=cherico-fr\">la marque fran\u00e7aise Cherico<\/a> a cr\u00e9\u00e9 <strong>Hydrate<\/strong>: sa <strong>boisson signature \u00e0 la chicor\u00e9e, enrichie en \u00e9lectrolytes et en vitamines<\/strong>. Offrez \u00e0 votre corps ce boost suppl\u00e9mentaire et sentez la diff\u00e9rence.  <\/p>\n<p data-start=\"361\" data-end=\"689\">Int\u00e9grez Hydrate \u00e0 votre routine et redonnez de la vitalit\u00e9 \u00e0 votre corps gr\u00e2ce \u00e0 son m\u00e9lange intelligent <strong data-start=\"480\" data-end=\"525\">d&rsquo;\u00e9lectrolytes (magn\u00e9sium, potassium, sodium)<\/strong> et <strong data-start=\"529\" data-end=\"568\">de vitamines essentielles (B1, B2, C, E)<\/strong>. Associ\u00e9s \u00e0 la base de chicor\u00e9e torr\u00e9fi\u00e9e, cela cr\u00e9e une boisson douce et \u00e9quilibr\u00e9e qui vous soutient de l&rsquo;int\u00e9rieur. Sans caf\u00e9ine, sans sucre, mais avec un go\u00fbt intense.<\/p>\n<p data-start=\"691\" data-end=\"829\">Parfait pour <strong data-start=\"705\" data-end=\"728\">maintenir votre niveau d\u2019\u00e9nergie<\/strong> et <strong data-start=\"742\" data-end=\"779\">hydrater votre corps de mani\u00e8re optimale<\/strong>. \u00c0 boire chaud ou froid, \u00e0 n&rsquo;importe quel moment de la journ\u00e9e. <\/p>\n<p>&nbsp;<\/p>\n<h2 data-start=\"836\" data-end=\"880\">Hydrate: Donnez un coup de pouce naturel \u00e0 votre corps<\/h2>\n<ul data-start=\"882\" data-end=\"1185\">\n<li data-start=\"882\" data-end=\"935\">\n<p data-start=\"884\" data-end=\"935\">Une <strong data-start=\"886\" data-end=\"900\">hydratation<\/strong> sans boissons \u00e9nerg\u00e9tiques artificielles: tout est enti\u00e8rement naturel.<\/p>\n<\/li>\n<li data-start=\"936\" data-end=\"990\">\n<p data-start=\"938\" data-end=\"990\"><strong data-start=\"940\" data-end=\"958\">L\u2019alternative id\u00e9ale au caf\u00e9: sans caf\u00e9ine<\/strong>, mais avec une \u00e9nergie naturelle.<\/p>\n<\/li>\n<li data-start=\"991\" data-end=\"1048\">\n<p data-start=\"993\" data-end=\"1048\">La synergie entre les diff\u00e9rents \u00e9lectrolytes et vitamines soutient <strong data-start=\"1008\" data-end=\"1046\">vos muscles, votre syst\u00e8me nerveux ainsi que votre syst\u00e8me immunitaire.<\/strong> <\/p>\n<\/li>\n<li data-start=\"1049\" data-end=\"1111\">\n<p data-start=\"1051\" data-end=\"1111\"><strong data-start=\"1053\" data-end=\"1069\">Une saveur douce proche du caf\u00e9<\/strong>, sublim\u00e9e par les notes torr\u00e9fi\u00e9es de la chicor\u00e9e.<\/p>\n<\/li>\n<li data-start=\"1112\" data-end=\"1185\">\n<p data-start=\"1114\" data-end=\"1185\">Id\u00e9al apr\u00e8s le yoga, une s\u00e9ance d&rsquo;entra\u00eenement, une journ\u00e9e bien remplie ou tout simplement pour se requinquer.<\/p>\n<\/li>\n<\/ul>\n<p>&nbsp;<\/p>\n<h2 data-start=\"1585\" data-end=\"1622\">Comment utiliser cette boisson Hydrate: chicor\u00e9e et \u00e9lectrolytes?<\/h2>\n<h3>Comme boisson chaude \u00e0 la chicor\u00e9e<\/h3>\n<ol data-start=\"1624\" data-end=\"1900\">\n<li data-start=\"1624\" data-end=\"1705\">\n<p data-start=\"1627\" data-end=\"1705\">Ajoutez <strong data-start=\"1632\" data-end=\"1652\">1 \u00e0 2 petites cuill\u00e8res (4-6 g)<\/strong> \u00e0 200 ml d&rsquo;eau chaude ou de lait (\u00e9galement v\u00e9g\u00e9tal).<\/p>\n<\/li>\n<li data-start=\"1706\" data-end=\"1755\">\n<p data-start=\"1709\" data-end=\"1755\">Remuez bien jusqu&rsquo;\u00e0 ce que la poudre soit compl\u00e8tement dissoute.<\/p>\n<\/li>\n<\/ol>\n<h3 data-start=\"1709\" data-end=\"1755\">Vous pr\u00e9f\u00e9rez une boisson fra\u00eeche?<\/h3>\n<ol>\n<li data-start=\"1709\" data-end=\"1755\">Pr\u00e9parez votre base en d\u00e9layant la poudre (6 g) dans un peu d&rsquo;eau chaude ou de lait (v\u00e9g\u00e9tal), tout en remuant.<\/li>\n<li data-start=\"1709\" data-end=\"1755\">Ajoutez ensuite des gla\u00e7ons dans votre verre et versez le lait froid ou l&rsquo;eau.<\/li>\n<li data-start=\"1709\" data-end=\"1755\">Prenez vite votre photo Instagram, remuez et savourez votre <strong data-start=\"1877\" data-end=\"1899\">Iced Hydrate Latte<\/strong>!<\/li>\n<\/ol>\n<p>&nbsp;<\/p>\n<p><em><strong>NOTE<\/strong><\/em>: Il est recommand\u00e9 de ne pas d\u00e9passer la dose journali\u00e8re de 2 tasses par jour.<\/p>\n<p>&nbsp;<\/p>\n<h2 data-start=\"2321\" data-end=\"2351\">Qu\u2019est-ce que c&rsquo;est, la chicor\u00e9e, au juste ?<\/h2>\n<p data-start=\"2353\" data-end=\"2697\">La chicor\u00e9e est la cousine moins connue de l&rsquo;endive et de la scarole. Sa racine est torr\u00e9fi\u00e9e et moulue pour cr\u00e9er une boisson qui ressemble au caf\u00e9 instantan\u00e9. Son go\u00fbt torr\u00e9fi\u00e9 est doux, l\u00e9g\u00e8rement noiset\u00e9 avec une touche de caramel. <strong data-start=\"2524\" data-end=\"2553\">Riche en fibres (inuline)<\/strong>, la chicor\u00e9e soutient la digestion et ne contient <strong data-start=\"2594\" data-end=\"2610\">pas de caf\u00e9ine<\/strong>. C&rsquo;est donc l&rsquo;alternative parfaite \u00e0 votre tasse de caf\u00e9 quotidienne, sans sacrifier sur le go\u00fbt ni sur la convivialit\u00e9.    <\/p>\n<p data-start=\"2353\" data-end=\"2697\">Contrairement au caf\u00e9 d\u00e9caf\u00e9in\u00e9, souvent trait\u00e9 avec des produits chimiques, la chicor\u00e9e est naturellement sans caf\u00e9ine. Vous pouvez donc savourer votre d\u00e9licieuse boisson sans aucun souci. <\/p>\n<p>&nbsp;<\/p>\n<h2 data-start=\"1907\" data-end=\"1947\">Quand boire cette boisson \u00e0 base de chicor\u00e9e riche en \u00e9lectrolytes?<\/h2>\n<ul data-start=\"1949\" data-end=\"2190\">\n<li data-start=\"1949\" data-end=\"1986\">\n<p data-start=\"1951\" data-end=\"1986\"><strong>Hydratation apr\u00e8s le sport <\/strong>ou pendant la r\u00e9cup\u00e9ration<\/p>\n<\/li>\n<li data-start=\"1987\" data-end=\"2045\">\n<p data-start=\"1989\" data-end=\"2045\"><strong>Un coup de pouce lors des journ\u00e9es de travail charg\u00e9es<\/strong>, pour rester alerte sans caf\u00e9ine<\/p>\n<\/li>\n<li data-start=\"2046\" data-end=\"2096\">\n<p data-start=\"2048\" data-end=\"2096\">Hydratation <strong>en cas de fortes chaleurs <\/strong>ou de faible apport en liquides<\/p>\n<\/li>\n<li data-start=\"2097\" data-end=\"2152\">\n<p data-start=\"2099\" data-end=\"2152\">Une <strong>alternative parfaite au caf\u00e9 (d\u00e9caf\u00e9in\u00e9)<\/strong> ou aux boissons riches en sucre.<\/p>\n<\/li>\n<li data-start=\"2153\" data-end=\"2190\">\n<p data-start=\"2155\" data-end=\"2190\"><strong>Apport suppl\u00e9mentaire de vitamines<\/strong> pendant une p\u00e9riode d\u00e9tox ou un moment de soins personnels.<\/p>\n<\/li>\n<\/ul>\n<p>&nbsp;<\/p>\n<h2>Ingr\u00e9dients:<\/h2>\n<p>Chicor\u00e9e, citrate de potassium tribasique, citrate de magn\u00e9sium, bicarbonate de sodium, vitamine C, vitamine E, vitamine B2 (riboflavine), vitamine B1 (thiamine)<\/p>\n","protected":false},"excerpt":{"rendered":"<p>Hydrate, de la marque fran\u00e7aise Cherico, est une d\u00e9licieuse boisson \u00e0 base de chicor\u00e9e enrichie en \u00e9lectrolytes et en vitamines pour hydrater votre corps de mani\u00e8re optimale apr\u00e8s le sport ou pendant les journ\u00e9es chaudes.<\/p>\n","protected":false},"featured_media":17823,"comment_status":"open","ping_status":"closed","template":"","meta":{"_acf_changed":false},"product_brand":[],"product_cat":[465,466,319,316,275],"product_tag":[],"class_list":{"0":"post-17892","1":"product","2":"type-product","3":"status-publish","4":"has-post-thumbnail","6":"product_cat-boisson-a-la-chicoree","7":"product_cat-boisson-a-la-chicoree-fr","8":"product_cat-cafe-fr","9":"product_cat-chocolat-chaud-plus-fr","10":"product_cat-nouveau","12":"first","13":"instock","14":"taxable","15":"shipping-taxable","16":"purchasable","17":"product-type-simple"},"acf":{"ean_code":"3770031961447","alleen_voor_retailers":false,"alleen_voor_particulieren":false,"terug_op_voorraad_vanaf":null,"bulk_discount_threshold":6,"horeca_pack":false,"cera_discount_percentage":""},"yoast_head":"<!-- This site is optimized with the Yoast SEO plugin v27.0 - https:\/\/yoast.com\/product\/yoast-seo-wordpress\/ -->\n<title>Cherico - Hydrate (120g) - smekk<\/title>\n<meta name=\"description\" content=\"Cherico Hydrate est une d\u00e9licieuse boisson \u00e0 base de chicor\u00e9e, enrichie en \u00e9lectrolytes et en vitamines, pour une hydratation optimale lors de vos s\u00e9ances de sport ou par temps chaud.\" \/>\n<meta name=\"robots\" content=\"index, follow, max-snippet:-1, max-image-preview:large, max-video-preview:-1\" \/>\n<link rel=\"canonical\" href=\"https:\/\/www.smekk.be\/fr\/produit\/cherico-hydrate-120g\/\" \/>\n<meta property=\"og:locale\" content=\"fr_FR\" \/>\n<meta property=\"og:type\" content=\"article\" \/>\n<meta property=\"og:title\" content=\"Cherico - Hydrate (120g) - smekk\" \/>\n<meta property=\"og:description\" content=\"Cherico Hydrate est une d\u00e9licieuse boisson \u00e0 base de chicor\u00e9e, enrichie en \u00e9lectrolytes et en vitamines, pour une hydratation optimale lors de vos s\u00e9ances de sport ou par temps chaud.\" \/>\n<meta property=\"og:url\" content=\"https:\/\/www.smekk.be\/fr\/produit\/cherico-hydrate-120g\/\" \/>\n<meta property=\"og:site_name\" content=\"smekk\" \/>\n<meta property=\"article:modified_time\" content=\"2026-02-09T10:14:30+00:00\" \/>\n<meta property=\"og:image\" content=\"https:\/\/www.smekk.be\/wp-content\/uploads\/cherico-Hydrate-electrolyten-1.jpg\" \/>\n\t<meta property=\"og:image:width\" content=\"1080\" \/>\n\t<meta property=\"og:image:height\" content=\"1080\" \/>\n\t<meta property=\"og:image:type\" content=\"image\/jpeg\" \/>\n<meta name=\"twitter:card\" content=\"summary_large_image\" \/>\n<meta name=\"twitter:label1\" content=\"Dur\u00e9e de lecture estim\u00e9e\" \/>\n\t<meta name=\"twitter:data1\" content=\"3 minutes\" \/>\n<script type=\"application\/ld+json\" class=\"yoast-schema-graph\">{\"@context\":\"https:\/\/schema.org\",\"@graph\":[{\"@type\":\"WebPage\",\"@id\":\"https:\/\/www.smekk.be\/fr\/produit\/cherico-hydrate-120g\/\",\"url\":\"https:\/\/www.smekk.be\/fr\/produit\/cherico-hydrate-120g\/\",\"name\":\"Cherico - Hydrate (120g) - smekk\",\"isPartOf\":{\"@id\":\"https:\/\/www.smekk.be\/fr\/#website\"},\"primaryImageOfPage\":{\"@id\":\"https:\/\/www.smekk.be\/fr\/produit\/cherico-hydrate-120g\/#primaryimage\"},\"image\":{\"@id\":\"https:\/\/www.smekk.be\/fr\/produit\/cherico-hydrate-120g\/#primaryimage\"},\"thumbnailUrl\":\"https:\/\/www.smekk.be\/wp-content\/uploads\/cherico-Hydrate-electrolyten-1.jpg\",\"datePublished\":\"2026-02-04T11:03:31+00:00\",\"dateModified\":\"2026-02-09T10:14:30+00:00\",\"description\":\"Cherico Hydrate est une d\u00e9licieuse boisson \u00e0 base de chicor\u00e9e, enrichie en \u00e9lectrolytes et en vitamines, pour une hydratation optimale lors de vos s\u00e9ances de sport ou par temps chaud.\",\"breadcrumb\":{\"@id\":\"https:\/\/www.smekk.be\/fr\/produit\/cherico-hydrate-120g\/#breadcrumb\"},\"inLanguage\":\"fr-FR\",\"potentialAction\":[{\"@type\":\"ReadAction\",\"target\":[\"https:\/\/www.smekk.be\/fr\/produit\/cherico-hydrate-120g\/\"]}]},{\"@type\":\"ImageObject\",\"inLanguage\":\"fr-FR\",\"@id\":\"https:\/\/www.smekk.be\/fr\/produit\/cherico-hydrate-120g\/#primaryimage\",\"url\":\"https:\/\/www.smekk.be\/wp-content\/uploads\/cherico-Hydrate-electrolyten-1.jpg\",\"contentUrl\":\"https:\/\/www.smekk.be\/wp-content\/uploads\/cherico-Hydrate-electrolyten-1.jpg\",\"width\":1080,\"height\":1080,\"caption\":\"Een unicum op de markt is deze Hydrate van Cherico. Heerlijk koffieachtige smaak met cichorei, elektrolyten en vitamines.\"},{\"@type\":\"BreadcrumbList\",\"@id\":\"https:\/\/www.smekk.be\/fr\/produit\/cherico-hydrate-120g\/#breadcrumb\",\"itemListElement\":[{\"@type\":\"ListItem\",\"position\":1,\"name\":\"Home\",\"item\":\"https:\/\/www.smekk.be\/fr\/\"},{\"@type\":\"ListItem\",\"position\":2,\"name\":\"Boutique\",\"item\":\"https:\/\/www.smekk.be\/fr\/boutique\/\"},{\"@type\":\"ListItem\",\"position\":3,\"name\":\"Cherico &#8211; Hydrate (120g)\"}]},{\"@type\":\"WebSite\",\"@id\":\"https:\/\/www.smekk.be\/fr\/#website\",\"url\":\"https:\/\/www.smekk.be\/fr\/\",\"name\":\"Smekk\",\"description\":\"taste the story\",\"publisher\":{\"@id\":\"https:\/\/www.smekk.be\/fr\/#organization\"},\"potentialAction\":[{\"@type\":\"SearchAction\",\"target\":{\"@type\":\"EntryPoint\",\"urlTemplate\":\"https:\/\/www.smekk.be\/fr\/?s={search_term_string}\"},\"query-input\":{\"@type\":\"PropertyValueSpecification\",\"valueRequired\":true,\"valueName\":\"search_term_string\"}}],\"inLanguage\":\"fr-FR\"},{\"@type\":\"Organization\",\"@id\":\"https:\/\/www.smekk.be\/fr\/#organization\",\"name\":\"Smekk\",\"url\":\"https:\/\/www.smekk.be\/fr\/\",\"logo\":{\"@type\":\"ImageObject\",\"inLanguage\":\"fr-FR\",\"@id\":\"https:\/\/www.smekk.be\/fr\/#\/schema\/logo\/image\/\",\"url\":\"https:\/\/www.smekk.be\/wp-content\/uploads\/2024\/04\/Smekk_Logo_RGB_Logo-Origineel-Groen.png\",\"contentUrl\":\"https:\/\/www.smekk.be\/wp-content\/uploads\/2024\/04\/Smekk_Logo_RGB_Logo-Origineel-Groen.png\",\"width\":1920,\"height\":332,\"caption\":\"Smekk\"},\"image\":{\"@id\":\"https:\/\/www.smekk.be\/fr\/#\/schema\/logo\/image\/\"},\"sameAs\":[\"https:\/\/www.instagram.com\/smekkbe\/\"]}]}<\/script>\n<!-- \/ Yoast SEO plugin. -->","yoast_head_json":{"title":"Cherico - Hydrate (120g) - smekk","description":"Cherico Hydrate est une d\u00e9licieuse boisson \u00e0 base de chicor\u00e9e, enrichie en \u00e9lectrolytes et en vitamines, pour une hydratation optimale lors de vos s\u00e9ances de sport ou par temps chaud.","robots":{"index":"index","follow":"follow","max-snippet":"max-snippet:-1","max-image-preview":"max-image-preview:large","max-video-preview":"max-video-preview:-1"},"canonical":"https:\/\/www.smekk.be\/fr\/produit\/cherico-hydrate-120g\/","og_locale":"fr_FR","og_type":"article","og_title":"Cherico - Hydrate (120g) - smekk","og_description":"Cherico Hydrate est une d\u00e9licieuse boisson \u00e0 base de chicor\u00e9e, enrichie en \u00e9lectrolytes et en vitamines, pour une hydratation optimale lors de vos s\u00e9ances de sport ou par temps chaud.","og_url":"https:\/\/www.smekk.be\/fr\/produit\/cherico-hydrate-120g\/","og_site_name":"smekk","article_modified_time":"2026-02-09T10:14:30+00:00","og_image":[{"width":1080,"height":1080,"url":"https:\/\/www.smekk.be\/wp-content\/uploads\/cherico-Hydrate-electrolyten-1.jpg","type":"image\/jpeg"}],"twitter_card":"summary_large_image","twitter_misc":{"Dur\u00e9e de lecture estim\u00e9e":"3 minutes"},"schema":{"@context":"https:\/\/schema.org","@graph":[{"@type":"WebPage","@id":"https:\/\/www.smekk.be\/fr\/produit\/cherico-hydrate-120g\/","url":"https:\/\/www.smekk.be\/fr\/produit\/cherico-hydrate-120g\/","name":"Cherico - Hydrate (120g) - smekk","isPartOf":{"@id":"https:\/\/www.smekk.be\/fr\/#website"},"primaryImageOfPage":{"@id":"https:\/\/www.smekk.be\/fr\/produit\/cherico-hydrate-120g\/#primaryimage"},"image":{"@id":"https:\/\/www.smekk.be\/fr\/produit\/cherico-hydrate-120g\/#primaryimage"},"thumbnailUrl":"https:\/\/www.smekk.be\/wp-content\/uploads\/cherico-Hydrate-electrolyten-1.jpg","datePublished":"2026-02-04T11:03:31+00:00","dateModified":"2026-02-09T10:14:30+00:00","description":"Cherico Hydrate est une d\u00e9licieuse boisson \u00e0 base de chicor\u00e9e, enrichie en \u00e9lectrolytes et en vitamines, pour une hydratation optimale lors de vos s\u00e9ances de sport ou par temps chaud.","breadcrumb":{"@id":"https:\/\/www.smekk.be\/fr\/produit\/cherico-hydrate-120g\/#breadcrumb"},"inLanguage":"fr-FR","potentialAction":[{"@type":"ReadAction","target":["https:\/\/www.smekk.be\/fr\/produit\/cherico-hydrate-120g\/"]}]},{"@type":"ImageObject","inLanguage":"fr-FR","@id":"https:\/\/www.smekk.be\/fr\/produit\/cherico-hydrate-120g\/#primaryimage","url":"https:\/\/www.smekk.be\/wp-content\/uploads\/cherico-Hydrate-electrolyten-1.jpg","contentUrl":"https:\/\/www.smekk.be\/wp-content\/uploads\/cherico-Hydrate-electrolyten-1.jpg","width":1080,"height":1080,"caption":"Een unicum op de markt is deze Hydrate van Cherico. Heerlijk koffieachtige smaak met cichorei, elektrolyten en vitamines."},{"@type":"BreadcrumbList","@id":"https:\/\/www.smekk.be\/fr\/produit\/cherico-hydrate-120g\/#breadcrumb","itemListElement":[{"@type":"ListItem","position":1,"name":"Home","item":"https:\/\/www.smekk.be\/fr\/"},{"@type":"ListItem","position":2,"name":"Boutique","item":"https:\/\/www.smekk.be\/fr\/boutique\/"},{"@type":"ListItem","position":3,"name":"Cherico &#8211; Hydrate (120g)"}]},{"@type":"WebSite","@id":"https:\/\/www.smekk.be\/fr\/#website","url":"https:\/\/www.smekk.be\/fr\/","name":"Smekk","description":"taste the story","publisher":{"@id":"https:\/\/www.smekk.be\/fr\/#organization"},"potentialAction":[{"@type":"SearchAction","target":{"@type":"EntryPoint","urlTemplate":"https:\/\/www.smekk.be\/fr\/?s={search_term_string}"},"query-input":{"@type":"PropertyValueSpecification","valueRequired":true,"valueName":"search_term_string"}}],"inLanguage":"fr-FR"},{"@type":"Organization","@id":"https:\/\/www.smekk.be\/fr\/#organization","name":"Smekk","url":"https:\/\/www.smekk.be\/fr\/","logo":{"@type":"ImageObject","inLanguage":"fr-FR","@id":"https:\/\/www.smekk.be\/fr\/#\/schema\/logo\/image\/","url":"https:\/\/www.smekk.be\/wp-content\/uploads\/2024\/04\/Smekk_Logo_RGB_Logo-Origineel-Groen.png","contentUrl":"https:\/\/www.smekk.be\/wp-content\/uploads\/2024\/04\/Smekk_Logo_RGB_Logo-Origineel-Groen.png","width":1920,"height":332,"caption":"Smekk"},"image":{"@id":"https:\/\/www.smekk.be\/fr\/#\/schema\/logo\/image\/"},"sameAs":["https:\/\/www.instagram.com\/smekkbe\/"]}]}},"jetpack_sharing_enabled":true,"_links":{"self":[{"href":"https:\/\/www.smekk.be\/fr\/wp-json\/wp\/v2\/product\/17892","targetHints":{"allow":["GET"]}}],"collection":[{"href":"https:\/\/www.smekk.be\/fr\/wp-json\/wp\/v2\/product"}],"about":[{"href":"https:\/\/www.smekk.be\/fr\/wp-json\/wp\/v2\/types\/product"}],"replies":[{"embeddable":true,"href":"https:\/\/www.smekk.be\/fr\/wp-json\/wp\/v2\/comments?post=17892"}],"wp:featuredmedia":[{"embeddable":true,"href":"https:\/\/www.smekk.be\/fr\/wp-json\/wp\/v2\/media\/17823"}],"wp:attachment":[{"href":"https:\/\/www.smekk.be\/fr\/wp-json\/wp\/v2\/media?parent=17892"}],"wp:term":[{"taxonomy":"product_brand","embeddable":true,"href":"https:\/\/www.smekk.be\/fr\/wp-json\/wp\/v2\/product_brand?post=17892"},{"taxonomy":"product_cat","embeddable":true,"href":"https:\/\/www.smekk.be\/fr\/wp-json\/wp\/v2\/product_cat?post=17892"},{"taxonomy":"product_tag","embeddable":true,"href":"https:\/\/www.smekk.be\/fr\/wp-json\/wp\/v2\/product_tag?post=17892"}],"curies":[{"name":"wp","href":"https:\/\/api.w.org\/{rel}","templated":true}]}}