{"id":13790,"date":"2025-06-16T13:57:51","date_gmt":"2025-06-16T13:57:51","guid":{"rendered":"https:\/\/www.smekk.be\/product\/gift-pack-nsane-x-sofie-dumont\/"},"modified":"2025-06-16T13:57:51","modified_gmt":"2025-06-16T13:57:51","slug":"gift-pack-nsane-x-sofie-dumont","status":"publish","type":"product","link":"https:\/\/www.smekk.be\/fr\/produit\/gift-pack-nsane-x-sofie-dumont\/","title":{"rendered":"Gift Pack N&rsquo;Sane x Sofie Dumont"},"content":{"rendered":"<h1 data-start=\"914\" data-end=\"986\">Gift pack N\u2019Sane x Sofie Dumont \u2013 tout pour une exp\u00e9rience de consommation unique<\/h1>\n<p data-start=\"988\" data-end=\"1272\">Vous cherchez un cadeau original et savoureux pour un amateur de mocktails ou de cocktails aventureux ? Avec ce <strong data-start=\"1117\" data-end=\"1140\">coffret exclusif<\/strong>, <strong data-start=\"1150\" data-end=\"1160\">N&rsquo;Sane<\/strong> et la <strong data-start=\"1164\" data-end=\"1185\">chef Sofie Dumont<\/strong> s&rsquo;associent dans un coffret unique qui allie sant\u00e9, cr\u00e9ativit\u00e9 et sophistication. <\/p>\n<p>&nbsp;<\/p>\n<h2 data-start=\"1279\" data-end=\"1304\">Que contient le paquet cadeau N&rsquo;Sane x Sofie Dumont ?<\/h2>\n<ul data-start=\"1306\" data-end=\"1774\">\n<li data-start=\"1306\" data-end=\"1419\">\n<p data-start=\"1308\" data-end=\"1419\"><strong data-start=\"1311\" data-end=\"1352\">1 bouteille N\u2019Sane <a href=\"https:\/\/www.smekk.be\/product\/nsane-cranberry-chipotle-mixer-500ml\/\">Cranberry Chipotle mixer (500ml)<\/a><\/strong><br data-start=\"1352\" data-end=\"1355\">D\u00e9velopp\u00e9 en collaboration avec la chef de la t\u00e9l\u00e9vision Sofie Dumont. Ce m\u00e9langeur associe la canneberge fra\u00eeche \u00e0 la saveur fum\u00e9e du piment chipotle. Chaque verre a <strong>une saveur fum\u00e9e magnifiquement \u00e9quilibr\u00e9e sans \u00eatre \u00e9pic\u00e9 en bouche.<\/strong>   <\/p>\n<\/li>\n<li data-start=\"1420\" data-end=\"1500\">\n<p data-start=\"1422\" data-end=\"1500\"><strong data-start=\"1425\" data-end=\"1458\">Deux verres N&rsquo;Sane originaux et deux pailles r\u00e9utilisables:<\/strong><br data-start=\"1458\" data-end=\"1461\">Il n&rsquo;y a rien de plus amusant que de servir une boisson dans un verre sp\u00e9cialement con\u00e7u \u00e0 cet effet. Au moment de servir, utilisez les pailles durables pour compl\u00e9ter le look <\/p>\n<\/li>\n<li data-start=\"1501\" data-end=\"1620\">\n<p data-start=\"1503\" data-end=\"1620\"><strong data-start=\"1506\" data-end=\"1552\">Tranches d&rsquo;orange s\u00e9ch\u00e9e et sel piment\u00e9:<\/strong><br data-start=\"1552\" data-end=\"1555\">Merveilleux pour agr\u00e9menter toutes vos cr\u00e9ations de boissons et leur donner une nouvelle dimension.<\/p>\n<\/li>\n<li data-start=\"1621\" data-end=\"1702\">\n<p data-start=\"1623\" data-end=\"1702\"><strong data-start=\"1626\" data-end=\"1656\">Livret de recettes inspirantes:<\/strong><br data-start=\"1656\" data-end=\"1659\">Avec des cr\u00e9ations originales de Sofie Dumont. Le livret contient des recettes pour des mocktails, des cocktails et la fa\u00e7on d&rsquo;utiliser ce mixer simplement comme un boisson frais. <\/p>\n<\/li>\n<\/ul>\n<p>&nbsp;<\/p>\n<h2 data-start=\"1781\" data-end=\"1822\">L&rsquo;exp\u00e9rience gustative ultime, sans alcool<\/h2>\n<p data-start=\"1824\" data-end=\"2102\">Ce coffret cadeau vous permet de cr\u00e9er des <strong data-start=\"1871\" data-end=\"1920\">mocktails sophistiqu\u00e9s et des cocktails originaux<\/strong> en un rien de temps. Tout est adapt\u00e9 \u00e0 <strong data-start=\"2008\" data-end=\"2046\">la saveur caract\u00e9ristique du Cranberry Chipotle<\/strong> : fra\u00eechement acidul\u00e9, l\u00e9g\u00e8rement \u00e9pic\u00e9, fum\u00e9 et \u00e9tonnamment stratifi\u00e9. <\/p>\n<p>&nbsp;<\/p>\n<h2 data-start=\"2025\" data-end=\"2050\">Des possibilit\u00e9s N&rsquo;dless (sans limites) avec du caract\u00e8re<\/h2>\n<p data-start=\"1954\" data-end=\"1988\">Utiliser ce m\u00e9lange comme base :<\/p>\n<ul data-start=\"1989\" data-end=\"2142\">\n<li data-start=\"1989\" data-end=\"2032\">Pour les <strong>mocktails<\/strong> \u00e9pic\u00e9s : m\u00e9langer 3 \u00e0 5 cl avec de l&rsquo;eau (gazeuse) ou du tonic.<\/li>\n<\/ul>\n<ul data-start=\"2062\" data-end=\"2219\">\n<li data-start=\"2062\" data-end=\"2103\">Pr\u00e9parez un co<strong>cktail avec une touche fum\u00e9e : m\u00e9langez 5 ml avec un spiritueux de votre choix ou suivez l&rsquo;une des r<\/strong>ecettes de <a href=\"https:\/\/www.smekk.be\/recepten\/\">cocktails<\/a>.<\/li>\n<li data-start=\"2104\" data-end=\"2153\">\n<p data-start=\"2106\" data-end=\"2153\">Ajoutez une dimension suppl\u00e9mentaire \u00e0 votre <strong>gin-tonic<\/strong><\/p>\n<\/li>\n<li data-start=\"2154\" data-end=\"2219\">\n<p data-start=\"2156\" data-end=\"2219\">Pour une <strong>limonade<\/strong> plus punch\u00e9e<\/p>\n<\/li>\n<li data-start=\"2154\" data-end=\"2219\">une <strong>boisson chaude \u00e0 base de plantes<\/strong> : ajoutez une pinc\u00e9e de Mixer \u00e0 votre eau chaude ou \u00e0 votre th\u00e9 pr\u00e9f\u00e9r\u00e9<\/li>\n<\/ul>\n<p data-start=\"2144\" data-end=\"2215\">Le choix id\u00e9al pour ceux qui aiment exp\u00e9rimenter et qui d\u00e9sirent une boisson diff\u00e9rente de celle qu&rsquo;ils consomment habituellement \u00e0 la maison.<\/p>\n<p>&nbsp;<\/p>\n<h2 data-start=\"2109\" data-end=\"2146\">La marque N&rsquo;Sane : &lsquo;Clean Label&rsquo; et pleine de saveur<\/h2>\n<p data-start=\"2148\" data-end=\"2196\">La jeune marque belge N&rsquo;Sane est synonyme de saveur et de \u00ab clean label \u00bb. Par exemple, <strong>il n&rsquo;y a pas de sucre raffin\u00e9 ajout\u00e9, de conservateurs ou d&rsquo;additifs c\u00f4tiers dans leurs mixers<\/strong>. En revanche, ils utilisent <strong>des jus et des herbes 100 % naturels<\/strong>. La touche l\u00e9g\u00e8rement sucr\u00e9e provient du <strong>sucralose<\/strong> ou des jus naturels de fruits.   <\/p>\n<p>&nbsp;<\/p>\n<h2 data-start=\"2489\" data-end=\"2519\">A qui s&rsquo;adresse ce coffret cadeau N&rsquo;Sane x Sofie Dumont ?<\/h2>\n<p data-start=\"2521\" data-end=\"2541\">Ce coffret est le cadeau id\u00e9al pour <strong>l&rsquo;h\u00f4te <\/strong>d&rsquo;un barbecue ou pour les <strong>foodies<\/strong>, les <strong>amateurs de mocktails<\/strong> ou l<strong>es \u00e9picuriens conscients<\/strong>. Vous cherchez <strong>un original cadeau professionnel <\/strong>? Ce coffret N&rsquo;Sane x Sofie Dumont est la solution !  <\/p>\n<p>&nbsp;<\/p>\n<h2 data-start=\"2780\" data-end=\"2837\">Pourquoi choisir le de gift pack N\u2019Sane x Sofie Dumont?<\/h2>\n<ul data-start=\"2839\" data-end=\"3025\">\n<li data-start=\"2839\" data-end=\"2892\">\n<p data-start=\"2841\" data-end=\"2892\">Emballage tout-en-un pour m\u00e9langer et d\u00e9guster \u00e0 la maison<\/p>\n<\/li>\n<li data-start=\"2893\" data-end=\"2938\">\n<p data-start=\"2895\" data-end=\"2938\">\u00c9l\u00e9gant, inspirant et pr\u00eat \u00e0 l&#8217;emploi<\/p>\n<\/li>\n<li data-start=\"2939\" data-end=\"2979\">\n<p data-start=\"2941\" data-end=\"2979\">Sain, naturel et sans alcool<\/p>\n<\/li>\n<li data-start=\"2980\" data-end=\"3025\">\n<p data-start=\"2982\" data-end=\"3025\">Un cadeau original pour toutes les occasions<\/p>\n<\/li>\n<li data-start=\"2980\" data-end=\"3025\">Emball\u00e9 dans une <strong data-start=\"2412\" data-end=\"2444\">bo\u00eete \u00e9l\u00e9gante et pr\u00eate \u00e0 \u00eatre offerte<\/strong> : id\u00e9al pour les cadeaux directs.<\/li>\n<\/ul>\n<h2><\/h2>\n<p>&nbsp;<\/p>\n<h2>Ingr\u00e9dients du mixer Cranberry Chipotle:<\/h2>\n<p>Airelles (40%), pomme, citron, \u00e9dulcorant (sucralose), chipotle (0,1%)<\/p>\n","protected":false},"excerpt":{"rendered":"<p data-start=\"684\" data-end=\"840\">Gift pack N&rsquo;Sane x Sofie Dumont : m\u00e9langeur Cranberry-Chipotle, verres, garnitures, recettes et pailles. Le cadeau id\u00e9al pour les amateurs de cocktails et de mocktails. <\/p>\n","protected":false},"featured_media":13504,"comment_status":"open","ping_status":"closed","template":"","meta":{"_acf_changed":false},"product_brand":[],"product_cat":[318,446,278,463,275],"product_tag":[],"class_list":{"0":"post-13790","1":"product","2":"type-product","3":"status-publish","4":"has-post-thumbnail","6":"product_cat-apero-fr-3","7":"product_cat-boissons","8":"product_cat-cadeaux-fr","9":"product_cat-cadeaux-de-moins-de-50-euros","10":"product_cat-nouveau","12":"first","13":"instock","14":"taxable","15":"shipping-taxable","16":"purchasable","17":"product-type-simple"},"acf":{"ean_code":"5430002449364","alleen_voor_retailers":false,"alleen_voor_particulieren":true,"terug_op_voorraad_vanaf":null,"bulk_discount_threshold":"","horeca_pack":false,"cera_discount_percentage":""},"yoast_head":"<!-- This site is optimized with the Yoast SEO plugin v27.0 - https:\/\/yoast.com\/product\/yoast-seo-wordpress\/ -->\n<title>Gift Pack N&#039;Sane x Sofie Dumont - smekk<\/title>\n<meta name=\"description\" content=\"Gift pack N\u2019SANE x Sofie Dumont: Cranberry-Chipotle mixer, verres, garnitures, recettes &amp; ; pailles. Un cadeau parfait pour les amateurs de cocktails et de mocktails.\" \/>\n<meta name=\"robots\" content=\"index, follow, max-snippet:-1, max-image-preview:large, max-video-preview:-1\" \/>\n<link rel=\"canonical\" href=\"https:\/\/www.smekk.be\/fr\/produit\/gift-pack-nsane-x-sofie-dumont\/\" \/>\n<meta property=\"og:locale\" content=\"fr_FR\" \/>\n<meta property=\"og:type\" content=\"article\" \/>\n<meta property=\"og:title\" content=\"Gift Pack N&#039;Sane x Sofie Dumont - smekk\" \/>\n<meta property=\"og:description\" content=\"Gift pack N\u2019SANE x Sofie Dumont: Cranberry-Chipotle mixer, verres, garnitures, recettes &amp; ; pailles. Un cadeau parfait pour les amateurs de cocktails et de mocktails.\" \/>\n<meta property=\"og:url\" content=\"https:\/\/www.smekk.be\/fr\/produit\/gift-pack-nsane-x-sofie-dumont\/\" \/>\n<meta property=\"og:site_name\" content=\"smekk\" \/>\n<meta property=\"og:image\" content=\"https:\/\/www.smekk.be\/wp-content\/uploads\/Gift-Pack-SD-2.png\" \/>\n\t<meta property=\"og:image:width\" content=\"1080\" \/>\n\t<meta property=\"og:image:height\" content=\"1080\" \/>\n\t<meta property=\"og:image:type\" content=\"image\/png\" \/>\n<meta name=\"twitter:card\" content=\"summary_large_image\" \/>\n<meta name=\"twitter:label1\" content=\"Dur\u00e9e de lecture estim\u00e9e\" \/>\n\t<meta name=\"twitter:data1\" content=\"3 minutes\" \/>\n<script type=\"application\/ld+json\" class=\"yoast-schema-graph\">{\"@context\":\"https:\/\/schema.org\",\"@graph\":[{\"@type\":\"WebPage\",\"@id\":\"https:\/\/www.smekk.be\/fr\/produit\/gift-pack-nsane-x-sofie-dumont\/\",\"url\":\"https:\/\/www.smekk.be\/fr\/produit\/gift-pack-nsane-x-sofie-dumont\/\",\"name\":\"Gift Pack N'Sane x Sofie Dumont - smekk\",\"isPartOf\":{\"@id\":\"https:\/\/www.smekk.be\/fr\/#website\"},\"primaryImageOfPage\":{\"@id\":\"https:\/\/www.smekk.be\/fr\/produit\/gift-pack-nsane-x-sofie-dumont\/#primaryimage\"},\"image\":{\"@id\":\"https:\/\/www.smekk.be\/fr\/produit\/gift-pack-nsane-x-sofie-dumont\/#primaryimage\"},\"thumbnailUrl\":\"https:\/\/www.smekk.be\/wp-content\/uploads\/Gift-Pack-SD-2.png\",\"datePublished\":\"2025-06-16T13:57:51+00:00\",\"description\":\"Gift pack N\u2019SANE x Sofie Dumont: Cranberry-Chipotle mixer, verres, garnitures, recettes & ; pailles. Un cadeau parfait pour les amateurs de cocktails et de mocktails.\",\"breadcrumb\":{\"@id\":\"https:\/\/www.smekk.be\/fr\/produit\/gift-pack-nsane-x-sofie-dumont\/#breadcrumb\"},\"inLanguage\":\"fr-FR\",\"potentialAction\":[{\"@type\":\"ReadAction\",\"target\":[\"https:\/\/www.smekk.be\/fr\/produit\/gift-pack-nsane-x-sofie-dumont\/\"]}]},{\"@type\":\"ImageObject\",\"inLanguage\":\"fr-FR\",\"@id\":\"https:\/\/www.smekk.be\/fr\/produit\/gift-pack-nsane-x-sofie-dumont\/#primaryimage\",\"url\":\"https:\/\/www.smekk.be\/wp-content\/uploads\/Gift-Pack-SD-2.png\",\"contentUrl\":\"https:\/\/www.smekk.be\/wp-content\/uploads\/Gift-Pack-SD-2.png\",\"width\":1080,\"height\":1080,\"caption\":\"Alles-in-\u00e9\u00e9n giftbox met signature mixer Sofie Dumont, glazen, garnituren &amp; receptenboekje\"},{\"@type\":\"BreadcrumbList\",\"@id\":\"https:\/\/www.smekk.be\/fr\/produit\/gift-pack-nsane-x-sofie-dumont\/#breadcrumb\",\"itemListElement\":[{\"@type\":\"ListItem\",\"position\":1,\"name\":\"Home\",\"item\":\"https:\/\/www.smekk.be\/fr\/\"},{\"@type\":\"ListItem\",\"position\":2,\"name\":\"Boutique\",\"item\":\"https:\/\/www.smekk.be\/fr\/boutique\/\"},{\"@type\":\"ListItem\",\"position\":3,\"name\":\"Gift Pack N&rsquo;Sane x Sofie Dumont\"}]},{\"@type\":\"WebSite\",\"@id\":\"https:\/\/www.smekk.be\/fr\/#website\",\"url\":\"https:\/\/www.smekk.be\/fr\/\",\"name\":\"Smekk\",\"description\":\"taste the story\",\"publisher\":{\"@id\":\"https:\/\/www.smekk.be\/fr\/#organization\"},\"potentialAction\":[{\"@type\":\"SearchAction\",\"target\":{\"@type\":\"EntryPoint\",\"urlTemplate\":\"https:\/\/www.smekk.be\/fr\/?s={search_term_string}\"},\"query-input\":{\"@type\":\"PropertyValueSpecification\",\"valueRequired\":true,\"valueName\":\"search_term_string\"}}],\"inLanguage\":\"fr-FR\"},{\"@type\":\"Organization\",\"@id\":\"https:\/\/www.smekk.be\/fr\/#organization\",\"name\":\"Smekk\",\"url\":\"https:\/\/www.smekk.be\/fr\/\",\"logo\":{\"@type\":\"ImageObject\",\"inLanguage\":\"fr-FR\",\"@id\":\"https:\/\/www.smekk.be\/fr\/#\/schema\/logo\/image\/\",\"url\":\"https:\/\/www.smekk.be\/wp-content\/uploads\/2024\/04\/Smekk_Logo_RGB_Logo-Origineel-Groen.png\",\"contentUrl\":\"https:\/\/www.smekk.be\/wp-content\/uploads\/2024\/04\/Smekk_Logo_RGB_Logo-Origineel-Groen.png\",\"width\":1920,\"height\":332,\"caption\":\"Smekk\"},\"image\":{\"@id\":\"https:\/\/www.smekk.be\/fr\/#\/schema\/logo\/image\/\"},\"sameAs\":[\"https:\/\/www.instagram.com\/smekkbe\/\"]}]}<\/script>\n<!-- \/ Yoast SEO plugin. -->","yoast_head_json":{"title":"Gift Pack N'Sane x Sofie Dumont - smekk","description":"Gift pack N\u2019SANE x Sofie Dumont: Cranberry-Chipotle mixer, verres, garnitures, recettes & ; pailles. Un cadeau parfait pour les amateurs de cocktails et de mocktails.","robots":{"index":"index","follow":"follow","max-snippet":"max-snippet:-1","max-image-preview":"max-image-preview:large","max-video-preview":"max-video-preview:-1"},"canonical":"https:\/\/www.smekk.be\/fr\/produit\/gift-pack-nsane-x-sofie-dumont\/","og_locale":"fr_FR","og_type":"article","og_title":"Gift Pack N'Sane x Sofie Dumont - smekk","og_description":"Gift pack N\u2019SANE x Sofie Dumont: Cranberry-Chipotle mixer, verres, garnitures, recettes & ; pailles. Un cadeau parfait pour les amateurs de cocktails et de mocktails.","og_url":"https:\/\/www.smekk.be\/fr\/produit\/gift-pack-nsane-x-sofie-dumont\/","og_site_name":"smekk","og_image":[{"width":1080,"height":1080,"url":"https:\/\/www.smekk.be\/wp-content\/uploads\/Gift-Pack-SD-2.png","type":"image\/png"}],"twitter_card":"summary_large_image","twitter_misc":{"Dur\u00e9e de lecture estim\u00e9e":"3 minutes"},"schema":{"@context":"https:\/\/schema.org","@graph":[{"@type":"WebPage","@id":"https:\/\/www.smekk.be\/fr\/produit\/gift-pack-nsane-x-sofie-dumont\/","url":"https:\/\/www.smekk.be\/fr\/produit\/gift-pack-nsane-x-sofie-dumont\/","name":"Gift Pack N'Sane x Sofie Dumont - smekk","isPartOf":{"@id":"https:\/\/www.smekk.be\/fr\/#website"},"primaryImageOfPage":{"@id":"https:\/\/www.smekk.be\/fr\/produit\/gift-pack-nsane-x-sofie-dumont\/#primaryimage"},"image":{"@id":"https:\/\/www.smekk.be\/fr\/produit\/gift-pack-nsane-x-sofie-dumont\/#primaryimage"},"thumbnailUrl":"https:\/\/www.smekk.be\/wp-content\/uploads\/Gift-Pack-SD-2.png","datePublished":"2025-06-16T13:57:51+00:00","description":"Gift pack N\u2019SANE x Sofie Dumont: Cranberry-Chipotle mixer, verres, garnitures, recettes & ; pailles. Un cadeau parfait pour les amateurs de cocktails et de mocktails.","breadcrumb":{"@id":"https:\/\/www.smekk.be\/fr\/produit\/gift-pack-nsane-x-sofie-dumont\/#breadcrumb"},"inLanguage":"fr-FR","potentialAction":[{"@type":"ReadAction","target":["https:\/\/www.smekk.be\/fr\/produit\/gift-pack-nsane-x-sofie-dumont\/"]}]},{"@type":"ImageObject","inLanguage":"fr-FR","@id":"https:\/\/www.smekk.be\/fr\/produit\/gift-pack-nsane-x-sofie-dumont\/#primaryimage","url":"https:\/\/www.smekk.be\/wp-content\/uploads\/Gift-Pack-SD-2.png","contentUrl":"https:\/\/www.smekk.be\/wp-content\/uploads\/Gift-Pack-SD-2.png","width":1080,"height":1080,"caption":"Alles-in-\u00e9\u00e9n giftbox met signature mixer Sofie Dumont, glazen, garnituren &amp; receptenboekje"},{"@type":"BreadcrumbList","@id":"https:\/\/www.smekk.be\/fr\/produit\/gift-pack-nsane-x-sofie-dumont\/#breadcrumb","itemListElement":[{"@type":"ListItem","position":1,"name":"Home","item":"https:\/\/www.smekk.be\/fr\/"},{"@type":"ListItem","position":2,"name":"Boutique","item":"https:\/\/www.smekk.be\/fr\/boutique\/"},{"@type":"ListItem","position":3,"name":"Gift Pack N&rsquo;Sane x Sofie Dumont"}]},{"@type":"WebSite","@id":"https:\/\/www.smekk.be\/fr\/#website","url":"https:\/\/www.smekk.be\/fr\/","name":"Smekk","description":"taste the story","publisher":{"@id":"https:\/\/www.smekk.be\/fr\/#organization"},"potentialAction":[{"@type":"SearchAction","target":{"@type":"EntryPoint","urlTemplate":"https:\/\/www.smekk.be\/fr\/?s={search_term_string}"},"query-input":{"@type":"PropertyValueSpecification","valueRequired":true,"valueName":"search_term_string"}}],"inLanguage":"fr-FR"},{"@type":"Organization","@id":"https:\/\/www.smekk.be\/fr\/#organization","name":"Smekk","url":"https:\/\/www.smekk.be\/fr\/","logo":{"@type":"ImageObject","inLanguage":"fr-FR","@id":"https:\/\/www.smekk.be\/fr\/#\/schema\/logo\/image\/","url":"https:\/\/www.smekk.be\/wp-content\/uploads\/2024\/04\/Smekk_Logo_RGB_Logo-Origineel-Groen.png","contentUrl":"https:\/\/www.smekk.be\/wp-content\/uploads\/2024\/04\/Smekk_Logo_RGB_Logo-Origineel-Groen.png","width":1920,"height":332,"caption":"Smekk"},"image":{"@id":"https:\/\/www.smekk.be\/fr\/#\/schema\/logo\/image\/"},"sameAs":["https:\/\/www.instagram.com\/smekkbe\/"]}]}},"jetpack_sharing_enabled":true,"_links":{"self":[{"href":"https:\/\/www.smekk.be\/fr\/wp-json\/wp\/v2\/product\/13790","targetHints":{"allow":["GET"]}}],"collection":[{"href":"https:\/\/www.smekk.be\/fr\/wp-json\/wp\/v2\/product"}],"about":[{"href":"https:\/\/www.smekk.be\/fr\/wp-json\/wp\/v2\/types\/product"}],"replies":[{"embeddable":true,"href":"https:\/\/www.smekk.be\/fr\/wp-json\/wp\/v2\/comments?post=13790"}],"wp:featuredmedia":[{"embeddable":true,"href":"https:\/\/www.smekk.be\/fr\/wp-json\/wp\/v2\/media\/13504"}],"wp:attachment":[{"href":"https:\/\/www.smekk.be\/fr\/wp-json\/wp\/v2\/media?parent=13790"}],"wp:term":[{"taxonomy":"product_brand","embeddable":true,"href":"https:\/\/www.smekk.be\/fr\/wp-json\/wp\/v2\/product_brand?post=13790"},{"taxonomy":"product_cat","embeddable":true,"href":"https:\/\/www.smekk.be\/fr\/wp-json\/wp\/v2\/product_cat?post=13790"},{"taxonomy":"product_tag","embeddable":true,"href":"https:\/\/www.smekk.be\/fr\/wp-json\/wp\/v2\/product_tag?post=13790"}],"curies":[{"name":"wp","href":"https:\/\/api.w.org\/{rel}","templated":true}]}}