{"id":12742,"date":"2024-06-20T14:51:07","date_gmt":"2024-06-20T14:51:07","guid":{"rendered":"https:\/\/www.smekk.be\/product\/chips-sweet-bbq-ribble-125g\/"},"modified":"2026-03-31T07:26:01","modified_gmt":"2026-03-31T07:26:01","slug":"chips-sweet-bbq-ribble-125g","status":"publish","type":"product","link":"https:\/\/www.smekk.be\/fr\/produit\/chips-sweet-bbq-ribble-125g\/","title":{"rendered":"Chips &#8211; Sweet BBQ Ribble (125g)"},"content":{"rendered":"<h1>Waltson Sweet BBQ \u2013 125 g de chips de pommes de terre<\/h1>\n<p>Les chips Waltson Sweet BBQ \u00e9voquent la chaleur, <strong>la douceur<\/strong> et <strong>une l\u00e9g\u00e8re note fum\u00e9e<\/strong> r\u00e9unies dans une seule vari\u00e9t\u00e9. Cette saveur combine <strong>des notes d\u00e9licates de barbecue<\/strong> avec une base l\u00e9g\u00e8rement caram\u00e9lis\u00e9e, offrant un go\u00fbt riche et singulier.<\/p>\n<h2>Douces, fum\u00e9es et pleines de caract\u00e8re<\/h2>\n<p>Nos fines tranches de pommes de terre sont cuites lentement pour obtenir ce croquant \u00e0 la fois ferme et a\u00e9rien. Elles sont ensuite sublim\u00e9es par <strong>un assaisonnement Sweet BBQ<\/strong> compos\u00e9 <strong>d\u2019herbes, d\u2019\u00e9pices et d\u2019un ar\u00f4me de fum\u00e9e subtil.<\/strong> Cela conf\u00e8re \u00e0 chaque chips un profil chaud et l\u00e9g\u00e8rement sucr\u00e9, tout en restant savoureux. L&rsquo;\u00e9quilibre entre les \u00e9pices, la fum\u00e9e et la douceur cr\u00e9e une exp\u00e9rience barbecue irr\u00e9sistible.<\/p>\n<h2>Pourquoi Waltson est-il unique ?<\/h2>\n<ul>\n<li>Chips artisanales avec un croquant g\u00e9n\u00e9reux<\/li>\n<li>100 % sans gluten<\/li>\n<li>Sans allerg\u00e8nes<\/li>\n<li>Cuisson artisanale selon une recette traditionnelle des ann\u00e9es 50<\/li>\n<li>Plus de 100 ans d&rsquo;expertise : issues de la ferme familiale Waltson \u00e0 Staden<\/li>\n<li>Sans ar\u00f4mes ni colorants artificiels<\/li>\n<li>Assaisonn\u00e9es uniquement avec des herbes pures et des \u00e9pices<\/li>\n<\/ul>\n<h2>Id\u00e9al pour vos soir\u00e9es conviviales et vos pauses gourmandes<\/h2>\n<p>La vari\u00e9t\u00e9 Sweet BBQ est le choix parfait pour ceux qui aiment les saveurs riches et r\u00e9confortantes. Son <strong>go\u00fbt fum\u00e9 d\u00e9licat<\/strong> rend ces chips id\u00e9ales pour l&rsquo;ap\u00e9ritif, les f\u00eates ou tout moment o\u00f9 vous avez envie d&rsquo;un encas savoureux avec un petit plus. Un r\u00e9gal \u00e9galement pour une pause gourmande au cours de la journ\u00e9e.<\/p>\n<h2>Ingr\u00e9dients<\/h2>\n<p>Pommes de terre s\u00e9lectionn\u00e9es, huile de tournesol, sel marin (0,8 %), sucre, \u00e9pices (paprika, poivre noir, poivre de Cayenne), l\u00e9gumes d\u00e9shydrat\u00e9s (tomate, oignon, ail), ar\u00f4me naturel, sucre br\u00fbl\u00e9, acide citrique, sucralose, ar\u00f4mes de fum\u00e9e.<\/p>\n<h2>D\u00e9couvrez \u00e9galement les autres saveurs Waltson<\/h2>\n<p><a href=\"https:\/\/www.smekk.be\/fr\/produit\/chips-naturel-125g\/\"><strong>Waltson Naturel:<\/strong><\/a> le go\u00fbt pur de la pomme de terre avec une l\u00e9g\u00e8re touche de sel.<\/p>\n<p><a href=\"https:\/\/www.smekk.be\/fr\/produit\/chips-paprika-125g\/\"><strong>Waltson Paprika:<\/strong><\/a> pour les amateurs du go\u00fbt classique et intense du paprika.<\/p>\n<p><a href=\"https:\/\/www.smekk.be\/fr\/produit\/chips-sea-salt-balsamic-vinegar-125g-tht\/\"><strong>Waltson Sea Salt &amp; Balsamic Vinegar:<\/strong> <\/a>une saveur fra\u00eeche et acidul\u00e9e avec une touche raffin\u00e9e de vinaigre balsamique.<\/p>\n<p><a href=\"https:\/\/www.smekk.be\/fr\/produit\/chips-sea-salt-black-pepper-125g\/\"><strong>Waltson Sea Salt &amp; Black Pepper:<\/strong> <\/a>le mariage parfait entre le sel marin pur et le caract\u00e8re du poivre noir.<\/p>\n","protected":false},"excerpt":{"rendered":"<p>Les chips Waltson Sweet BBQ offrent une alliance gourmande de notes fum\u00e9es et d&rsquo;une touche caram\u00e9lis\u00e9e. Une chips de caract\u00e8re, artisanale et sans gluten, parfaite pour un ap\u00e9ritif riche en saveurs!<\/p>\n","protected":false},"featured_media":18135,"comment_status":"open","ping_status":"closed","template":"","meta":{"_acf_changed":false},"product_brand":[],"product_cat":[318,445,343,279],"product_tag":[],"class_list":{"0":"post-12742","1":"product","2":"type-product","3":"status-publish","4":"has-post-thumbnail","6":"product_cat-apero-fr-3","7":"product_cat-chips-fr-2","8":"product_cat-chips-fr","9":"product_cat-en-cas-fr","11":"first","12":"instock","13":"taxable","14":"shipping-taxable","15":"purchasable","16":"product-type-simple"},"acf":{"ean_code":"5430002923154","alleen_voor_retailers":false,"alleen_voor_particulieren":true,"terug_op_voorraad_vanaf":null,"bulk_discount_threshold":"","horeca_pack":false,"cera_discount_percentage":""},"yoast_head":"<!-- This site is optimized with the Yoast SEO plugin v27.0 - https:\/\/yoast.com\/product\/yoast-seo-wordpress\/ -->\n<title>Chips - Sweet BBQ Ribble (125g) | smekk<\/title>\n<meta name=\"description\" content=\"D\u00e9couvrez les chips Waltson Sweet BBQ: un go\u00fbt fum\u00e9 unique, une touche de douceur et un croquant artisanal. Sans gluten.\" \/>\n<meta name=\"robots\" content=\"index, follow, max-snippet:-1, max-image-preview:large, max-video-preview:-1\" \/>\n<link rel=\"canonical\" href=\"https:\/\/www.smekk.be\/fr\/produit\/chips-sweet-bbq-ribble-125g\/\" \/>\n<meta property=\"og:locale\" content=\"fr_FR\" \/>\n<meta property=\"og:type\" content=\"article\" \/>\n<meta property=\"og:title\" content=\"Chips - Sweet BBQ Ribble (125g) | smekk\" \/>\n<meta property=\"og:description\" content=\"D\u00e9couvrez les chips Waltson Sweet BBQ: un go\u00fbt fum\u00e9 unique, une touche de douceur et un croquant artisanal. Sans gluten.\" \/>\n<meta property=\"og:url\" content=\"https:\/\/www.smekk.be\/fr\/produit\/chips-sweet-bbq-ribble-125g\/\" \/>\n<meta property=\"og:site_name\" content=\"smekk\" \/>\n<meta property=\"article:modified_time\" content=\"2026-03-31T07:26:01+00:00\" \/>\n<meta property=\"og:image\" content=\"https:\/\/www.smekk.be\/wp-content\/uploads\/Untitled-design-3-1.jpg\" \/>\n\t<meta property=\"og:image:width\" content=\"708\" \/>\n\t<meta property=\"og:image:height\" content=\"937\" \/>\n\t<meta property=\"og:image:type\" content=\"image\/jpeg\" \/>\n<meta name=\"twitter:card\" content=\"summary_large_image\" \/>\n<meta name=\"twitter:label1\" content=\"Dur\u00e9e de lecture estim\u00e9e\" \/>\n\t<meta name=\"twitter:data1\" content=\"2 minutes\" \/>\n<script type=\"application\/ld+json\" class=\"yoast-schema-graph\">{\"@context\":\"https:\/\/schema.org\",\"@graph\":[{\"@type\":\"WebPage\",\"@id\":\"https:\/\/www.smekk.be\/fr\/produit\/chips-sweet-bbq-ribble-125g\/\",\"url\":\"https:\/\/www.smekk.be\/fr\/produit\/chips-sweet-bbq-ribble-125g\/\",\"name\":\"Chips - Sweet BBQ Ribble (125g) | smekk\",\"isPartOf\":{\"@id\":\"https:\/\/www.smekk.be\/fr\/#website\"},\"primaryImageOfPage\":{\"@id\":\"https:\/\/www.smekk.be\/fr\/produit\/chips-sweet-bbq-ribble-125g\/#primaryimage\"},\"image\":{\"@id\":\"https:\/\/www.smekk.be\/fr\/produit\/chips-sweet-bbq-ribble-125g\/#primaryimage\"},\"thumbnailUrl\":\"https:\/\/www.smekk.be\/wp-content\/uploads\/Untitled-design-3-1.jpg\",\"datePublished\":\"2024-06-20T14:51:07+00:00\",\"dateModified\":\"2026-03-31T07:26:01+00:00\",\"description\":\"D\u00e9couvrez les chips Waltson Sweet BBQ: un go\u00fbt fum\u00e9 unique, une touche de douceur et un croquant artisanal. Sans gluten.\",\"breadcrumb\":{\"@id\":\"https:\/\/www.smekk.be\/fr\/produit\/chips-sweet-bbq-ribble-125g\/#breadcrumb\"},\"inLanguage\":\"fr-FR\",\"potentialAction\":[{\"@type\":\"ReadAction\",\"target\":[\"https:\/\/www.smekk.be\/fr\/produit\/chips-sweet-bbq-ribble-125g\/\"]}]},{\"@type\":\"ImageObject\",\"inLanguage\":\"fr-FR\",\"@id\":\"https:\/\/www.smekk.be\/fr\/produit\/chips-sweet-bbq-ribble-125g\/#primaryimage\",\"url\":\"https:\/\/www.smekk.be\/wp-content\/uploads\/Untitled-design-3-1.jpg\",\"contentUrl\":\"https:\/\/www.smekk.be\/wp-content\/uploads\/Untitled-design-3-1.jpg\",\"width\":708,\"height\":937,\"caption\":\"Untitled design - 1\"},{\"@type\":\"BreadcrumbList\",\"@id\":\"https:\/\/www.smekk.be\/fr\/produit\/chips-sweet-bbq-ribble-125g\/#breadcrumb\",\"itemListElement\":[{\"@type\":\"ListItem\",\"position\":1,\"name\":\"Home\",\"item\":\"https:\/\/www.smekk.be\/fr\/\"},{\"@type\":\"ListItem\",\"position\":2,\"name\":\"Boutique\",\"item\":\"https:\/\/www.smekk.be\/fr\/boutique\/\"},{\"@type\":\"ListItem\",\"position\":3,\"name\":\"Chips &#8211; Sweet BBQ Ribble (125g)\"}]},{\"@type\":\"WebSite\",\"@id\":\"https:\/\/www.smekk.be\/fr\/#website\",\"url\":\"https:\/\/www.smekk.be\/fr\/\",\"name\":\"Smekk\",\"description\":\"taste the story\",\"publisher\":{\"@id\":\"https:\/\/www.smekk.be\/fr\/#organization\"},\"potentialAction\":[{\"@type\":\"SearchAction\",\"target\":{\"@type\":\"EntryPoint\",\"urlTemplate\":\"https:\/\/www.smekk.be\/fr\/?s={search_term_string}\"},\"query-input\":{\"@type\":\"PropertyValueSpecification\",\"valueRequired\":true,\"valueName\":\"search_term_string\"}}],\"inLanguage\":\"fr-FR\"},{\"@type\":\"Organization\",\"@id\":\"https:\/\/www.smekk.be\/fr\/#organization\",\"name\":\"Smekk\",\"url\":\"https:\/\/www.smekk.be\/fr\/\",\"logo\":{\"@type\":\"ImageObject\",\"inLanguage\":\"fr-FR\",\"@id\":\"https:\/\/www.smekk.be\/fr\/#\/schema\/logo\/image\/\",\"url\":\"https:\/\/www.smekk.be\/wp-content\/uploads\/2024\/04\/Smekk_Logo_RGB_Logo-Origineel-Groen.png\",\"contentUrl\":\"https:\/\/www.smekk.be\/wp-content\/uploads\/2024\/04\/Smekk_Logo_RGB_Logo-Origineel-Groen.png\",\"width\":1920,\"height\":332,\"caption\":\"Smekk\"},\"image\":{\"@id\":\"https:\/\/www.smekk.be\/fr\/#\/schema\/logo\/image\/\"},\"sameAs\":[\"https:\/\/www.instagram.com\/smekkbe\/\"]}]}<\/script>\n<!-- \/ Yoast SEO plugin. -->","yoast_head_json":{"title":"Chips - Sweet BBQ Ribble (125g) | smekk","description":"D\u00e9couvrez les chips Waltson Sweet BBQ: un go\u00fbt fum\u00e9 unique, une touche de douceur et un croquant artisanal. Sans gluten.","robots":{"index":"index","follow":"follow","max-snippet":"max-snippet:-1","max-image-preview":"max-image-preview:large","max-video-preview":"max-video-preview:-1"},"canonical":"https:\/\/www.smekk.be\/fr\/produit\/chips-sweet-bbq-ribble-125g\/","og_locale":"fr_FR","og_type":"article","og_title":"Chips - Sweet BBQ Ribble (125g) | smekk","og_description":"D\u00e9couvrez les chips Waltson Sweet BBQ: un go\u00fbt fum\u00e9 unique, une touche de douceur et un croquant artisanal. Sans gluten.","og_url":"https:\/\/www.smekk.be\/fr\/produit\/chips-sweet-bbq-ribble-125g\/","og_site_name":"smekk","article_modified_time":"2026-03-31T07:26:01+00:00","og_image":[{"width":708,"height":937,"url":"https:\/\/www.smekk.be\/wp-content\/uploads\/Untitled-design-3-1.jpg","type":"image\/jpeg"}],"twitter_card":"summary_large_image","twitter_misc":{"Dur\u00e9e de lecture estim\u00e9e":"2 minutes"},"schema":{"@context":"https:\/\/schema.org","@graph":[{"@type":"WebPage","@id":"https:\/\/www.smekk.be\/fr\/produit\/chips-sweet-bbq-ribble-125g\/","url":"https:\/\/www.smekk.be\/fr\/produit\/chips-sweet-bbq-ribble-125g\/","name":"Chips - Sweet BBQ Ribble (125g) | smekk","isPartOf":{"@id":"https:\/\/www.smekk.be\/fr\/#website"},"primaryImageOfPage":{"@id":"https:\/\/www.smekk.be\/fr\/produit\/chips-sweet-bbq-ribble-125g\/#primaryimage"},"image":{"@id":"https:\/\/www.smekk.be\/fr\/produit\/chips-sweet-bbq-ribble-125g\/#primaryimage"},"thumbnailUrl":"https:\/\/www.smekk.be\/wp-content\/uploads\/Untitled-design-3-1.jpg","datePublished":"2024-06-20T14:51:07+00:00","dateModified":"2026-03-31T07:26:01+00:00","description":"D\u00e9couvrez les chips Waltson Sweet BBQ: un go\u00fbt fum\u00e9 unique, une touche de douceur et un croquant artisanal. Sans gluten.","breadcrumb":{"@id":"https:\/\/www.smekk.be\/fr\/produit\/chips-sweet-bbq-ribble-125g\/#breadcrumb"},"inLanguage":"fr-FR","potentialAction":[{"@type":"ReadAction","target":["https:\/\/www.smekk.be\/fr\/produit\/chips-sweet-bbq-ribble-125g\/"]}]},{"@type":"ImageObject","inLanguage":"fr-FR","@id":"https:\/\/www.smekk.be\/fr\/produit\/chips-sweet-bbq-ribble-125g\/#primaryimage","url":"https:\/\/www.smekk.be\/wp-content\/uploads\/Untitled-design-3-1.jpg","contentUrl":"https:\/\/www.smekk.be\/wp-content\/uploads\/Untitled-design-3-1.jpg","width":708,"height":937,"caption":"Untitled design - 1"},{"@type":"BreadcrumbList","@id":"https:\/\/www.smekk.be\/fr\/produit\/chips-sweet-bbq-ribble-125g\/#breadcrumb","itemListElement":[{"@type":"ListItem","position":1,"name":"Home","item":"https:\/\/www.smekk.be\/fr\/"},{"@type":"ListItem","position":2,"name":"Boutique","item":"https:\/\/www.smekk.be\/fr\/boutique\/"},{"@type":"ListItem","position":3,"name":"Chips &#8211; Sweet BBQ Ribble (125g)"}]},{"@type":"WebSite","@id":"https:\/\/www.smekk.be\/fr\/#website","url":"https:\/\/www.smekk.be\/fr\/","name":"Smekk","description":"taste the story","publisher":{"@id":"https:\/\/www.smekk.be\/fr\/#organization"},"potentialAction":[{"@type":"SearchAction","target":{"@type":"EntryPoint","urlTemplate":"https:\/\/www.smekk.be\/fr\/?s={search_term_string}"},"query-input":{"@type":"PropertyValueSpecification","valueRequired":true,"valueName":"search_term_string"}}],"inLanguage":"fr-FR"},{"@type":"Organization","@id":"https:\/\/www.smekk.be\/fr\/#organization","name":"Smekk","url":"https:\/\/www.smekk.be\/fr\/","logo":{"@type":"ImageObject","inLanguage":"fr-FR","@id":"https:\/\/www.smekk.be\/fr\/#\/schema\/logo\/image\/","url":"https:\/\/www.smekk.be\/wp-content\/uploads\/2024\/04\/Smekk_Logo_RGB_Logo-Origineel-Groen.png","contentUrl":"https:\/\/www.smekk.be\/wp-content\/uploads\/2024\/04\/Smekk_Logo_RGB_Logo-Origineel-Groen.png","width":1920,"height":332,"caption":"Smekk"},"image":{"@id":"https:\/\/www.smekk.be\/fr\/#\/schema\/logo\/image\/"},"sameAs":["https:\/\/www.instagram.com\/smekkbe\/"]}]}},"jetpack_sharing_enabled":true,"_links":{"self":[{"href":"https:\/\/www.smekk.be\/fr\/wp-json\/wp\/v2\/product\/12742","targetHints":{"allow":["GET"]}}],"collection":[{"href":"https:\/\/www.smekk.be\/fr\/wp-json\/wp\/v2\/product"}],"about":[{"href":"https:\/\/www.smekk.be\/fr\/wp-json\/wp\/v2\/types\/product"}],"replies":[{"embeddable":true,"href":"https:\/\/www.smekk.be\/fr\/wp-json\/wp\/v2\/comments?post=12742"}],"wp:featuredmedia":[{"embeddable":true,"href":"https:\/\/www.smekk.be\/fr\/wp-json\/wp\/v2\/media\/18135"}],"wp:attachment":[{"href":"https:\/\/www.smekk.be\/fr\/wp-json\/wp\/v2\/media?parent=12742"}],"wp:term":[{"taxonomy":"product_brand","embeddable":true,"href":"https:\/\/www.smekk.be\/fr\/wp-json\/wp\/v2\/product_brand?post=12742"},{"taxonomy":"product_cat","embeddable":true,"href":"https:\/\/www.smekk.be\/fr\/wp-json\/wp\/v2\/product_cat?post=12742"},{"taxonomy":"product_tag","embeddable":true,"href":"https:\/\/www.smekk.be\/fr\/wp-json\/wp\/v2\/product_tag?post=12742"}],"curies":[{"name":"wp","href":"https:\/\/api.w.org\/{rel}","templated":true}]}}