{"id":12712,"date":"2024-10-02T13:15:15","date_gmt":"2024-10-02T13:15:15","guid":{"rendered":"https:\/\/www.smekk.be\/product\/chips-sel-135g\/"},"modified":"2025-05-22T11:52:31","modified_gmt":"2025-05-22T11:52:31","slug":"chips-sel-135g","status":"publish","type":"product","link":"https:\/\/www.smekk.be\/fr\/produit\/chips-sel-135g\/","title":{"rendered":"Chips \u2013 Sel (135g)"},"content":{"rendered":"<div id=\"tab-description\" class=\"entry-content woocommerce-Tabs-panel woocommerce-Tabs-panel--description wd-active wd-scroll wd-accordion-content\" role=\"tabpanel\" aria-labelledby=\"tab-title-description\" data-accordion-index=\"description\">\n<div class=\"wc-tab-inner wd-scroll-content\">\n<h3 data-start=\"927\" data-end=\"992\"><strong data-start=\"931\" data-end=\"992\">Chips au sel de mer &#8211; Superbon 135g pur go\u00fbt de pomme de terre<\/strong><\/h3>\n<p data-start=\"994\" data-end=\"1299\">Parfois, on n&rsquo;a besoin de rien d&rsquo;autre que de simplicit\u00e9. Les chips <a href=\"https:\/\/www.smekk.be\/merken\/superbon\/\">Superbon <\/a>au sel de mer prouvent <strong>qu&rsquo;avec seulement trois ingr\u00e9dients <\/strong>&#8211; pomme de terre, huile et sel &#8211; on peut faire les meilleures chips du monde. Frites traditionnellement <strong data-start=\"1192\" data-end=\"1210\">dans de l&rsquo;huile de tournesol,<\/strong> sans additifs ni poudres. Juste la saveur <strong data-start=\"1251\" data-end=\"1298\">pure de la pomme de terre avec un soup\u00e7on de sel de mer.<\/strong>   <\/p>\n<p data-start=\"1301\" data-end=\"1420\">Ce sachet de 135 g est id\u00e9al \u00e0 partager ou \u00e0 d\u00e9guster seul. Pur, classique et croustillant comme il se doit. <\/p>\n<p>Les chips Superbon, \u00e9galement connues sous le nom de Chips de Madrid, sont produites dans le quartier de Chueca, pr\u00e8s de Madrid, capitale de la plan\u00e8te chips.<\/p>\n<\/div>\n<\/div>\n<p>&nbsp;<\/p>\n<h2 data-start=\"1427\" data-end=\"1485\"><strong data-start=\"1431\" data-end=\"1485\">Qu&rsquo;est-ce qui rend ces chips au sel de mer si sp\u00e9ciales ?<\/strong><\/h2>\n<ul>\n<li data-start=\"1487\" data-end=\"1723\">Cuisson traditionnelle en Espagne<\/li>\n<li data-start=\"1487\" data-end=\"1723\">Pommes de terre, huile de tournesol et sel de mer<\/li>\n<li data-start=\"1487\" data-end=\"1723\">Vegan, sans gluten et sans additifs chimiques<\/li>\n<li data-start=\"1487\" data-end=\"1723\">Un emballage iconique avec un joli clin d&rsquo;\u0153il<\/li>\n<li data-start=\"1487\" data-end=\"1723\">Parfait pour les amateurs de saveurs pures<\/li>\n<\/ul>\n<p>&nbsp;<\/p>\n<h2 data-start=\"1730\" data-end=\"1772\"><strong data-start=\"1734\" data-end=\"1772\">Sel Superbon &#8211; Moins, c&rsquo;est plus<\/strong><\/h2>\n<p data-start=\"1774\" data-end=\"1991\">Ces chips sont tout sauf ennuyeuses. Le secret r\u00e9side dans le processus de cuisson, la s\u00e9lection minutieuse des pommes de terre et la bonne coupe. Les chips sont croustillantes, dor\u00e9es et juste assez sal\u00e9es pour vous mettre l&rsquo;eau \u00e0 la bouche.  <\/p>\n<p data-start=\"1993\" data-end=\"2178\">Ils constituent l&rsquo;en-cas id\u00e9al pour accompagner les boissons et l&rsquo;ultime moment de plaisir coupable. Et gr\u00e2ce \u00e0 l&#8217;emballage original, vous marquez un point visuellement. <\/p>\n<p>&nbsp;<\/p>\n<h2 data-start=\"1993\" data-end=\"2178\">Envie de plus ?<br \/><\/h2>\n<p>Nous comprenons ! Superbon n&rsquo;est pas seulement une vari\u00e9t\u00e9 pure. Laissez-vous surprendre par des saveurs uniques de truffe, d&rsquo;\u00e9pices m\u00e9diterran\u00e9ennes, de poivre jaune, de jalape\u00f1o \u00e9pic\u00e9 et bien plus encore !   <a href=\"https:\/\/www.smekk.be\/shop\/?filter_merk=superbon\">D\u00e9couvrez toutes les saveurs des chips Superbon.<\/a><\/p>\n<p>&nbsp;<\/p>\n<h2>Ingr\u00e9dients:<\/h2>\n<p>Pommes de terre, huile de tournesol, sel.<\/p>\n","protected":false},"excerpt":{"rendered":"<div class=\"woocommerce-product-details__short-description\">\n<p>Des chips cuites de mani\u00e8re artisanale avec uniquement du sel de mer comme ar\u00f4me. Le classique Superbon en sachet de 135 g &#8211; pur, croustillant et irr\u00e9sistible. <\/p>\n<\/div>\n","protected":false},"featured_media":13056,"comment_status":"open","ping_status":"closed","template":"","meta":{"_acf_changed":false},"product_brand":[],"product_cat":[318,343,445,279],"product_tag":[],"class_list":{"0":"post-12712","1":"product","2":"type-product","3":"status-publish","4":"has-post-thumbnail","6":"product_cat-apero-fr-3","7":"product_cat-chips-fr","8":"product_cat-chips-fr-2","9":"product_cat-en-cas-fr","11":"first","12":"instock","13":"taxable","14":"shipping-taxable","15":"purchasable","16":"product-type-simple"},"acf":{"ean_code":"5425033155230","alleen_voor_retailers":false,"alleen_voor_particulieren":true,"terug_op_voorraad_vanaf":null,"bulk_discount_threshold":"","horeca_pack":false,"cera_discount_percentage":""},"yoast_head":"<!-- This site is optimized with the Yoast SEO plugin v27.0 - https:\/\/yoast.com\/product\/yoast-seo-wordpress\/ -->\n<title>Chips au sel de mer - Superbon 135g chips artisanales | smekk<\/title>\n<meta name=\"description\" content=\"D\u00e9couvrez les chips Superbon au sel de mer en sachet de 135g. Cuisson artisanale, saveur pure, v\u00e9g\u00e9talien et sans additifs inutiles.\" \/>\n<meta name=\"robots\" content=\"index, follow, max-snippet:-1, max-image-preview:large, max-video-preview:-1\" \/>\n<link rel=\"canonical\" href=\"https:\/\/www.smekk.be\/fr\/produit\/chips-sel-135g\/\" \/>\n<meta property=\"og:locale\" content=\"fr_FR\" \/>\n<meta property=\"og:type\" content=\"article\" \/>\n<meta property=\"og:title\" content=\"Chips au sel de mer - Superbon 135g chips artisanales | smekk\" \/>\n<meta property=\"og:description\" content=\"D\u00e9couvrez les chips Superbon au sel de mer en sachet de 135g. Cuisson artisanale, saveur pure, v\u00e9g\u00e9talien et sans additifs inutiles.\" \/>\n<meta property=\"og:url\" content=\"https:\/\/www.smekk.be\/fr\/produit\/chips-sel-135g\/\" \/>\n<meta property=\"og:site_name\" content=\"smekk\" \/>\n<meta property=\"article:modified_time\" content=\"2025-05-22T11:52:31+00:00\" \/>\n<meta property=\"og:image\" content=\"https:\/\/www.smekk.be\/wp-content\/uploads\/smekk-website-producten-31.jpg\" \/>\n\t<meta property=\"og:image:width\" content=\"2160\" \/>\n\t<meta property=\"og:image:height\" content=\"2160\" \/>\n\t<meta property=\"og:image:type\" content=\"image\/jpeg\" \/>\n<meta name=\"twitter:card\" content=\"summary_large_image\" \/>\n<meta name=\"twitter:label1\" content=\"Dur\u00e9e de lecture estim\u00e9e\" \/>\n\t<meta name=\"twitter:data1\" content=\"2 minutes\" \/>\n<script type=\"application\/ld+json\" class=\"yoast-schema-graph\">{\"@context\":\"https:\/\/schema.org\",\"@graph\":[{\"@type\":\"WebPage\",\"@id\":\"https:\/\/www.smekk.be\/fr\/produit\/chips-sel-135g\/\",\"url\":\"https:\/\/www.smekk.be\/fr\/produit\/chips-sel-135g\/\",\"name\":\"Chips au sel de mer - Superbon 135g chips artisanales | smekk\",\"isPartOf\":{\"@id\":\"https:\/\/www.smekk.be\/fr\/#website\"},\"primaryImageOfPage\":{\"@id\":\"https:\/\/www.smekk.be\/fr\/produit\/chips-sel-135g\/#primaryimage\"},\"image\":{\"@id\":\"https:\/\/www.smekk.be\/fr\/produit\/chips-sel-135g\/#primaryimage\"},\"thumbnailUrl\":\"https:\/\/www.smekk.be\/wp-content\/uploads\/smekk-website-producten-31.jpg\",\"datePublished\":\"2024-10-02T13:15:15+00:00\",\"dateModified\":\"2025-05-22T11:52:31+00:00\",\"description\":\"D\u00e9couvrez les chips Superbon au sel de mer en sachet de 135g. Cuisson artisanale, saveur pure, v\u00e9g\u00e9talien et sans additifs inutiles.\",\"breadcrumb\":{\"@id\":\"https:\/\/www.smekk.be\/fr\/produit\/chips-sel-135g\/#breadcrumb\"},\"inLanguage\":\"fr-FR\",\"potentialAction\":[{\"@type\":\"ReadAction\",\"target\":[\"https:\/\/www.smekk.be\/fr\/produit\/chips-sel-135g\/\"]}]},{\"@type\":\"ImageObject\",\"inLanguage\":\"fr-FR\",\"@id\":\"https:\/\/www.smekk.be\/fr\/produit\/chips-sel-135g\/#primaryimage\",\"url\":\"https:\/\/www.smekk.be\/wp-content\/uploads\/smekk-website-producten-31.jpg\",\"contentUrl\":\"https:\/\/www.smekk.be\/wp-content\/uploads\/smekk-website-producten-31.jpg\",\"width\":2160,\"height\":2160,\"caption\":\"Superbon chips met zeezout in zak van 135g \u2013 puur, krokant en ambachtelijk gebakken in Spanje.\"},{\"@type\":\"BreadcrumbList\",\"@id\":\"https:\/\/www.smekk.be\/fr\/produit\/chips-sel-135g\/#breadcrumb\",\"itemListElement\":[{\"@type\":\"ListItem\",\"position\":1,\"name\":\"Home\",\"item\":\"https:\/\/www.smekk.be\/fr\/\"},{\"@type\":\"ListItem\",\"position\":2,\"name\":\"Boutique\",\"item\":\"https:\/\/www.smekk.be\/fr\/boutique\/\"},{\"@type\":\"ListItem\",\"position\":3,\"name\":\"Chips \u2013 Sel (135g)\"}]},{\"@type\":\"WebSite\",\"@id\":\"https:\/\/www.smekk.be\/fr\/#website\",\"url\":\"https:\/\/www.smekk.be\/fr\/\",\"name\":\"Smekk\",\"description\":\"taste the story\",\"publisher\":{\"@id\":\"https:\/\/www.smekk.be\/fr\/#organization\"},\"potentialAction\":[{\"@type\":\"SearchAction\",\"target\":{\"@type\":\"EntryPoint\",\"urlTemplate\":\"https:\/\/www.smekk.be\/fr\/?s={search_term_string}\"},\"query-input\":{\"@type\":\"PropertyValueSpecification\",\"valueRequired\":true,\"valueName\":\"search_term_string\"}}],\"inLanguage\":\"fr-FR\"},{\"@type\":\"Organization\",\"@id\":\"https:\/\/www.smekk.be\/fr\/#organization\",\"name\":\"Smekk\",\"url\":\"https:\/\/www.smekk.be\/fr\/\",\"logo\":{\"@type\":\"ImageObject\",\"inLanguage\":\"fr-FR\",\"@id\":\"https:\/\/www.smekk.be\/fr\/#\/schema\/logo\/image\/\",\"url\":\"https:\/\/www.smekk.be\/wp-content\/uploads\/2024\/04\/Smekk_Logo_RGB_Logo-Origineel-Groen.png\",\"contentUrl\":\"https:\/\/www.smekk.be\/wp-content\/uploads\/2024\/04\/Smekk_Logo_RGB_Logo-Origineel-Groen.png\",\"width\":1920,\"height\":332,\"caption\":\"Smekk\"},\"image\":{\"@id\":\"https:\/\/www.smekk.be\/fr\/#\/schema\/logo\/image\/\"},\"sameAs\":[\"https:\/\/www.instagram.com\/smekkbe\/\"]}]}<\/script>\n<!-- \/ Yoast SEO plugin. -->","yoast_head_json":{"title":"Chips au sel de mer - Superbon 135g chips artisanales | smekk","description":"D\u00e9couvrez les chips Superbon au sel de mer en sachet de 135g. Cuisson artisanale, saveur pure, v\u00e9g\u00e9talien et sans additifs inutiles.","robots":{"index":"index","follow":"follow","max-snippet":"max-snippet:-1","max-image-preview":"max-image-preview:large","max-video-preview":"max-video-preview:-1"},"canonical":"https:\/\/www.smekk.be\/fr\/produit\/chips-sel-135g\/","og_locale":"fr_FR","og_type":"article","og_title":"Chips au sel de mer - Superbon 135g chips artisanales | smekk","og_description":"D\u00e9couvrez les chips Superbon au sel de mer en sachet de 135g. Cuisson artisanale, saveur pure, v\u00e9g\u00e9talien et sans additifs inutiles.","og_url":"https:\/\/www.smekk.be\/fr\/produit\/chips-sel-135g\/","og_site_name":"smekk","article_modified_time":"2025-05-22T11:52:31+00:00","og_image":[{"width":2160,"height":2160,"url":"https:\/\/www.smekk.be\/wp-content\/uploads\/smekk-website-producten-31.jpg","type":"image\/jpeg"}],"twitter_card":"summary_large_image","twitter_misc":{"Dur\u00e9e de lecture estim\u00e9e":"2 minutes"},"schema":{"@context":"https:\/\/schema.org","@graph":[{"@type":"WebPage","@id":"https:\/\/www.smekk.be\/fr\/produit\/chips-sel-135g\/","url":"https:\/\/www.smekk.be\/fr\/produit\/chips-sel-135g\/","name":"Chips au sel de mer - Superbon 135g chips artisanales | smekk","isPartOf":{"@id":"https:\/\/www.smekk.be\/fr\/#website"},"primaryImageOfPage":{"@id":"https:\/\/www.smekk.be\/fr\/produit\/chips-sel-135g\/#primaryimage"},"image":{"@id":"https:\/\/www.smekk.be\/fr\/produit\/chips-sel-135g\/#primaryimage"},"thumbnailUrl":"https:\/\/www.smekk.be\/wp-content\/uploads\/smekk-website-producten-31.jpg","datePublished":"2024-10-02T13:15:15+00:00","dateModified":"2025-05-22T11:52:31+00:00","description":"D\u00e9couvrez les chips Superbon au sel de mer en sachet de 135g. Cuisson artisanale, saveur pure, v\u00e9g\u00e9talien et sans additifs inutiles.","breadcrumb":{"@id":"https:\/\/www.smekk.be\/fr\/produit\/chips-sel-135g\/#breadcrumb"},"inLanguage":"fr-FR","potentialAction":[{"@type":"ReadAction","target":["https:\/\/www.smekk.be\/fr\/produit\/chips-sel-135g\/"]}]},{"@type":"ImageObject","inLanguage":"fr-FR","@id":"https:\/\/www.smekk.be\/fr\/produit\/chips-sel-135g\/#primaryimage","url":"https:\/\/www.smekk.be\/wp-content\/uploads\/smekk-website-producten-31.jpg","contentUrl":"https:\/\/www.smekk.be\/wp-content\/uploads\/smekk-website-producten-31.jpg","width":2160,"height":2160,"caption":"Superbon chips met zeezout in zak van 135g \u2013 puur, krokant en ambachtelijk gebakken in Spanje."},{"@type":"BreadcrumbList","@id":"https:\/\/www.smekk.be\/fr\/produit\/chips-sel-135g\/#breadcrumb","itemListElement":[{"@type":"ListItem","position":1,"name":"Home","item":"https:\/\/www.smekk.be\/fr\/"},{"@type":"ListItem","position":2,"name":"Boutique","item":"https:\/\/www.smekk.be\/fr\/boutique\/"},{"@type":"ListItem","position":3,"name":"Chips \u2013 Sel (135g)"}]},{"@type":"WebSite","@id":"https:\/\/www.smekk.be\/fr\/#website","url":"https:\/\/www.smekk.be\/fr\/","name":"Smekk","description":"taste the story","publisher":{"@id":"https:\/\/www.smekk.be\/fr\/#organization"},"potentialAction":[{"@type":"SearchAction","target":{"@type":"EntryPoint","urlTemplate":"https:\/\/www.smekk.be\/fr\/?s={search_term_string}"},"query-input":{"@type":"PropertyValueSpecification","valueRequired":true,"valueName":"search_term_string"}}],"inLanguage":"fr-FR"},{"@type":"Organization","@id":"https:\/\/www.smekk.be\/fr\/#organization","name":"Smekk","url":"https:\/\/www.smekk.be\/fr\/","logo":{"@type":"ImageObject","inLanguage":"fr-FR","@id":"https:\/\/www.smekk.be\/fr\/#\/schema\/logo\/image\/","url":"https:\/\/www.smekk.be\/wp-content\/uploads\/2024\/04\/Smekk_Logo_RGB_Logo-Origineel-Groen.png","contentUrl":"https:\/\/www.smekk.be\/wp-content\/uploads\/2024\/04\/Smekk_Logo_RGB_Logo-Origineel-Groen.png","width":1920,"height":332,"caption":"Smekk"},"image":{"@id":"https:\/\/www.smekk.be\/fr\/#\/schema\/logo\/image\/"},"sameAs":["https:\/\/www.instagram.com\/smekkbe\/"]}]}},"jetpack_sharing_enabled":true,"_links":{"self":[{"href":"https:\/\/www.smekk.be\/fr\/wp-json\/wp\/v2\/product\/12712","targetHints":{"allow":["GET"]}}],"collection":[{"href":"https:\/\/www.smekk.be\/fr\/wp-json\/wp\/v2\/product"}],"about":[{"href":"https:\/\/www.smekk.be\/fr\/wp-json\/wp\/v2\/types\/product"}],"replies":[{"embeddable":true,"href":"https:\/\/www.smekk.be\/fr\/wp-json\/wp\/v2\/comments?post=12712"}],"wp:featuredmedia":[{"embeddable":true,"href":"https:\/\/www.smekk.be\/fr\/wp-json\/wp\/v2\/media\/13056"}],"wp:attachment":[{"href":"https:\/\/www.smekk.be\/fr\/wp-json\/wp\/v2\/media?parent=12712"}],"wp:term":[{"taxonomy":"product_brand","embeddable":true,"href":"https:\/\/www.smekk.be\/fr\/wp-json\/wp\/v2\/product_brand?post=12712"},{"taxonomy":"product_cat","embeddable":true,"href":"https:\/\/www.smekk.be\/fr\/wp-json\/wp\/v2\/product_cat?post=12712"},{"taxonomy":"product_tag","embeddable":true,"href":"https:\/\/www.smekk.be\/fr\/wp-json\/wp\/v2\/product_tag?post=12712"}],"curies":[{"name":"wp","href":"https:\/\/api.w.org\/{rel}","templated":true}]}}