{"id":12294,"date":"2025-05-06T07:26:17","date_gmt":"2025-05-06T07:26:17","guid":{"rendered":"https:\/\/www.smekk.be\/?post_type=product&#038;p=12294"},"modified":"2026-04-27T19:11:00","modified_gmt":"2026-04-27T19:11:00","slug":"crunchy-corn-sweet-chilli-100g","status":"publish","type":"product","link":"https:\/\/www.smekk.be\/fr\/produit\/crunchy-corn-sweet-chilli-100g\/","title":{"rendered":"Crunchy Corn &#8211; Sweet Chilli (100g)"},"content":{"rendered":"<h1 data-start=\"757\" data-end=\"829\">Crunchy Corn Sweet Chilli \u2013 L&rsquo;\u00e9quilibre parfait entre le sucr\u00e9 et le piquant.<\/h1>\n<p class=\"\" data-start=\"831\" data-end=\"1203\">Envie d&rsquo;une collation qui satisfait \u00e0 la fois votre envie de sucr\u00e9 et votre amour des \u00e9pices ? <strong data-start=\"921\" data-end=\"950\">Crunchy Corn Sweet Chilli<\/strong> est exactement ce qu&rsquo;il vous faut. Ces bouch\u00e9es croquantes \u00e0 <strong data-start=\"1009\" data-end=\"1029\">base de ma\u00efs <\/strong>r\u00f4ti combinent <strong data-start=\"1045\" data-end=\"1065\">un d\u00e9licieux <\/strong>croquant avec <strong data-start=\"1074\" data-end=\"1123\">un m\u00e9lange stimulant de chili, paprika et ail<\/strong>. Parfait pour ceux qui aiment les snacks avec du caract\u00e8re, tout en respectant un mode de vie sain et conscient.  <\/p>\n<h2 data-start=\"1210\" data-end=\"1250\">Ma\u00efs r\u00f4ti avec une touche \u00e9pic\u00e9e<\/h2>\n<p class=\"\" data-start=\"1252\" data-end=\"1527\"><span data-start=\"1265\" data-end=\"1289\">Le<\/span> <strong data-start=\"1265\" data-end=\"1289\">ma\u00efs grill\u00e9 donne<\/strong> \u00e0 ce snack un d\u00e9licieux croquant. <strong data-start=\"1346\" data-end=\"1402\">Le m\u00e9lange d&rsquo;\u00e9pices compos\u00e9 de piment, de cayenne, de paprika et d&rsquo;\u00e9pices mexicaines<\/strong> apporte une saveur unique et \u00e9quilibr\u00e9e. Vous appr\u00e9ciez d&rsquo;abord la touche l\u00e9g\u00e8rement sucr\u00e9e, puis le picotement l\u00e9g\u00e8rement \u00e9pic\u00e9. Une v\u00e9ritable explosion de saveurs dans un sachet.   <\/p>\n<h2 data-start=\"1252\" data-end=\"1527\">Pourquoi le chili doux au ma\u00efs croquant est un en-cas sain<\/h2>\n<p data-start=\"1534\" data-end=\"1575\"><strong>Le Crunchy Corn Sweet Chili <\/strong>est v\u00e9g\u00e9talien, riche en fibres et facilement digestible. Cela en fait une collation l\u00e9g\u00e8rement \u00e9pic\u00e9e, id\u00e9ale pour ceux qui recherchent un en-cas conscient et savoureux. Il est parfait pour les personnes qui appr\u00e9cient des saveurs uniques et \u00e9quilibr\u00e9es, tout en faisant attention \u00e0 leur mode de vie sain et responsable.  <\/p>\n<p class=\"\" data-start=\"1577\" data-end=\"1652\"><strong data-start=\"1577\" data-end=\"1606\">Crunchy Corn Sweet Chili<\/strong> n&rsquo;est pas seulement d\u00e9licieux, mais aussi un choix intelligent :<\/p>\n<ul data-start=\"1653\" data-end=\"1839\">\n<li class=\"\" data-start=\"1653\" data-end=\"1692\">\n<p class=\"\" data-start=\"1655\" data-end=\"1692\"><strong data-start=\"1658\" data-end=\"1692\">100% \u00e0 base de plantes et sans gluten<\/strong><\/p>\n<\/li>\n<li class=\"\" data-start=\"1693\" data-end=\"1717\">\n<p class=\"\" data-start=\"1695\" data-end=\"1717\"><strong data-start=\"1698\" data-end=\"1717\">Riche en fibres<\/strong><\/p>\n<\/li>\n<li class=\"\" data-start=\"1718\" data-end=\"1773\">\n<p class=\"\" data-start=\"1720\" data-end=\"1773\"><strong data-start=\"1723\" data-end=\"1773\">Un petit coup de piquant, sans \u00eatre trop fort.<\/strong><\/p>\n<\/li>\n<li class=\"\" data-start=\"1774\" data-end=\"1816\">\n<p class=\"\" data-start=\"1776\" data-end=\"1816\"><strong data-start=\"1779\" data-end=\"1816\">Seulement 134 kcal par portion (30g)<\/strong><\/p>\n<\/li>\n<li class=\"\" data-start=\"1817\" data-end=\"1839\">\n<p class=\"\" data-start=\"1819\" data-end=\"1839\"><strong data-start=\"1822\" data-end=\"1839\">Nutri-Score B<\/strong><\/p>\n<\/li>\n<\/ul>\n<p class=\"\" data-start=\"1841\" data-end=\"1921\">Que vous grignotiez consciemment ou que vous ayez simplement envie de quelque chose de savoureux, ce sachet ne vous d\u00e9cevra jamais.<\/p>\n<h2 data-start=\"1841\" data-end=\"1921\">Toujours et encore un bon moment de grignotage<\/h2>\n<p class=\"\" data-start=\"1954\" data-end=\"2225\">Ce snack convient \u00e0 tous les styles de vie et \u00e0 tous les moments. Des \u00e9tudiants aux parents occup\u00e9s en passant par les amateurs d&rsquo;\u00e9pices. Servez-le \u00e0 l&rsquo;ap\u00e9ritif, d\u00e9gustez-le lors de votre soir\u00e9e t\u00e9l\u00e9, emportez-le sur le pouce ou gardez-en un sachet dans le tiroir de votre bureau. <strong data-start=\"2140\" data-end=\"2159\">Le paquet de 100 g<\/strong> est parfait pour \u00eatre partag\u00e9 (ou d\u00e9gust\u00e9 seul).   <\/p>\n<h2 data-start=\"2232\" data-end=\"2281\">Pourquoi choisir Crunchy Corn Sweet Chilli ?<\/h2>\n<ul data-start=\"2283\" data-end=\"2511\">\n<li class=\"\" data-start=\"2283\" data-end=\"2329\">\n<p class=\"\" data-start=\"2285\" data-end=\"2329\"><strong>D\u00e9licieux croquant <\/strong>de ma\u00efs grill\u00e9, <strong>parfaitement assaisonn\u00e9 <\/strong>pour une saveur \u00e9pic\u00e9e accessible.<\/p>\n<\/li>\n<li data-start=\"2283\" data-end=\"2329\">Alternative saine et v\u00e9g\u00e9tale aux chips classiques ou aux noix cocktail. Accompagne parfaitement les ap\u00e9ritifs ou les en-cas. <\/li>\n<li data-start=\"2283\" data-end=\"2329\">D\u00e9licieusement <strong>v\u00e9g\u00e9talien et sans gluten :<\/strong> pas d&rsquo;excuses, tout le monde peut profiter de ce ma\u00efs d\u00e9licieusement croquant.<\/li>\n<li><strong>La <a href=\"https:\/\/www.smekk.be\/merken\/biteswelove\/\">marque n\u00e9erlandaise Bites We Love <\/a>:<\/strong> nos sympathiques voisins du nord ont cr\u00e9\u00e9 cette d\u00e9licieuse gourmandise consciente.<\/li>\n<\/ul>\n<p>Vous pr\u00e9f\u00e9rez une version \u00ab \u00e0 emporter \u00bb de ce d\u00e9licieux ma\u00efs croquant ? Explorez les sachets<strong> de ma\u00efs croquant au chili doux \u00e0 emporter <\/strong>et d\u00e9couvrez ce format pratique de 30 g par sachet. <\/p>\n<p>&nbsp;<\/p>\n<h2>Ingr\u00e9dients:<\/h2>\n<p>80,3% ma\u00efs, huile de tournesol, 3,5% m\u00e9lange d&rsquo;\u00e9pices (sucre, sel, extrait de levure, ar\u00f4me naturel, 0,3% poudre de chili, poudre d&rsquo;oignon, poudre d&rsquo;ail, poudre de poivre de cayenne, paprika en poudre, extrait d&rsquo;\u00e9pices (paprika, chili, capsicum), huile d&rsquo;ail, cumin, poudre d&rsquo;origan).<\/p>\n<h3>Allerg\u00e8nes<\/h3>\n<p>Peut contenir des noix, des arachides et du s\u00e9same.<\/p>\n<p>&nbsp;<\/p>\n<h2>D\u00e9couvrez d&rsquo;autres en-cas croquants :<\/h2>\n<ul>\n<li><strong>Crunchy Peas &#8211; Smoked Paprika : <\/strong>d\u00e9licieuses pois r\u00f4tis, assaisonn\u00e9s d&rsquo;une saveur de paprika l\u00e9g\u00e8rement fum\u00e9e.<\/li>\n<li><strong>Crunchy Peas &#8211; Mediterranean Spices<\/strong>: Ces pois croquants apportent une ambiance typiquement m\u00e9ridionale \u00e0 la maison.<\/li>\n<li><a href=\"https:\/\/www.smekk.be\/product\/crunchy-peas-sea%E2%80%A6lack-pepper-100g\/\"><strong>Crunchy Peas &#8211; Sea Salt &amp; Black Pepper<\/strong><\/a>: Une combinaison de saveurs classique dans un nouvel emballage moderne.<\/li>\n<\/ul>\n","protected":false},"excerpt":{"rendered":"<p class=\"\" data-start=\"2582\" data-end=\"2829\">Avec <strong data-start=\"2586\" data-end=\"2615\">Crunchy Corn Sweet Chilli<\/strong>, vous optez pour un snack original qui tient la route : <strong data-start=\"2673\" data-end=\"2714\">croustillant, savoureux et enti\u00e8rement v\u00e9g\u00e9talien<\/strong>. Laissez-vous surprendre par la combinaison du sucr\u00e9 et du piquant, et am\u00e9liorez votre moment de grignotage avec ces bouch\u00e9es de ma\u00efs croustillantes. <\/p>\n","protected":false},"featured_media":19210,"comment_status":"open","ping_status":"closed","template":"","meta":{"_acf_changed":false},"product_brand":[411],"product_cat":[318,349,447],"product_tag":[],"class_list":{"0":"post-12294","1":"product","2":"type-product","3":"status-publish","4":"has-post-thumbnail","6":"product_brand-biteswelove-fr","7":"product_cat-apero-fr-3","8":"product_cat-noten-snacks-fr","9":"product_cat-noix-2","11":"first","12":"instock","13":"taxable","14":"shipping-taxable","15":"purchasable","16":"product-type-simple"},"acf":{"ean_code":"8711299003673","alleen_voor_retailers":false,"alleen_voor_particulieren":true,"terug_op_voorraad_vanaf":null,"bulk_discount_threshold":"","horeca_pack":false,"cera_discount_percentage":""},"yoast_head":"<!-- This site is optimized with the Yoast SEO plugin v27.0 - https:\/\/yoast.com\/product\/yoast-seo-wordpress\/ -->\n<title>Crunchy Corn - Sweet Chilli (100g) - smekk<\/title>\n<meta name=\"description\" content=\"Crunchy Corn Sweet Chilli (100g) : snack v\u00e9g\u00e9talien \u00e0 base de ma\u00efs avec une touche sucr\u00e9e et \u00e9pic\u00e9e. Croquant, riche en fibres et seulement 134 kcal par portion !\" \/>\n<meta name=\"robots\" content=\"index, follow, max-snippet:-1, max-image-preview:large, max-video-preview:-1\" \/>\n<link rel=\"canonical\" href=\"https:\/\/www.smekk.be\/fr\/produit\/crunchy-corn-sweet-chilli-100g\/\" \/>\n<meta property=\"og:locale\" content=\"fr_FR\" \/>\n<meta property=\"og:type\" content=\"article\" \/>\n<meta property=\"og:title\" content=\"Crunchy Corn - Sweet Chilli (100g) - smekk\" \/>\n<meta property=\"og:description\" content=\"Crunchy Corn Sweet Chilli (100g) : snack v\u00e9g\u00e9talien \u00e0 base de ma\u00efs avec une touche sucr\u00e9e et \u00e9pic\u00e9e. Croquant, riche en fibres et seulement 134 kcal par portion !\" \/>\n<meta property=\"og:url\" content=\"https:\/\/www.smekk.be\/fr\/produit\/crunchy-corn-sweet-chilli-100g\/\" \/>\n<meta property=\"og:site_name\" content=\"smekk\" \/>\n<meta property=\"article:modified_time\" content=\"2026-04-27T19:11:00+00:00\" \/>\n<meta property=\"og:image\" content=\"https:\/\/www.smekk.be\/wp-content\/uploads\/Crunchy-Corn-Sweet-Chili-100g.jpg\" \/>\n\t<meta property=\"og:image:width\" content=\"1080\" \/>\n\t<meta property=\"og:image:height\" content=\"1080\" \/>\n\t<meta property=\"og:image:type\" content=\"image\/jpeg\" \/>\n<meta name=\"twitter:card\" content=\"summary_large_image\" \/>\n<meta name=\"twitter:label1\" content=\"Dur\u00e9e de lecture estim\u00e9e\" \/>\n\t<meta name=\"twitter:data1\" content=\"3 minutes\" \/>\n<script type=\"application\/ld+json\" class=\"yoast-schema-graph\">{\"@context\":\"https:\/\/schema.org\",\"@graph\":[{\"@type\":\"WebPage\",\"@id\":\"https:\/\/www.smekk.be\/fr\/produit\/crunchy-corn-sweet-chilli-100g\/\",\"url\":\"https:\/\/www.smekk.be\/fr\/produit\/crunchy-corn-sweet-chilli-100g\/\",\"name\":\"Crunchy Corn - Sweet Chilli (100g) - smekk\",\"isPartOf\":{\"@id\":\"https:\/\/www.smekk.be\/fr\/#website\"},\"primaryImageOfPage\":{\"@id\":\"https:\/\/www.smekk.be\/fr\/produit\/crunchy-corn-sweet-chilli-100g\/#primaryimage\"},\"image\":{\"@id\":\"https:\/\/www.smekk.be\/fr\/produit\/crunchy-corn-sweet-chilli-100g\/#primaryimage\"},\"thumbnailUrl\":\"https:\/\/www.smekk.be\/wp-content\/uploads\/Crunchy-Corn-Sweet-chili-100g-kopie.jpg\",\"datePublished\":\"2025-05-06T07:26:17+00:00\",\"dateModified\":\"2026-04-27T19:11:00+00:00\",\"description\":\"Crunchy Corn Sweet Chilli (100g) : snack v\u00e9g\u00e9talien \u00e0 base de ma\u00efs avec une touche sucr\u00e9e et \u00e9pic\u00e9e. Croquant, riche en fibres et seulement 134 kcal par portion !\",\"breadcrumb\":{\"@id\":\"https:\/\/www.smekk.be\/fr\/produit\/crunchy-corn-sweet-chilli-100g\/#breadcrumb\"},\"inLanguage\":\"fr-FR\",\"potentialAction\":[{\"@type\":\"ReadAction\",\"target\":[\"https:\/\/www.smekk.be\/fr\/produit\/crunchy-corn-sweet-chilli-100g\/\"]}]},{\"@type\":\"ImageObject\",\"inLanguage\":\"fr-FR\",\"@id\":\"https:\/\/www.smekk.be\/fr\/produit\/crunchy-corn-sweet-chilli-100g\/#primaryimage\",\"url\":\"https:\/\/www.smekk.be\/wp-content\/uploads\/Crunchy-Corn-Sweet-chili-100g-kopie.jpg\",\"contentUrl\":\"https:\/\/www.smekk.be\/wp-content\/uploads\/Crunchy-Corn-Sweet-chili-100g-kopie.jpg\",\"width\":1080,\"height\":1080,\"caption\":\"Ontdek het perfecte gezonde tussendoortje waar een subtiele kick in zit door de zoete chili kruiden.\"},{\"@type\":\"BreadcrumbList\",\"@id\":\"https:\/\/www.smekk.be\/fr\/produit\/crunchy-corn-sweet-chilli-100g\/#breadcrumb\",\"itemListElement\":[{\"@type\":\"ListItem\",\"position\":1,\"name\":\"Home\",\"item\":\"https:\/\/www.smekk.be\/fr\/\"},{\"@type\":\"ListItem\",\"position\":2,\"name\":\"Boutique\",\"item\":\"https:\/\/www.smekk.be\/fr\/boutique\/\"},{\"@type\":\"ListItem\",\"position\":3,\"name\":\"Crunchy Corn &#8211; Sweet Chilli (100g)\"}]},{\"@type\":\"WebSite\",\"@id\":\"https:\/\/www.smekk.be\/fr\/#website\",\"url\":\"https:\/\/www.smekk.be\/fr\/\",\"name\":\"Smekk\",\"description\":\"taste the story\",\"publisher\":{\"@id\":\"https:\/\/www.smekk.be\/fr\/#organization\"},\"potentialAction\":[{\"@type\":\"SearchAction\",\"target\":{\"@type\":\"EntryPoint\",\"urlTemplate\":\"https:\/\/www.smekk.be\/fr\/?s={search_term_string}\"},\"query-input\":{\"@type\":\"PropertyValueSpecification\",\"valueRequired\":true,\"valueName\":\"search_term_string\"}}],\"inLanguage\":\"fr-FR\"},{\"@type\":\"Organization\",\"@id\":\"https:\/\/www.smekk.be\/fr\/#organization\",\"name\":\"Smekk\",\"url\":\"https:\/\/www.smekk.be\/fr\/\",\"logo\":{\"@type\":\"ImageObject\",\"inLanguage\":\"fr-FR\",\"@id\":\"https:\/\/www.smekk.be\/fr\/#\/schema\/logo\/image\/\",\"url\":\"https:\/\/www.smekk.be\/wp-content\/uploads\/2024\/04\/Smekk_Logo_RGB_Logo-Origineel-Groen.png\",\"contentUrl\":\"https:\/\/www.smekk.be\/wp-content\/uploads\/2024\/04\/Smekk_Logo_RGB_Logo-Origineel-Groen.png\",\"width\":1920,\"height\":332,\"caption\":\"Smekk\"},\"image\":{\"@id\":\"https:\/\/www.smekk.be\/fr\/#\/schema\/logo\/image\/\"},\"sameAs\":[\"https:\/\/www.instagram.com\/smekkbe\/\"]}]}<\/script>\n<!-- \/ Yoast SEO plugin. -->","yoast_head_json":{"title":"Crunchy Corn - Sweet Chilli (100g) - smekk","description":"Crunchy Corn Sweet Chilli (100g) : snack v\u00e9g\u00e9talien \u00e0 base de ma\u00efs avec une touche sucr\u00e9e et \u00e9pic\u00e9e. Croquant, riche en fibres et seulement 134 kcal par portion !","robots":{"index":"index","follow":"follow","max-snippet":"max-snippet:-1","max-image-preview":"max-image-preview:large","max-video-preview":"max-video-preview:-1"},"canonical":"https:\/\/www.smekk.be\/fr\/produit\/crunchy-corn-sweet-chilli-100g\/","og_locale":"fr_FR","og_type":"article","og_title":"Crunchy Corn - Sweet Chilli (100g) - smekk","og_description":"Crunchy Corn Sweet Chilli (100g) : snack v\u00e9g\u00e9talien \u00e0 base de ma\u00efs avec une touche sucr\u00e9e et \u00e9pic\u00e9e. Croquant, riche en fibres et seulement 134 kcal par portion !","og_url":"https:\/\/www.smekk.be\/fr\/produit\/crunchy-corn-sweet-chilli-100g\/","og_site_name":"smekk","article_modified_time":"2026-04-27T19:11:00+00:00","og_image":[{"width":1080,"height":1080,"url":"https:\/\/www.smekk.be\/wp-content\/uploads\/Crunchy-Corn-Sweet-Chili-100g.jpg","type":"image\/jpeg"}],"twitter_card":"summary_large_image","twitter_misc":{"Dur\u00e9e de lecture estim\u00e9e":"3 minutes"},"schema":{"@context":"https:\/\/schema.org","@graph":[{"@type":"WebPage","@id":"https:\/\/www.smekk.be\/fr\/produit\/crunchy-corn-sweet-chilli-100g\/","url":"https:\/\/www.smekk.be\/fr\/produit\/crunchy-corn-sweet-chilli-100g\/","name":"Crunchy Corn - Sweet Chilli (100g) - smekk","isPartOf":{"@id":"https:\/\/www.smekk.be\/fr\/#website"},"primaryImageOfPage":{"@id":"https:\/\/www.smekk.be\/fr\/produit\/crunchy-corn-sweet-chilli-100g\/#primaryimage"},"image":{"@id":"https:\/\/www.smekk.be\/fr\/produit\/crunchy-corn-sweet-chilli-100g\/#primaryimage"},"thumbnailUrl":"https:\/\/www.smekk.be\/wp-content\/uploads\/Crunchy-Corn-Sweet-chili-100g-kopie.jpg","datePublished":"2025-05-06T07:26:17+00:00","dateModified":"2026-04-27T19:11:00+00:00","description":"Crunchy Corn Sweet Chilli (100g) : snack v\u00e9g\u00e9talien \u00e0 base de ma\u00efs avec une touche sucr\u00e9e et \u00e9pic\u00e9e. Croquant, riche en fibres et seulement 134 kcal par portion !","breadcrumb":{"@id":"https:\/\/www.smekk.be\/fr\/produit\/crunchy-corn-sweet-chilli-100g\/#breadcrumb"},"inLanguage":"fr-FR","potentialAction":[{"@type":"ReadAction","target":["https:\/\/www.smekk.be\/fr\/produit\/crunchy-corn-sweet-chilli-100g\/"]}]},{"@type":"ImageObject","inLanguage":"fr-FR","@id":"https:\/\/www.smekk.be\/fr\/produit\/crunchy-corn-sweet-chilli-100g\/#primaryimage","url":"https:\/\/www.smekk.be\/wp-content\/uploads\/Crunchy-Corn-Sweet-chili-100g-kopie.jpg","contentUrl":"https:\/\/www.smekk.be\/wp-content\/uploads\/Crunchy-Corn-Sweet-chili-100g-kopie.jpg","width":1080,"height":1080,"caption":"Ontdek het perfecte gezonde tussendoortje waar een subtiele kick in zit door de zoete chili kruiden."},{"@type":"BreadcrumbList","@id":"https:\/\/www.smekk.be\/fr\/produit\/crunchy-corn-sweet-chilli-100g\/#breadcrumb","itemListElement":[{"@type":"ListItem","position":1,"name":"Home","item":"https:\/\/www.smekk.be\/fr\/"},{"@type":"ListItem","position":2,"name":"Boutique","item":"https:\/\/www.smekk.be\/fr\/boutique\/"},{"@type":"ListItem","position":3,"name":"Crunchy Corn &#8211; Sweet Chilli (100g)"}]},{"@type":"WebSite","@id":"https:\/\/www.smekk.be\/fr\/#website","url":"https:\/\/www.smekk.be\/fr\/","name":"Smekk","description":"taste the story","publisher":{"@id":"https:\/\/www.smekk.be\/fr\/#organization"},"potentialAction":[{"@type":"SearchAction","target":{"@type":"EntryPoint","urlTemplate":"https:\/\/www.smekk.be\/fr\/?s={search_term_string}"},"query-input":{"@type":"PropertyValueSpecification","valueRequired":true,"valueName":"search_term_string"}}],"inLanguage":"fr-FR"},{"@type":"Organization","@id":"https:\/\/www.smekk.be\/fr\/#organization","name":"Smekk","url":"https:\/\/www.smekk.be\/fr\/","logo":{"@type":"ImageObject","inLanguage":"fr-FR","@id":"https:\/\/www.smekk.be\/fr\/#\/schema\/logo\/image\/","url":"https:\/\/www.smekk.be\/wp-content\/uploads\/2024\/04\/Smekk_Logo_RGB_Logo-Origineel-Groen.png","contentUrl":"https:\/\/www.smekk.be\/wp-content\/uploads\/2024\/04\/Smekk_Logo_RGB_Logo-Origineel-Groen.png","width":1920,"height":332,"caption":"Smekk"},"image":{"@id":"https:\/\/www.smekk.be\/fr\/#\/schema\/logo\/image\/"},"sameAs":["https:\/\/www.instagram.com\/smekkbe\/"]}]}},"jetpack_sharing_enabled":true,"_links":{"self":[{"href":"https:\/\/www.smekk.be\/fr\/wp-json\/wp\/v2\/product\/12294","targetHints":{"allow":["GET"]}}],"collection":[{"href":"https:\/\/www.smekk.be\/fr\/wp-json\/wp\/v2\/product"}],"about":[{"href":"https:\/\/www.smekk.be\/fr\/wp-json\/wp\/v2\/types\/product"}],"replies":[{"embeddable":true,"href":"https:\/\/www.smekk.be\/fr\/wp-json\/wp\/v2\/comments?post=12294"}],"wp:featuredmedia":[{"embeddable":true,"href":"https:\/\/www.smekk.be\/fr\/wp-json\/wp\/v2\/media\/19210"}],"wp:attachment":[{"href":"https:\/\/www.smekk.be\/fr\/wp-json\/wp\/v2\/media?parent=12294"}],"wp:term":[{"taxonomy":"product_brand","embeddable":true,"href":"https:\/\/www.smekk.be\/fr\/wp-json\/wp\/v2\/product_brand?post=12294"},{"taxonomy":"product_cat","embeddable":true,"href":"https:\/\/www.smekk.be\/fr\/wp-json\/wp\/v2\/product_cat?post=12294"},{"taxonomy":"product_tag","embeddable":true,"href":"https:\/\/www.smekk.be\/fr\/wp-json\/wp\/v2\/product_tag?post=12294"}],"curies":[{"name":"wp","href":"https:\/\/api.w.org\/{rel}","templated":true}]}}